{"id":11610,"date":"2020-04-17T17:13:39","date_gmt":"2020-04-17T20:13:39","guid":{"rendered":"https:\/\/gamemaster.net.br\/?product=muk"},"modified":"2023-04-18T10:07:35","modified_gmt":"2023-04-18T13:07:35","slug":"muk","status":"publish","type":"product","link":"https:\/\/gamemaster.net.br\/?product=muk","title":{"rendered":"Muk"},"content":{"rendered":"<h2>DESCRI\u00c7\u00c3O<\/h2>\n<p><img decoding=\"async\" class=\"_1ift _2560 img\" src=\"https:\/\/static.xx.fbcdn.net\/images\/emoji.php\/v9\/t54\/1.5\/16\/1f5e3.png\" alt=\"\ud83d\udde3\" \/>Caracter\u00edsticas:<br \/>\n<img decoding=\"async\" class=\"_1ift _2560 img\" src=\"https:\/\/static.xx.fbcdn.net\/images\/emoji.php\/v9\/t37\/1.5\/16\/1f95b.png\" alt=\"\ud83e\udd5b\" \/>\u00a0Capacidade aprox.: 325 ml.<br \/>\n<img decoding=\"async\" class=\"_1ift _2560 img\" src=\"https:\/\/static.xx.fbcdn.net\/images\/emoji.php\/v9\/tf1\/1.5\/16\/1f4d0.png\" alt=\"\ud83d\udcd0\" \/>\u00a0Di\u00e2metro: 8,5 cm.<br \/>\n<img decoding=\"async\" class=\"_1ift _2560 img\" src=\"https:\/\/static.xx.fbcdn.net\/images\/emoji.php\/v9\/t88\/1.5\/16\/1f4cf.png\" alt=\"\ud83d\udccf\" \/>\u00a0Altura 9,5 cm.<br \/>\n<img decoding=\"async\" class=\"_1ift _2560 img\" src=\"https:\/\/static.xx.fbcdn.net\/images\/emoji.php\/v9\/t88\/1.5\/16\/1f4cf.png\" alt=\"\ud83d\udccf\" \/>\u00a0Largura (contando com a al\u00e7a) 12cm.<br \/>\n<img decoding=\"async\" class=\"_1ift _2560 img\" src=\"https:\/\/static.xx.fbcdn.net\/images\/emoji.php\/v9\/t18\/1.5\/16\/2615.png\" alt=\"\u2615\" \/>\u00a0Porcelana branca com qualidade AAA+ e impress\u00e3o em alta resolu\u00e7\u00e3o.<br \/>\n<img decoding=\"async\" class=\"_1ift _2560 img\" src=\"https:\/\/static.xx.fbcdn.net\/images\/emoji.php\/v9\/t23\/1.5\/16\/1f321.png\" alt=\"\ud83c\udf21\" \/>\u00a0Resistente a micro-ondas, n\u00e3o trinca e nem desbota.<\/p>\n<p><img decoding=\"async\" class=\"_1ift _2560 img\" src=\"https:\/\/static.xx.fbcdn.net\/images\/emoji.php\/v9\/t63\/1.5\/16\/26a0.png\" alt=\"\u26a0\" \/>ATEN\u00c7\u00c3O<img decoding=\"async\" class=\"_1ift _2560 img\" src=\"https:\/\/static.xx.fbcdn.net\/images\/emoji.php\/v9\/t63\/1.5\/16\/26a0.png\" alt=\"\u26a0\" \/><br \/>\n<img decoding=\"async\" class=\"_1ift _2560 img\" src=\"https:\/\/static.xx.fbcdn.net\/images\/emoji.php\/v9\/t1d\/1.5\/16\/1f6a7.png\" alt=\"\ud83d\udea7\" \/>Cuidados com o Produto.<img decoding=\"async\" class=\"_1ift _2560 img\" src=\"https:\/\/static.xx.fbcdn.net\/images\/emoji.php\/v9\/t1d\/1.5\/16\/1f6a7.png\" alt=\"\ud83d\udea7\" \/><\/p>\n<p><img decoding=\"async\" class=\"_1ift _2560 img\" src=\"https:\/\/static.xx.fbcdn.net\/images\/emoji.php\/v9\/td3\/1.5\/16\/25aa.png\" alt=\"\u25aa\" \/><strong>\u00a0A caneca possui uma parte sem estampa pr\u00f3ximo a al\u00e7a da caneca, pois n\u00e3o \u00e9 poss\u00edvel estampar nessa \u00e1rea<\/strong>.<br \/>\n<img decoding=\"async\" class=\"_1ift _2560 img\" src=\"https:\/\/static.xx.fbcdn.net\/images\/emoji.php\/v9\/td3\/1.5\/16\/25aa.png\" alt=\"\u25aa\" \/>\u00a0A tonalidade das cores podem variar entre monitores e telas de celular.<br \/>\n<img decoding=\"async\" class=\"_1ift _2560 img\" src=\"https:\/\/static.xx.fbcdn.net\/images\/emoji.php\/v9\/td3\/1.5\/16\/25aa.png\" alt=\"\u25aa\" \/>\u00a0Lavar com \u00e1gua, sab\u00e3o neutro e uma esponja macia.<br \/>\n<img decoding=\"async\" class=\"_1ift _2560 img\" src=\"https:\/\/static.xx.fbcdn.net\/images\/emoji.php\/v9\/td3\/1.5\/16\/25aa.png\" alt=\"\u25aa\" \/>\u00a0N\u00e3o utilize produtos abrasivos na limpeza.<br \/>\n<img decoding=\"async\" class=\"_1ift _2560 img\" src=\"https:\/\/static.xx.fbcdn.net\/images\/emoji.php\/v9\/td3\/1.5\/16\/25aa.png\" alt=\"\u25aa\" \/>\u00a0Impactos podem danificar o produto.<br \/>\n<img decoding=\"async\" class=\"_1ift _2560 img\" src=\"https:\/\/static.xx.fbcdn.net\/images\/emoji.php\/v9\/td3\/1.5\/16\/25aa.png\" alt=\"\u25aa\" \/>\u00a0Pode ser levada ao micro-ondas e \u00e0 lava-lou\u00e7as.<\/p>\n","protected":false},"excerpt":{"rendered":"<p>DESCRI\u00c7\u00c3O Caracter\u00edsticas: \u00a0Capacidade aprox.: 325 ml. \u00a0Di\u00e2metro: 8,5 cm. \u00a0Altura 9,5 cm. \u00a0Largura (contando com a al\u00e7a) 12cm. \u00a0Porcelana branca com qualidade AAA+ e impress\u00e3o em alta resolu\u00e7\u00e3o. \u00a0Resistente a micro-ondas, n\u00e3o trinca e nem desbota. ATEN\u00c7\u00c3O Cuidados com o Produto. \u00a0A caneca possui uma parte sem estampa pr\u00f3ximo a al\u00e7a da caneca, pois n\u00e3o [&hellip;]<\/p>\n","protected":false},"featured_media":11101,"comment_status":"closed","ping_status":"open","template":"","meta":{"om_disable_all_campaigns":false,"_monsterinsights_skip_tracking":false,"_monsterinsights_sitenote_active":false,"_monsterinsights_sitenote_note":"","_monsterinsights_sitenote_category":0},"product_brand":[],"product_cat":[15],"product_tag":[],"class_list":{"0":"post-11610","1":"product","2":"type-product","3":"status-publish","4":"has-post-thumbnail","6":"product_cat-sem-categoria","8":"first","9":"outofstock","10":"purchasable","11":"product-type-simple"},"aioseo_notices":[],"_links":{"self":[{"href":"https:\/\/gamemaster.net.br\/index.php?rest_route=\/wp\/v2\/product\/11610","targetHints":{"allow":["GET"]}}],"collection":[{"href":"https:\/\/gamemaster.net.br\/index.php?rest_route=\/wp\/v2\/product"}],"about":[{"href":"https:\/\/gamemaster.net.br\/index.php?rest_route=\/wp\/v2\/types\/product"}],"replies":[{"embeddable":true,"href":"https:\/\/gamemaster.net.br\/index.php?rest_route=%2Fwp%2Fv2%2Fcomments&post=11610"}],"wp:featuredmedia":[{"embeddable":true,"href":"https:\/\/gamemaster.net.br\/index.php?rest_route=\/wp\/v2\/media\/11101"}],"wp:attachment":[{"href":"https:\/\/gamemaster.net.br\/index.php?rest_route=%2Fwp%2Fv2%2Fmedia&parent=11610"}],"wp:term":[{"taxonomy":"product_brand","embeddable":true,"href":"https:\/\/gamemaster.net.br\/index.php?rest_route=%2Fwp%2Fv2%2Fproduct_brand&post=11610"},{"taxonomy":"product_cat","embeddable":true,"href":"https:\/\/gamemaster.net.br\/index.php?rest_route=%2Fwp%2Fv2%2Fproduct_cat&post=11610"},{"taxonomy":"product_tag","embeddable":true,"href":"https:\/\/gamemaster.net.br\/index.php?rest_route=%2Fwp%2Fv2%2Fproduct_tag&post=11610"}],"curies":[{"name":"wp","href":"https:\/\/api.w.org\/{rel}","templated":true}]}}