{"id":12033,"date":"2022-02-03T10:53:00","date_gmt":"2022-02-03T13:53:00","guid":{"rendered":"https:\/\/gamemaster.net.br\/?post_type=product&#038;p=12033"},"modified":"2026-01-11T15:12:16","modified_gmt":"2026-01-11T18:12:16","slug":"colt-super-express","status":"publish","type":"product","link":"https:\/\/gamemaster.net.br\/?product=colt-super-express","title":{"rendered":"Colt Super Express"},"content":{"rendered":"<p>Os jogadores competem para ser o \u00faltimo em p\u00e9 porque s\u00f3 pode haver um quando o trem parar. A cada rodada, os jogadores colocar\u00e3o uma de suas cinco cartas de a\u00e7\u00e3o voltadas para baixo em uma pilha para determinar o que far\u00e3o quando forem reveladas, incluindo movimento, tiro e muito mais. No final da rodada, o \u00faltimo vag\u00e3o do trem \u00e9 removido&#8230; e todos dentro dele tamb\u00e9m! Se mais de um jogador estiver vivo no vag\u00e3o final, o trem inteiro explode, levando-os com ele!<\/p>\n<p><span style=\"color: #3366ff;\"><a style=\"color: #3366ff;\" href=\"https:\/\/ludopedia-anexos.nyc3.digitaloceanspaces.com\/colt_super_express_manual_oficial_meeplebr_181989.pdf\" target=\"_blank\" rel=\"noopener noreferrer\">Baixe sua regra aqui!<\/a><\/span><\/p>\n<p><iframe loading=\"lazy\" title=\"YouTube video player\" src=\"https:\/\/www.youtube.com\/embed\/ZUPOnrynxMI\" width=\"560\" height=\"315\" frameborder=\"0\" allowfullscreen=\"allowfullscreen\"><\/iframe><\/p>\n<h4>Componentes:<\/h4>\n<ul>\n<li>7 meeples<\/li>\n<li>52 cartas (sendo 8 vag\u00f5es, 1 locomotiva, 1 carta de Primeiro Jogador e 6 Cartas de A\u00e7\u00e3o por jogador)<\/li>\n<\/ul>\n","protected":false},"excerpt":{"rendered":"<ul>\n<li><strong>Idade:<\/strong> 7+<\/li>\n<li><strong>Jogadores:<\/strong> 3-7<\/li>\n<li><strong>Tempo de jogo:<\/strong>\u00a0 20 min<\/li>\n<li><strong>Designer<\/strong>: Christophe Raimbault, C\u00e9dric Lefebvre<\/li>\n<li><strong>Artista:<\/strong> Jordi Valbuena<\/li>\n<li><strong>Dom\u00ednios:<\/strong> Jogos Familiares, Jogo de Cartas, Jogo de Entrada, Jogo Festivo<\/li>\n<li><strong>Mec\u00e2nicas:<\/strong> A\u00e7\u00e3o \/ Movimento Programado, Elimina\u00e7\u00e3o de Jogadores<\/li>\n<\/ul>\n","protected":false},"featured_media":12034,"comment_status":"open","ping_status":"closed","template":"","meta":{"om_disable_all_campaigns":false,"_monsterinsights_skip_tracking":false,"_monsterinsights_sitenote_active":false,"_monsterinsights_sitenote_note":"","_monsterinsights_sitenote_category":0},"product_brand":[],"product_cat":[119],"product_tag":[205,265,264,147,149,222,150,128,239,238],"class_list":{"0":"post-12033","1":"product","2":"type-product","3":"status-publish","4":"has-post-thumbnail","6":"product_cat-board-games","7":"product_tag-acao-movimento-programado","8":"product_tag-cedric-lefebvre","9":"product_tag-christophe-raimbault","10":"product_tag-eliminacao-de-jogadores","11":"product_tag-jogo-de-cartas","12":"product_tag-jogo-de-entrada","13":"product_tag-jogo-festivo","14":"product_tag-jogos-familiares","15":"product_tag-meeple-br-jogos","16":"product_tag-meeplebr","18":"first","19":"outofstock","20":"shipping-taxable","21":"purchasable","22":"product-type-simple"},"aioseo_notices":[],"_links":{"self":[{"href":"https:\/\/gamemaster.net.br\/index.php?rest_route=\/wp\/v2\/product\/12033","targetHints":{"allow":["GET"]}}],"collection":[{"href":"https:\/\/gamemaster.net.br\/index.php?rest_route=\/wp\/v2\/product"}],"about":[{"href":"https:\/\/gamemaster.net.br\/index.php?rest_route=\/wp\/v2\/types\/product"}],"replies":[{"embeddable":true,"href":"https:\/\/gamemaster.net.br\/index.php?rest_route=%2Fwp%2Fv2%2Fcomments&post=12033"}],"wp:featuredmedia":[{"embeddable":true,"href":"https:\/\/gamemaster.net.br\/index.php?rest_route=\/wp\/v2\/media\/12034"}],"wp:attachment":[{"href":"https:\/\/gamemaster.net.br\/index.php?rest_route=%2Fwp%2Fv2%2Fmedia&parent=12033"}],"wp:term":[{"taxonomy":"product_brand","embeddable":true,"href":"https:\/\/gamemaster.net.br\/index.php?rest_route=%2Fwp%2Fv2%2Fproduct_brand&post=12033"},{"taxonomy":"product_cat","embeddable":true,"href":"https:\/\/gamemaster.net.br\/index.php?rest_route=%2Fwp%2Fv2%2Fproduct_cat&post=12033"},{"taxonomy":"product_tag","embeddable":true,"href":"https:\/\/gamemaster.net.br\/index.php?rest_route=%2Fwp%2Fv2%2Fproduct_tag&post=12033"}],"curies":[{"name":"wp","href":"https:\/\/api.w.org\/{rel}","templated":true}]}}