{"id":12106,"date":"2022-07-15T15:40:31","date_gmt":"2022-07-15T18:40:31","guid":{"rendered":"https:\/\/gamemaster.net.br\/?post_type=product&#038;p=12106"},"modified":"2025-02-04T09:55:42","modified_gmt":"2025-02-04T12:55:42","slug":"draftosaurus","status":"publish","type":"product","link":"https:\/\/gamemaster.net.br\/?product=draftosaurus","title":{"rendered":"Draftosaurus"},"content":{"rendered":"<p>Seu objetivo em Draftosaurus \u00e9 ter o parque Dino com maior probabilidade de atrair visitantes. Para fazer isso, voc\u00ea deve comprar dino meeples e coloc\u00e1-los em lugares que tenham algumas restri\u00e7\u00f5es de posicionamento. Cada turno, um dos jogadores lan\u00e7a um dado e isso adiciona uma restri\u00e7\u00e3o a qual espa\u00e7o qualquer outro jogador pode adicionar seu dinossauro.<\/p>\n<p>Draftosaurus \u00e9 um jogo de sele\u00e7\u00e3o r\u00e1pido e leve, no qual voc\u00ea n\u00e3o tem uma m\u00e3o de cartas que voc\u00ea passa ao redor (depois de selecionar uma), mas um monte de dino meeples na palma da sua m\u00e3o.<\/p>\n<p><span style=\"color: #3366ff;\"><a style=\"color: #3366ff;\" href=\"https:\/\/ludopedia-anexos.nyc3.digitaloceanspaces.com\/draftosaurus_manual_draftosaurus_pt_br_153127.pdf\" target=\"_blank\" rel=\"noopener noreferrer\">Baixe sua regra aqui!<\/a><\/span><\/p>\n<p><iframe loading=\"lazy\" title=\"YouTube video player\" src=\"https:\/\/www.youtube.com\/embed\/y2ns_10lPC8\" width=\"560\" height=\"315\" frameborder=\"0\" allowfullscreen=\"allowfullscreen\"><\/iframe><\/p>\n<p><iframe loading=\"lazy\" title=\"YouTube video player\" src=\"https:\/\/www.youtube.com\/embed\/eSaqTJFJ2EQ\" width=\"560\" height=\"315\" frameborder=\"0\" allowfullscreen=\"allowfullscreen\"><\/iframe><\/p>\n<h4>Componentes:<\/h4>\n<ul>\n<li>60 meeples dinossauro (10 de cada tipo)<\/li>\n<li>5 tabuleiros (dupla face)<\/li>\n<li>1 dado<\/li>\n<li>1 saco<\/li>\n<li>1 manual de regras<\/li>\n<\/ul>\n","protected":false},"excerpt":{"rendered":"<ul>\n<li><strong>Idade:<\/strong> 8+<\/li>\n<li><strong>Jogadores:<\/strong> 2-5<\/li>\n<li><strong>Tempo de jogo:<\/strong>\u00a040 min<\/li>\n<li><strong>Depend\u00eancia de Idioma:<\/strong>\u00a0 Pouco texto<\/li>\n<li><strong>Designer<\/strong>: Antoine Bauza, Corentin Lebrat<\/li>\n<li><strong>Artista:<\/strong> Jiahui Eva Gao, Vipin Alex Jacob<\/li>\n<li><strong>Dom\u00ednios:<\/strong> Jogos Fam\u00edlia, Jogo de Entrada<\/li>\n<li><strong>Mec\u00e2nicas:<\/strong> A\u00e7\u00e3o Simult\u00e2nea, Colecionar Componentes, Rolagem de Dados, Aloca\u00e7\u00e3o de Trabalhadores, Coloca\u00e7\u00e3o de Pe\u00e7as, Controle\/Influ\u00eancia de \u00c1rea, Gest\u00e3o de M\u00e3o<\/li>\n<\/ul>\n","protected":false},"featured_media":12108,"comment_status":"open","ping_status":"closed","template":"","meta":{"om_disable_all_campaigns":false,"_monsterinsights_skip_tracking":false,"_monsterinsights_sitenote_active":false,"_monsterinsights_sitenote_note":"","_monsterinsights_sitenote_category":0},"product_brand":[],"product_cat":[119],"product_tag":[152,134,284,129,156,135,285,130,222,198,239,238,133],"class_list":{"0":"post-12106","1":"product","2":"type-product","3":"status-publish","4":"has-post-thumbnail","6":"product_cat-board-games","7":"product_tag-acao-simultanea","8":"product_tag-alocacao-de-trabalhadores","9":"product_tag-antoine-bauza","10":"product_tag-colecionar-componentes","11":"product_tag-colocacao-de-pecas","12":"product_tag-controle-influencia-de-area","13":"product_tag-corentin-lebrat","14":"product_tag-gestao-de-mao","15":"product_tag-jogo-de-entrada","16":"product_tag-jogo-familiar","17":"product_tag-meeple-br-jogos","18":"product_tag-meeplebr","19":"product_tag-rolagem-de-dados","21":"first","22":"instock","23":"shipping-taxable","24":"purchasable","25":"product-type-simple"},"aioseo_notices":[],"_links":{"self":[{"href":"https:\/\/gamemaster.net.br\/index.php?rest_route=\/wp\/v2\/product\/12106","targetHints":{"allow":["GET"]}}],"collection":[{"href":"https:\/\/gamemaster.net.br\/index.php?rest_route=\/wp\/v2\/product"}],"about":[{"href":"https:\/\/gamemaster.net.br\/index.php?rest_route=\/wp\/v2\/types\/product"}],"replies":[{"embeddable":true,"href":"https:\/\/gamemaster.net.br\/index.php?rest_route=%2Fwp%2Fv2%2Fcomments&post=12106"}],"wp:featuredmedia":[{"embeddable":true,"href":"https:\/\/gamemaster.net.br\/index.php?rest_route=\/wp\/v2\/media\/12108"}],"wp:attachment":[{"href":"https:\/\/gamemaster.net.br\/index.php?rest_route=%2Fwp%2Fv2%2Fmedia&parent=12106"}],"wp:term":[{"taxonomy":"product_brand","embeddable":true,"href":"https:\/\/gamemaster.net.br\/index.php?rest_route=%2Fwp%2Fv2%2Fproduct_brand&post=12106"},{"taxonomy":"product_cat","embeddable":true,"href":"https:\/\/gamemaster.net.br\/index.php?rest_route=%2Fwp%2Fv2%2Fproduct_cat&post=12106"},{"taxonomy":"product_tag","embeddable":true,"href":"https:\/\/gamemaster.net.br\/index.php?rest_route=%2Fwp%2Fv2%2Fproduct_tag&post=12106"}],"curies":[{"name":"wp","href":"https:\/\/api.w.org\/{rel}","templated":true}]}}