{"id":12159,"date":"2022-10-07T01:21:46","date_gmt":"2022-10-07T04:21:46","guid":{"rendered":"https:\/\/gamemaster.net.br\/?post_type=product&#038;p=12159"},"modified":"2025-02-04T10:21:02","modified_gmt":"2025-02-04T13:21:02","slug":"red7","status":"publish","type":"product","link":"https:\/\/gamemaster.net.br\/?product=red7","title":{"rendered":"Red7"},"content":{"rendered":"<p>Em Red7 voc\u00ea ser\u00e1 desafiado a vencer os outros jogadores\u00a0<strong>a cada turno<\/strong>. Escolha sua melhor carta e\u00a0<strong>mude as regras<\/strong>\u00a0se necess\u00e1rio!<\/p>\n<p>Cada uma das\u00a0<strong>7 cores<\/strong>\u00a0representa uma forma diferente de ganhar e as cores podem ser alteradas em diversas situa\u00e7\u00f5es!<\/p>\n<p>Se voc\u00ea n\u00e3o estiver\u00a0<strong>vencendo<\/strong>\u00a0no final da sua jogada,\u00a0<strong>voc\u00ea estar\u00e1 fora<\/strong>\u00a0e o \u00faltimo jogador a restar na partida, vence!<\/p>\n<p>Um jogo r\u00e1pido e estrat\u00e9gico, para todos os perfis, com regras opcionais que aumentam as possibilidades e um modo avan\u00e7ado para jogadores experientes.<\/p>\n<p>Uma rodada de Red7 dura apenas\u00a0<strong>alguns minutos<\/strong>!<\/p>\n<p><span style=\"color: #3366ff;\"><a style=\"color: #3366ff;\" href=\"http:\/\/ppgam.es\/red7-regras\">Baixe aqui o manual<\/a><\/span><\/p>\n<p><iframe loading=\"lazy\" title=\"YouTube video player\" src=\"https:\/\/www.youtube.com\/embed\/EYWhuvLbxZo\" width=\"560\" height=\"315\" frameborder=\"0\" allowfullscreen=\"allowfullscreen\"><\/iframe><\/p>\n<p><strong>Componentes<\/strong><\/p>\n<ul>\n<li>58 cartas\u00a0<em>(63 x 88 mm)<\/em><\/li>\n<li>Livreto de regras<\/li>\n<\/ul>\n<p hidden=\"\">Paper Games<\/p>\n","protected":false},"excerpt":{"rendered":"<ul>\n<li><strong>Idade: <\/strong>8+<\/li>\n<li><strong>Jogadores:\u00a0<\/strong>2-4<\/li>\n<li><strong>Tempo de jogo:\u00a0<\/strong> 10 minutos<\/li>\n<li><strong>Depend\u00eancia de Idioma:<\/strong> Nenhuma.<\/li>\n<li><strong>Designer:<\/strong> Carl Chudyk e Chris Cieslik<\/li>\n<li><strong>Artista:<\/strong> Alanna Cervenak<\/li>\n<li><strong>Dom\u00ednios:<\/strong> Jogo Familiar, Jogo Festivo<\/li>\n<li><strong>Mec\u00e2nicas:<\/strong> Colecionar Componentes,\u00a0 Gest\u00e3o de M\u00e3o<\/li>\n<li><strong>Categorias:<\/strong> Jogo de Cartas<\/li>\n<\/ul>\n","protected":false},"featured_media":12160,"comment_status":"open","ping_status":"closed","template":"","meta":{"om_disable_all_campaigns":false,"_monsterinsights_skip_tracking":false,"_monsterinsights_sitenote_active":false,"_monsterinsights_sitenote_note":"","_monsterinsights_sitenote_category":0},"product_brand":[],"product_cat":[119],"product_tag":[291,292,129,130,149,198,150,204],"class_list":{"0":"post-12159","1":"product","2":"type-product","3":"status-publish","4":"has-post-thumbnail","6":"product_cat-board-games","7":"product_tag-carl-chudyk","8":"product_tag-chris-cieslik","9":"product_tag-colecionar-componentes","10":"product_tag-gestao-de-mao","11":"product_tag-jogo-de-cartas","12":"product_tag-jogo-familiar","13":"product_tag-jogo-festivo","14":"product_tag-paper-games","16":"first","17":"instock","18":"shipping-taxable","19":"purchasable","20":"product-type-simple"},"aioseo_notices":[],"_links":{"self":[{"href":"https:\/\/gamemaster.net.br\/index.php?rest_route=\/wp\/v2\/product\/12159","targetHints":{"allow":["GET"]}}],"collection":[{"href":"https:\/\/gamemaster.net.br\/index.php?rest_route=\/wp\/v2\/product"}],"about":[{"href":"https:\/\/gamemaster.net.br\/index.php?rest_route=\/wp\/v2\/types\/product"}],"replies":[{"embeddable":true,"href":"https:\/\/gamemaster.net.br\/index.php?rest_route=%2Fwp%2Fv2%2Fcomments&post=12159"}],"wp:featuredmedia":[{"embeddable":true,"href":"https:\/\/gamemaster.net.br\/index.php?rest_route=\/wp\/v2\/media\/12160"}],"wp:attachment":[{"href":"https:\/\/gamemaster.net.br\/index.php?rest_route=%2Fwp%2Fv2%2Fmedia&parent=12159"}],"wp:term":[{"taxonomy":"product_brand","embeddable":true,"href":"https:\/\/gamemaster.net.br\/index.php?rest_route=%2Fwp%2Fv2%2Fproduct_brand&post=12159"},{"taxonomy":"product_cat","embeddable":true,"href":"https:\/\/gamemaster.net.br\/index.php?rest_route=%2Fwp%2Fv2%2Fproduct_cat&post=12159"},{"taxonomy":"product_tag","embeddable":true,"href":"https:\/\/gamemaster.net.br\/index.php?rest_route=%2Fwp%2Fv2%2Fproduct_tag&post=12159"}],"curies":[{"name":"wp","href":"https:\/\/api.w.org\/{rel}","templated":true}]}}