{"id":12172,"date":"2022-10-27T13:53:08","date_gmt":"2022-10-27T16:53:08","guid":{"rendered":"https:\/\/gamemaster.net.br\/?post_type=product&#038;p=12172"},"modified":"2026-01-14T12:30:12","modified_gmt":"2026-01-14T15:30:12","slug":"sleeve-padrao-635x88","status":"publish","type":"product","link":"https:\/\/gamemaster.net.br\/?product=sleeve-padrao-635x88","title":{"rendered":"Sleeve PADR\u00c3O (63,5&#215;88)"},"content":{"rendered":"<p lang=\"pt-BR\"><span style=\"font-family: arial, sans-serif;\"><span style=\"font-size: medium;\"><b><span style=\"color: #000000;\">SLEEVE PADR\u00c3O (63,5 x 88 mm)<\/span><\/b><\/span><\/span><\/p>\n<p lang=\"pt-BR\"><span style=\"font-family: arial, sans-serif;\"><span style=\"font-size: medium;\"><span style=\"color: #000000;\">S<\/span><span style=\"color: #000000;\">leeves, tamb\u00e9m conhecidos como protetores de cartas, servem para garantir uma maior durabilidade para as cartas de jogos de tabuleiro, card games e baralhos\u00a0<\/span><span style=\"color: #000000;\">em geral<\/span><span style=\"color: #000000;\">.<\/span><\/span><\/span><\/p>\n<p lang=\"pt-BR\"><span style=\"font-family: arial, sans-serif;\"><span style=\"font-size: medium;\"><span style=\"color: #000000;\">Nossos sleeves s\u00e3o feitos de polipropileno transparente, com 60 micras de espessura e possuem grande resist\u00eancia e qualidade. Eles garantem prote\u00e7\u00e3o e facilitam o embaralhamento das cartas e seu manuseio.<\/span><\/span><\/span><\/p>\n<p lang=\"pt-BR\"><span style=\"font-family: arial, sans-serif;\"><span style=\"font-size: medium;\"><span style=\"color: #000000;\">Os sleeves\u00a0<\/span><span style=\"color: #000000;\"><b>PADR\u00c3O<\/b><\/span><span style=\"color: #000000;\">\u00a0(63,5 x 88 mm) s\u00e3o adequados para cartas de jogos como:\u00a0<\/span><span style=\"color: #000000;\">Magic: the Gathering, Pokemon TCG, Terraforming Mars, Fire Team Zero, BRazil: Imperial e muito\u00a0<\/span><span style=\"color: #000000;\">mais.<\/span><\/span><\/span><\/p>\n<p lang=\"pt-BR\"><span style=\"font-family: arial, sans-serif;\"><span style=\"font-size: medium;\"><span style=\"color: #000000;\">Garanta prote\u00e7\u00e3o de qualidade para os seus jogos!<\/span><\/span><\/span><\/p>\n","protected":false},"excerpt":{"rendered":"<p>SLEEVE PADR\u00c3O (63,5 x 88 mm) Sleeves, tamb\u00e9m conhecidos como protetores de cartas, servem para garantir uma maior durabilidade para as cartas de jogos de tabuleiro, card games e baralhos\u00a0em geral. Nossos sleeves s\u00e3o feitos de polipropileno transparente, com 60 micras de espessura e possuem grande resist\u00eancia e qualidade. Eles garantem prote\u00e7\u00e3o e facilitam o [&hellip;]<\/p>\n","protected":false},"featured_media":12187,"comment_status":"open","ping_status":"closed","template":"","meta":{"om_disable_all_campaigns":false,"_monsterinsights_skip_tracking":false,"_monsterinsights_sitenote_active":false,"_monsterinsights_sitenote_note":"","_monsterinsights_sitenote_category":0},"product_brand":[],"product_cat":[293],"product_tag":[301,294],"class_list":{"0":"post-12172","1":"product","2":"type-product","3":"status-publish","4":"has-post-thumbnail","6":"product_cat-sleeves-meeplebr","7":"product_tag-padrao","8":"product_tag-sleeve","10":"first","11":"instock","12":"shipping-taxable","13":"purchasable","14":"product-type-simple"},"aioseo_notices":[],"_links":{"self":[{"href":"https:\/\/gamemaster.net.br\/index.php?rest_route=\/wp\/v2\/product\/12172","targetHints":{"allow":["GET"]}}],"collection":[{"href":"https:\/\/gamemaster.net.br\/index.php?rest_route=\/wp\/v2\/product"}],"about":[{"href":"https:\/\/gamemaster.net.br\/index.php?rest_route=\/wp\/v2\/types\/product"}],"replies":[{"embeddable":true,"href":"https:\/\/gamemaster.net.br\/index.php?rest_route=%2Fwp%2Fv2%2Fcomments&post=12172"}],"wp:featuredmedia":[{"embeddable":true,"href":"https:\/\/gamemaster.net.br\/index.php?rest_route=\/wp\/v2\/media\/12187"}],"wp:attachment":[{"href":"https:\/\/gamemaster.net.br\/index.php?rest_route=%2Fwp%2Fv2%2Fmedia&parent=12172"}],"wp:term":[{"taxonomy":"product_brand","embeddable":true,"href":"https:\/\/gamemaster.net.br\/index.php?rest_route=%2Fwp%2Fv2%2Fproduct_brand&post=12172"},{"taxonomy":"product_cat","embeddable":true,"href":"https:\/\/gamemaster.net.br\/index.php?rest_route=%2Fwp%2Fv2%2Fproduct_cat&post=12172"},{"taxonomy":"product_tag","embeddable":true,"href":"https:\/\/gamemaster.net.br\/index.php?rest_route=%2Fwp%2Fv2%2Fproduct_tag&post=12172"}],"curies":[{"name":"wp","href":"https:\/\/api.w.org\/{rel}","templated":true}]}}