{"id":12202,"date":"2022-11-02T00:59:53","date_gmt":"2022-11-02T03:59:53","guid":{"rendered":"https:\/\/gamemaster.net.br\/?post_type=product&#038;p=12202"},"modified":"2025-02-01T08:53:30","modified_gmt":"2025-02-01T11:53:30","slug":"coup","status":"publish","type":"product","link":"https:\/\/gamemaster.net.br\/?product=coup","title":{"rendered":"Coup"},"content":{"rendered":"<p>Em Coup, voc\u00ea quer ser o \u00faltimo jogador com influ\u00eancia no jogo. A influ\u00eancia \u00e9 representada por cartas de personagens com a face para baixo em sua \u00e1rea de jogo.<br \/>\nCada jogador come\u00e7a o jogo com duas moedas e dois de influ\u00eancia \u2013 ou seja, duas cartas de personagens viradas para baixo, o baralho de quinze consiste em tr\u00eas c\u00f3pias de cinco personagens diferentes, cada um com um conjunto \u00fanico de poderes: duque, assassino, condessa, capit\u00e3o e embaixador.<br \/>\nNa sua vez, voc\u00ea pode ter qualquer uma das a\u00e7\u00f5es listadas para cada personagem, independentemente de quais personagens voc\u00ea realmente tenha na sua frente.<\/p>\n<p><span style=\"color: #3366ff;\"><a style=\"color: #3366ff;\" href=\"https:\/\/ludopedia-anexos.nyc3.digitaloceanspaces.com\/coup_livreto_de_regras_coup_8546.pdf\">Baixe aqui o manual<\/a><\/span><\/p>\n<p><iframe loading=\"lazy\" title=\"YouTube video player\" src=\"https:\/\/www.youtube.com\/embed\/NB7rwNVHBgo\" width=\"560\" height=\"315\" frameborder=\"0\" allowfullscreen=\"allowfullscreen\"><\/iframe><\/p>\n<p>&nbsp;<\/p>\n<p><strong><iframe loading=\"lazy\" title=\"YouTube video player\" src=\"https:\/\/www.youtube.com\/embed\/6UpW8dV2Oks\" width=\"560\" height=\"315\" frameborder=\"0\" allowfullscreen=\"allowfullscreen\"><\/iframe><\/strong><\/p>\n<p><strong>Componentes<\/strong><\/p>\n<ul>\n<li>01 manual de instru\u00e7\u00f5es;<\/li>\n<li>25 cartas de personagens (5 de cada: Duque, Assassino, Capit\u00e3o, Embaixador, Condessa);<\/li>\n<li>05 cartas de Inquisidor \u2013 personagem opcional no lugar do Embaixador.<\/li>\n<li>06 cartas de refer\u00eancias com as a\u00e7\u00f5es poss\u00edveis durante o jogo.<\/li>\n<li>24 moedas de &#8220;I&#8221; e 6 moedas de &#8220;V&#8221; unidades monet\u00e1rias.<\/li>\n<li>1 Cart\u00e3o auxiliar para o setup.<\/li>\n<\/ul>\n<p hidden=\"\">Paper Games<\/p>\n","protected":false},"excerpt":{"rendered":"<ul>\n<li><strong>Idade: <\/strong>8+<\/li>\n<li><strong>Jogadores:\u00a0<\/strong>2-10<\/li>\n<li><strong>Tempo de jogo:\u00a0<\/strong> 15 minutos<\/li>\n<li><strong>Depend\u00eancia de Idioma:<\/strong> Pouco texto, facilmente memoriz\u00e1vel.<\/li>\n<li><strong>Designer:<\/strong> Rikki Tahta<\/li>\n<li><strong>Artista:<\/strong> Weberson Santiago<\/li>\n<li><strong>Mec\u00e2nicas:<\/strong> Jogadores com Diferentes Habilidades, Elimina\u00e7\u00e3o de Jogadores, Mem\u00f3ria, Toma essa, Blefe, Dedu\u00e7\u00e3o, Force sua sorte, Gest\u00e3o de M\u00e3o, Posicionamento Secreto<\/li>\n<li><strong>Categorias:<\/strong> Jogo de Cartas, Jogo de Entrada, Jogo Familiar, Jogo Festivo<\/li>\n<li><strong>Sleeves:\u00a0 <\/strong><a href=\"https:\/\/gamemaster.net.br\/?product_tag=tarot\">36 Tarot (70&#215;120)<\/a><\/li>\n<\/ul>\n","protected":false},"featured_media":12203,"comment_status":"open","ping_status":"closed","template":"","meta":{"om_disable_all_campaigns":false,"_monsterinsights_skip_tracking":false,"_monsterinsights_sitenote_active":false,"_monsterinsights_sitenote_note":"","_monsterinsights_sitenote_category":0},"product_brand":[],"product_cat":[119],"product_tag":[123,151,147,310,141,130,308,153,149,222,198,150,148,122,226,309,154],"class_list":{"0":"post-12202","1":"product","2":"type-product","3":"status-publish","4":"has-post-thumbnail","6":"product_cat-board-games","7":"product_tag-blefe","8":"product_tag-deducao","9":"product_tag-eliminacao-de-jogadores","10":"product_tag-fest","11":"product_tag-force-sua-sorte","12":"product_tag-gestao-de-mao","13":"product_tag-grok","14":"product_tag-jogadores-com-diferentes-habilidades","15":"product_tag-jogo-de-cartas","16":"product_tag-jogo-de-entrada","17":"product_tag-jogo-familiar","18":"product_tag-jogo-festivo","19":"product_tag-memoria","20":"product_tag-party-game","21":"product_tag-posicionamento-secreto","22":"product_tag-rikki-tahta","23":"product_tag-toma-essa","25":"first","26":"outofstock","27":"shipping-taxable","28":"purchasable","29":"product-type-simple"},"aioseo_notices":[],"_links":{"self":[{"href":"https:\/\/gamemaster.net.br\/index.php?rest_route=\/wp\/v2\/product\/12202","targetHints":{"allow":["GET"]}}],"collection":[{"href":"https:\/\/gamemaster.net.br\/index.php?rest_route=\/wp\/v2\/product"}],"about":[{"href":"https:\/\/gamemaster.net.br\/index.php?rest_route=\/wp\/v2\/types\/product"}],"replies":[{"embeddable":true,"href":"https:\/\/gamemaster.net.br\/index.php?rest_route=%2Fwp%2Fv2%2Fcomments&post=12202"}],"wp:featuredmedia":[{"embeddable":true,"href":"https:\/\/gamemaster.net.br\/index.php?rest_route=\/wp\/v2\/media\/12203"}],"wp:attachment":[{"href":"https:\/\/gamemaster.net.br\/index.php?rest_route=%2Fwp%2Fv2%2Fmedia&parent=12202"}],"wp:term":[{"taxonomy":"product_brand","embeddable":true,"href":"https:\/\/gamemaster.net.br\/index.php?rest_route=%2Fwp%2Fv2%2Fproduct_brand&post=12202"},{"taxonomy":"product_cat","embeddable":true,"href":"https:\/\/gamemaster.net.br\/index.php?rest_route=%2Fwp%2Fv2%2Fproduct_cat&post=12202"},{"taxonomy":"product_tag","embeddable":true,"href":"https:\/\/gamemaster.net.br\/index.php?rest_route=%2Fwp%2Fv2%2Fproduct_tag&post=12202"}],"curies":[{"name":"wp","href":"https:\/\/api.w.org\/{rel}","templated":true}]}}