{"id":12325,"date":"2023-05-17T16:28:45","date_gmt":"2023-05-17T19:28:45","guid":{"rendered":"https:\/\/gamemaster.net.br\/?product=loading"},"modified":"2024-11-16T11:05:49","modified_gmt":"2024-11-16T14:05:49","slug":"loading","status":"publish","type":"product","link":"https:\/\/gamemaster.net.br\/?product=loading","title":{"rendered":"Loading"},"content":{"rendered":"<p>Em Loading, os jogadores tentam, todos ao mesmo tempo, juntar o m\u00e1ximo que conseguirem de pontos de progresso.<\/p>\n<p>Quem ser\u00e1 o mais r\u00e1pido&#8230; ou o mais esperto? Loading \u00e9 f\u00e1cil de aprender e r\u00e1pido de jogar:<\/p>\n<ol>\n<li>Olhe seu baralho e escolha uma carta (mas seja r\u00e1pido!)<\/li>\n<li>Jogue uma carta na sua pilha \u2013 ou na de outro jogador (o mais r\u00e1pido que puder!)<\/li>\n<li>Entregue seu baralho e pegue outro (sem perder tempo!)<\/li>\n<\/ol>\n<p>Quando tiver acumulado pontos suficientes, voc\u00ea pode descartar o baralho e pegar uma carta b\u00f4nus.<\/p>\n<p>Quando as cartas b\u00f4nus terminarem, o jogador com mais pontos vence!Loading proporciona partidas emocionantes do in\u00edcio ao fim. O jogo inclui ainda um modo para 2 jogadores, al\u00e9m de um modo para jogadores experientes.<\/p>\n<p><span style=\"color: #3366ff;\"><a style=\"color: #3366ff;\" href=\"https:\/\/ppgam.es\/loading-regras\">Baixe aqui o manual do jogo<\/a><\/span><\/p>\n<p><iframe loading=\"lazy\" title=\"YouTube video player\" src=\"https:\/\/www.youtube.com\/embed\/CpJaRjtIw4o\" width=\"560\" height=\"315\" frameborder=\"0\" allowfullscreen=\"allowfullscreen\"><\/iframe><\/p>\n<p><strong>Componentes jogo\u00a0<\/strong><\/p>\n<ul>\n<li>77 Cartas (63 x 88 mm)<\/li>\n<li>Livreto de Regras<\/li>\n<\/ul>\n<p>&nbsp;<\/p>\n","protected":false},"excerpt":{"rendered":"<ul>\n<li><strong>Idade: <\/strong>8+<\/li>\n<li><strong>Jogadores:\u00a0<\/strong>2-7<\/li>\n<li><strong>Tempo de jogo:\u00a0<\/strong> 5 minutos<\/li>\n<li><strong>Designer:<\/strong>\u00a0Marc Paquien<\/li>\n<li><strong>Artista:<\/strong>\u00a0Kevin De Castro<\/li>\n<li><strong>Dom\u00ednios:<\/strong> Jogo Familiar<\/li>\n<li><strong>Mec\u00e2nicas:<\/strong> Sele\u00e7\u00e3o de A\u00e7\u00e3o Simult\u00e2nea, Tempo Real, Gerenciamento de M\u00e3os<\/li>\n<li><strong>Categorias:<\/strong> Jogo de Cartas, Jogo de Entrada, Jogo Festivo<\/li>\n<\/ul>\n","protected":false},"featured_media":12329,"comment_status":"open","ping_status":"closed","template":"","meta":{"om_disable_all_campaigns":false,"_monsterinsights_skip_tracking":false,"_monsterinsights_sitenote_active":false,"_monsterinsights_sitenote_note":"","_monsterinsights_sitenote_category":0},"product_brand":[],"product_cat":[119],"product_tag":[324,149,222,150,328,204,327,207],"class_list":{"0":"post-12325","1":"product","2":"type-product","3":"status-publish","4":"has-post-thumbnail","6":"product_cat-board-games","7":"product_tag-gerenciamento-de-maos","8":"product_tag-jogo-de-cartas","9":"product_tag-jogo-de-entrada","10":"product_tag-jogo-festivo","11":"product_tag-marc-paquien","12":"product_tag-paper-games","13":"product_tag-selecao-de-acao-simultanea","14":"product_tag-tempo-real","16":"first","17":"instock","18":"shipping-taxable","19":"purchasable","20":"product-type-simple"},"aioseo_notices":[],"_links":{"self":[{"href":"https:\/\/gamemaster.net.br\/index.php?rest_route=\/wp\/v2\/product\/12325","targetHints":{"allow":["GET"]}}],"collection":[{"href":"https:\/\/gamemaster.net.br\/index.php?rest_route=\/wp\/v2\/product"}],"about":[{"href":"https:\/\/gamemaster.net.br\/index.php?rest_route=\/wp\/v2\/types\/product"}],"replies":[{"embeddable":true,"href":"https:\/\/gamemaster.net.br\/index.php?rest_route=%2Fwp%2Fv2%2Fcomments&post=12325"}],"wp:featuredmedia":[{"embeddable":true,"href":"https:\/\/gamemaster.net.br\/index.php?rest_route=\/wp\/v2\/media\/12329"}],"wp:attachment":[{"href":"https:\/\/gamemaster.net.br\/index.php?rest_route=%2Fwp%2Fv2%2Fmedia&parent=12325"}],"wp:term":[{"taxonomy":"product_brand","embeddable":true,"href":"https:\/\/gamemaster.net.br\/index.php?rest_route=%2Fwp%2Fv2%2Fproduct_brand&post=12325"},{"taxonomy":"product_cat","embeddable":true,"href":"https:\/\/gamemaster.net.br\/index.php?rest_route=%2Fwp%2Fv2%2Fproduct_cat&post=12325"},{"taxonomy":"product_tag","embeddable":true,"href":"https:\/\/gamemaster.net.br\/index.php?rest_route=%2Fwp%2Fv2%2Fproduct_tag&post=12325"}],"curies":[{"name":"wp","href":"https:\/\/api.w.org\/{rel}","templated":true}]}}