{"id":12336,"date":"2023-07-08T01:18:52","date_gmt":"2023-07-08T04:18:52","guid":{"rendered":"https:\/\/gamemaster.net.br\/?post_type=product&#038;p=12336"},"modified":"2023-10-25T16:23:08","modified_gmt":"2023-10-25T19:23:08","slug":"tiny-epic-pirates-expansao-maldicao-de-amdiak","status":"publish","type":"product","link":"https:\/\/gamemaster.net.br\/?product=tiny-epic-pirates-expansao-maldicao-de-amdiak","title":{"rendered":"Tiny Epic Pirates \u2013 Expans\u00e3o Maldi\u00e7\u00e3o de Amdiak"},"content":{"rendered":"<p><em>Todo lobo do mar j\u00e1 ouviu a lenda do Pirata Fantasma Amdiak. Seja por um b\u00eabado em uma taverna ou pelos l\u00e1bios curvil\u00edneos de uma Maruja, o navio fantasma \u2013 e seu tesouro \u2013 n\u00e3o \u00e9 mais apenas um conto do mar! Em uma manobra arriscada, voc\u00ea conseguiu roubar uma pe\u00e7a do tesouro de Amdiak, e agora ele e seu terr\u00edvel navio subiram das geladas profundezas para reivindicar o que \u00e9 deles. Mas voc\u00ea sabe que a lenda continua assim:<\/em><\/p>\n<p><em>\u201cOs restos de Amdiak, sele em uma urna. Enterre em solo maldito, e a alma dele estar\u00e1 livre.\u201d<\/em><\/p>\n<p><strong>Tiny Epic Pirates \u2013 Maldi\u00e7\u00e3o de Amdiak\u00a0<\/strong>adiciona um novo objetivo as suas partidas. Para vencer, voc\u00ea deve ser o primeiro a enterrar seus 3 Tesouros E enterrar a Urna de Amdiak em um Local de Enterro Maldito.<\/p>\n<p>Recrute a tripula\u00e7\u00e3o amaldi\u00e7oada, recolha o ouro de Amdiak e se prepare para enfrentar a f\u00faria do navio fantasma.<\/p>\n<p>OBSERVA\u00c7\u00c3O \u2013 essa expans\u00e3o necessita do jogo base para ser jogada.<\/p>\n<p><span style=\"color: #3366ff;\"><a style=\"color: #3366ff;\" href=\"https:\/\/ludopedia-anexos.nyc3.digitaloceanspaces.com\/tiny_epic_pirates_m_manual_de_regras_em_pt_br_221086.pdf\" target=\"_blank\" rel=\"noopener noreferrer\">Baixe sua regra aqui!<\/a><\/span><\/p>\n<p><iframe loading=\"lazy\" title=\"YouTube video player\" src=\"https:\/\/www.youtube.com\/embed\/0ChhaOT-gTY?start=11\" width=\"560\" height=\"315\" frameborder=\"0\" allowfullscreen=\"allowfullscreen\"><\/iframe><\/p>\n<p><iframe loading=\"lazy\" title=\"YouTube video player\" src=\"https:\/\/www.youtube.com\/embed\/H-mLCxSUgkE?start=9\" width=\"560\" height=\"315\" frameborder=\"0\" allowfullscreen=\"allowfullscreen\"><\/iframe><\/p>\n","protected":false},"excerpt":{"rendered":"<ul>\n<li><strong>Idade:<\/strong> 14+<\/li>\n<li><strong>Jogadores:<\/strong> 1-4<\/li>\n<li><strong>Tempo de jogo:<\/strong> 45 min<\/li>\n<li><strong>Designer<\/strong>: Scott Almes<\/li>\n<li><strong>Artista:<\/strong> Nikoletta Vaszi, Chip Cole<\/li>\n<li><strong>Dom\u00ednios:<\/strong> Jogos Expert<\/li>\n<li><strong>Mec\u00e2nicas:<\/strong> Mercado de A\u00e7\u00f5es, Pegar e Entregar, Rolagem de Dados, Pontos de A\u00e7\u00e3o, Jogo de Cartas, Jogo de Dados<\/li>\n<\/ul>\n","protected":false},"featured_media":12337,"comment_status":"open","ping_status":"closed","template":"","meta":{"om_disable_all_campaigns":false,"_monsterinsights_skip_tracking":false,"_monsterinsights_sitenote_active":false,"_monsterinsights_sitenote_note":"","_monsterinsights_sitenote_category":0},"product_brand":[],"product_cat":[119],"product_tag":[149,181,238,321,322,221,323,133,236,237],"class_list":{"0":"post-12336","1":"product","2":"type-product","3":"status-publish","4":"has-post-thumbnail","6":"product_cat-board-games","7":"product_tag-jogo-de-cartas","8":"product_tag-jogo-de-dados","9":"product_tag-meeplebr","10":"product_tag-meeplebr-jogos","11":"product_tag-mercado-de-acoes","12":"product_tag-pegar-e-entregar","13":"product_tag-pontos-de-acao","14":"product_tag-rolagem-de-dados","15":"product_tag-scott-almes","16":"product_tag-tiny-epic","18":"first","19":"instock","20":"shipping-taxable","21":"purchasable","22":"product-type-simple"},"aioseo_notices":[],"_links":{"self":[{"href":"https:\/\/gamemaster.net.br\/index.php?rest_route=\/wp\/v2\/product\/12336","targetHints":{"allow":["GET"]}}],"collection":[{"href":"https:\/\/gamemaster.net.br\/index.php?rest_route=\/wp\/v2\/product"}],"about":[{"href":"https:\/\/gamemaster.net.br\/index.php?rest_route=\/wp\/v2\/types\/product"}],"replies":[{"embeddable":true,"href":"https:\/\/gamemaster.net.br\/index.php?rest_route=%2Fwp%2Fv2%2Fcomments&post=12336"}],"wp:featuredmedia":[{"embeddable":true,"href":"https:\/\/gamemaster.net.br\/index.php?rest_route=\/wp\/v2\/media\/12337"}],"wp:attachment":[{"href":"https:\/\/gamemaster.net.br\/index.php?rest_route=%2Fwp%2Fv2%2Fmedia&parent=12336"}],"wp:term":[{"taxonomy":"product_brand","embeddable":true,"href":"https:\/\/gamemaster.net.br\/index.php?rest_route=%2Fwp%2Fv2%2Fproduct_brand&post=12336"},{"taxonomy":"product_cat","embeddable":true,"href":"https:\/\/gamemaster.net.br\/index.php?rest_route=%2Fwp%2Fv2%2Fproduct_cat&post=12336"},{"taxonomy":"product_tag","embeddable":true,"href":"https:\/\/gamemaster.net.br\/index.php?rest_route=%2Fwp%2Fv2%2Fproduct_tag&post=12336"}],"curies":[{"name":"wp","href":"https:\/\/api.w.org\/{rel}","templated":true}]}}