{"id":12369,"date":"2023-10-11T15:09:49","date_gmt":"2023-10-11T18:09:49","guid":{"rendered":"https:\/\/gamemaster.net.br\/?product=wizard"},"modified":"2024-11-16T11:08:51","modified_gmt":"2024-11-16T14:08:51","slug":"wizard","status":"publish","type":"product","link":"https:\/\/gamemaster.net.br\/?product=wizard","title":{"rendered":"Wizard"},"content":{"rendered":"<p>Neste\u00a0<strong>m\u00e1gico<\/strong>\u00a0jogo de cartas, como um\u00a0<strong>aprendiz de feiticeiro<\/strong>, voc\u00ea deve utilizar seus dons e\u00a0<strong>adivinhar seus resultados<\/strong>\u00a0nas rodadas.<\/p>\n<p>Analise suas cartas e preveja quantas vezes voc\u00ea ganhar\u00e1. Rodada ap\u00f3s rodada,\u00a0<strong>o desafio aumenta<\/strong>\u00a0\u00e0 medida que voc\u00ea joga com mais e mais cartas. Aquele que\u00a0<strong>acertar<\/strong>\u00a0sua previs\u00e3o marca pontos\u00a0<strong>positivos<\/strong>, caso contr\u00e1rio, pontos\u00a0<strong>negativos<\/strong>.<\/p>\n<p>Fa\u00e7a as previs\u00f5es corretas e mostre a todos quem \u00e9 o\u00a0<strong>mais s\u00e1bio<\/strong>\u00a0aprendiz de feiticeiro.<\/p>\n<p>A<strong>\u00a0edi\u00e7\u00e3o de 25 anos<\/strong>\u00a0expande as possibilidades com\u00a0<strong>7 novas cartas especiais<\/strong>: o Drag\u00e3o, a Fada, o Lobisomem, o Malabarista, a Bomba, a Nuvem e o Metamorfo.<\/p>\n<p><strong>Derrote seus oponentes<\/strong>\u00a0com seu dom da profecia!<\/p>\n<p><span style=\"color: #3366ff;\"><a style=\"color: #3366ff;\" href=\"https:\/\/ppgam.es\/wizard-regras\">Baixe aqui o manual<\/a><\/span><\/p>\n<p><iframe loading=\"lazy\" title=\"YouTube video player\" src=\"https:\/\/www.youtube.com\/embed\/nJnQ62eYahA?si=lzPje8u4536hxanr\" width=\"560\" height=\"315\" frameborder=\"0\" allowfullscreen=\"allowfullscreen\"><\/iframe><\/p>\n<p><strong>Componentes<\/strong><\/p>\n<ul>\n<li>68 Cartas (56 x 87 mm)<\/li>\n<li>1 Bloco de Pontua\u00e7\u00e3o<\/li>\n<li>Livreto de Regras<\/li>\n<\/ul>\n<p>&nbsp;<\/p>\n","protected":false},"excerpt":{"rendered":"<ul>\n<li><strong>Autor:<\/strong>\u00a0Ken Fisher<\/li>\n<li><strong>Arte:\u00a0<\/strong>Franz Vohwinkel<\/li>\n<li><strong>N\u00famero de Jogadores:<\/strong>\u00a0<em>3 a 6<\/em><\/li>\n<li><strong>Dura\u00e7\u00e3o:<\/strong>\u00a045<em> minutos<\/em><\/li>\n<li><strong>Principais Mec\u00e2nicas:<\/strong>\u00a0<em>Vazas\/Truques, Apostas e Blefes, Previs\u00e3o de Lance, Gerenciamento de M\u00e3os<\/em><\/li>\n<li><strong>Classifica\u00e7\u00e3o:<\/strong>\u00a0<em>Jogos Fam\u00edlia<\/em><\/li>\n<li><strong>Categoria:<\/strong> Jogo de Cartas, Jogo de Entrada<\/li>\n<\/ul>\n","protected":false},"featured_media":12423,"comment_status":"open","ping_status":"closed","template":"","meta":{"om_disable_all_campaigns":false,"_monsterinsights_skip_tracking":false,"_monsterinsights_sitenote_active":false,"_monsterinsights_sitenote_note":"","_monsterinsights_sitenote_category":0},"product_brand":[],"product_cat":[119],"product_tag":[325,324,149,222,355,356,204,354,183],"class_list":{"0":"post-12369","1":"product","2":"type-product","3":"status-publish","4":"has-post-thumbnail","6":"product_cat-board-games","7":"product_tag-apostas-e-blefes","8":"product_tag-gerenciamento-de-maos","9":"product_tag-jogo-de-cartas","10":"product_tag-jogo-de-entrada","11":"product_tag-jogos-familia","12":"product_tag-ken-fisher","13":"product_tag-paper-games","14":"product_tag-previsao-de-lance","15":"product_tag-vazas-truques","17":"first","18":"instock","19":"shipping-taxable","20":"purchasable","21":"product-type-simple"},"aioseo_notices":[],"_links":{"self":[{"href":"https:\/\/gamemaster.net.br\/index.php?rest_route=\/wp\/v2\/product\/12369","targetHints":{"allow":["GET"]}}],"collection":[{"href":"https:\/\/gamemaster.net.br\/index.php?rest_route=\/wp\/v2\/product"}],"about":[{"href":"https:\/\/gamemaster.net.br\/index.php?rest_route=\/wp\/v2\/types\/product"}],"replies":[{"embeddable":true,"href":"https:\/\/gamemaster.net.br\/index.php?rest_route=%2Fwp%2Fv2%2Fcomments&post=12369"}],"wp:featuredmedia":[{"embeddable":true,"href":"https:\/\/gamemaster.net.br\/index.php?rest_route=\/wp\/v2\/media\/12423"}],"wp:attachment":[{"href":"https:\/\/gamemaster.net.br\/index.php?rest_route=%2Fwp%2Fv2%2Fmedia&parent=12369"}],"wp:term":[{"taxonomy":"product_brand","embeddable":true,"href":"https:\/\/gamemaster.net.br\/index.php?rest_route=%2Fwp%2Fv2%2Fproduct_brand&post=12369"},{"taxonomy":"product_cat","embeddable":true,"href":"https:\/\/gamemaster.net.br\/index.php?rest_route=%2Fwp%2Fv2%2Fproduct_cat&post=12369"},{"taxonomy":"product_tag","embeddable":true,"href":"https:\/\/gamemaster.net.br\/index.php?rest_route=%2Fwp%2Fv2%2Fproduct_tag&post=12369"}],"curies":[{"name":"wp","href":"https:\/\/api.w.org\/{rel}","templated":true}]}}