{"id":12371,"date":"2023-10-11T15:12:52","date_gmt":"2023-10-11T18:12:52","guid":{"rendered":"https:\/\/gamemaster.net.br\/?product=homem-batata"},"modified":"2025-06-12T16:13:13","modified_gmt":"2025-06-12T19:13:13","slug":"homem-batata","status":"publish","type":"product","link":"https:\/\/gamemaster.net.br\/?product=homem-batata","title":{"rendered":"Homem Batata"},"content":{"rendered":"<p>Homem Batata \u00e9 um jogo de vazas. Nele, os jogadores competem por pontos por diversas rodadas para ver quem ser\u00e1 o vencedor.<\/p>\n<p>Diferente de outros jogos de vazas, no Homem Batata os jogadores n\u00e3o s\u00f3 n\u00e3o precisam seguir a cor jogada pelo jogador inicial como N\u00c3O PODEM jogar uma carta de uma cor que j\u00e1 tenha sido jogada naquela vaza.<\/p>\n<p>O jogador vencedor \u00e9 quem jogou a maior carta da rodada, no entanto, cada cor tem um limite de for\u00e7a diferente e as 3 cartas mais altas da cor vermelha (a mais alta do jogo), sempre perdem para as 3 cartas mais baixas da cor amarela (o Homem Batata).<\/p>\n<p><a href=\"https:\/\/ludopedia-anexos.nyc3.digitaloceanspaces.com\/homem_batata_manual_de_regras_em_pt_br_178398.pdf\">Baixe aqui o manual do jogo<\/a><\/p>\n<p><iframe loading=\"lazy\" title=\"YouTube video player\" src=\"https:\/\/www.youtube.com\/embed\/wP5J_kMptcg?si=9FIIaY1KCV3b-KvW\" width=\"560\" height=\"315\" frameborder=\"0\" allowfullscreen=\"allowfullscreen\"><\/iframe><\/p>\n<p><strong>Componentes<\/strong><\/p>\n<ul>\n<li>67 cartas de batatas:\n<ul>\n<li>14 cartas vermelhas (5 a 18 &#8211; sendo 16, 17 e 18 Lorde Batat\u00e3o)<\/li>\n<li>13 cartas azuis (4 a 16)<\/li>\n<li>12 cartas verdes (3 a 14)<\/li>\n<li>13 cartas amarelas (1 a 13 &#8211; sendo 1, 2 e 3 Homem Batata)<\/li>\n<li>15 cartas de pontua\u00e7\u00e3o (3 cartas por cor e 3 cartas neutras)<\/li>\n<\/ul>\n<\/li>\n<li>1 manual<\/li>\n<\/ul>\n","protected":false},"excerpt":{"rendered":"<ul>\n<li><strong>Idade: <\/strong>10+<\/li>\n<li><strong>Jogadores:\u00a0<\/strong>2-5<\/li>\n<li><strong>Tempo de jogo:\u00a0<\/strong> 40 minutos<\/li>\n<li><strong>Designer:<\/strong>\u00a0G\u00fcnter Burkhardt, Wolfgang A. Lehmann<\/li>\n<li><strong>Artista:<\/strong>\u00a0Victor Boden, Guilherme Cavalcante<\/li>\n<li><strong>Dom\u00ednios:<\/strong> Jogo Familiar<\/li>\n<li><strong>Mec\u00e2nicas:<\/strong> Vazas\/Truques<\/li>\n<li><strong>Categorias:<\/strong> Jogo de Cartas<\/li>\n<\/ul>\n","protected":false},"featured_media":12402,"comment_status":"open","ping_status":"closed","template":"","meta":{"om_disable_all_campaigns":false,"_monsterinsights_skip_tracking":false,"_monsterinsights_sitenote_active":false,"_monsterinsights_sitenote_note":"","_monsterinsights_sitenote_category":0},"product_brand":[],"product_cat":[119],"product_tag":[126,351,184,149,198,183,350],"class_list":{"0":"post-12371","1":"product","2":"type-product","3":"status-publish","4":"has-post-thumbnail","6":"product_cat-board-games","7":"product_tag-galapagos-jogos","8":"product_tag-geeks-n-orcs","9":"product_tag-gunter-burkhardt","10":"product_tag-jogo-de-cartas","11":"product_tag-jogo-familiar","12":"product_tag-vazas-truques","13":"product_tag-wolfgang-a-lehmann","15":"first","16":"instock","17":"shipping-taxable","18":"purchasable","19":"product-type-simple"},"aioseo_notices":[],"_links":{"self":[{"href":"https:\/\/gamemaster.net.br\/index.php?rest_route=\/wp\/v2\/product\/12371","targetHints":{"allow":["GET"]}}],"collection":[{"href":"https:\/\/gamemaster.net.br\/index.php?rest_route=\/wp\/v2\/product"}],"about":[{"href":"https:\/\/gamemaster.net.br\/index.php?rest_route=\/wp\/v2\/types\/product"}],"replies":[{"embeddable":true,"href":"https:\/\/gamemaster.net.br\/index.php?rest_route=%2Fwp%2Fv2%2Fcomments&post=12371"}],"wp:featuredmedia":[{"embeddable":true,"href":"https:\/\/gamemaster.net.br\/index.php?rest_route=\/wp\/v2\/media\/12402"}],"wp:attachment":[{"href":"https:\/\/gamemaster.net.br\/index.php?rest_route=%2Fwp%2Fv2%2Fmedia&parent=12371"}],"wp:term":[{"taxonomy":"product_brand","embeddable":true,"href":"https:\/\/gamemaster.net.br\/index.php?rest_route=%2Fwp%2Fv2%2Fproduct_brand&post=12371"},{"taxonomy":"product_cat","embeddable":true,"href":"https:\/\/gamemaster.net.br\/index.php?rest_route=%2Fwp%2Fv2%2Fproduct_cat&post=12371"},{"taxonomy":"product_tag","embeddable":true,"href":"https:\/\/gamemaster.net.br\/index.php?rest_route=%2Fwp%2Fv2%2Fproduct_tag&post=12371"}],"curies":[{"name":"wp","href":"https:\/\/api.w.org\/{rel}","templated":true}]}}