{"id":12372,"date":"2023-10-11T15:13:15","date_gmt":"2023-10-11T18:13:15","guid":{"rendered":"https:\/\/gamemaster.net.br\/?product=kameloot"},"modified":"2025-02-04T10:18:16","modified_gmt":"2025-02-04T13:18:16","slug":"kameloot","status":"publish","type":"product","link":"https:\/\/gamemaster.net.br\/?product=kameloot","title":{"rendered":"Kameloot"},"content":{"rendered":"<p>Tabernas, mercadores motivados e objetos m\u00e1gicos s\u00e3o tudo que voc\u00ea precisa para tornar-se o mercador mais rico de Kameloot.<\/p>\n<p>Mas qual taberna voc\u00ea ir\u00e1 escolher: a Coruja Chirriante, onde paladinos e ilusionistas dividem o espa\u00e7o com ricos mercadores ou a Gato Preto, lar de vigaristas e feiticeiros conspiradores?<\/p>\n<p>Fa\u00e7a alian\u00e7as e complete suas cole\u00e7\u00f5es de objetos m\u00e1gicos com a ajuda de outros mercadores que voc\u00ea encontra nas tabernas. Divida o lucro quando uma cole\u00e7\u00e3o for completada, utilize seus itens m\u00e1gicos e troque de taberna se quiser, afinal a lealdade \u00e9 fr\u00e1gil nas tabernas!<\/p>\n<p><span style=\"color: #3366ff;\"><a style=\"color: #3366ff;\" href=\"https:\/\/ludopedia-anexos.nyc3.digitaloceanspaces.com\/kameloot_manual_de_regras_em_portugues_242888.pdf\">Baixe aqui o manual do jogo<\/a><\/span><\/p>\n<p><iframe loading=\"lazy\" title=\"YouTube video player\" src=\"https:\/\/www.youtube.com\/embed\/FC9B8lU-xOQ?si=xVRSEW50kVpNJevZ&amp;start=368&amp;end=2502\" width=\"560\" height=\"315\" frameborder=\"0\" allowfullscreen=\"allowfullscreen\"><span data-mce-type=\"bookmark\" style=\"display: inline-block; width: 0px; overflow: hidden; line-height: 0;\" class=\"mce_SELRES_start\">\ufeff<\/span><span data-mce-type=\"bookmark\" style=\"display: inline-block; width: 0px; overflow: hidden; line-height: 0;\" class=\"mce_SELRES_start\">\ufeff<\/span><\/iframe><\/p>\n","protected":false},"excerpt":{"rendered":"<ul>\n<li><strong>Idade: <\/strong>8+<\/li>\n<li><strong>Jogadores: <\/strong>3-6<\/li>\n<li><strong>Tempo de jogo:\u00a0<\/strong> 25 minutos<\/li>\n<li><strong>Designer:<\/strong>\u00a0 Fred Boulle, C\u00e9dric NH<\/li>\n<li><strong>Artista:<\/strong>\u00a0Ingenious Studios<\/li>\n<li><strong>Dom\u00ednios:<\/strong> Jogo Familiar<\/li>\n<li><strong>Mec\u00e2nicas:<\/strong> Colecionar Conjuntos, Alian\u00e7as, Gerenciamento de M\u00e3os, Semi-Cooperativo, Traidor<\/li>\n<li><strong>Categorias:<\/strong> Jogo de Cartas, Jogo de Entrada<\/li>\n<\/ul>\n","protected":false},"featured_media":12396,"comment_status":"open","ping_status":"closed","template":"","meta":{"om_disable_all_campaigns":false,"_monsterinsights_skip_tracking":false,"_monsterinsights_sitenote_active":false,"_monsterinsights_sitenote_note":"","_monsterinsights_sitenote_category":0},"product_brand":[],"product_cat":[119],"product_tag":[346,345,335,344,324,149,222,198,204,347,348],"class_list":{"0":"post-12372","1":"product","2":"type-product","3":"status-publish","4":"has-post-thumbnail","6":"product_cat-board-games","7":"product_tag-aliancas","8":"product_tag-cedric-nh","9":"product_tag-colecionar-conjuntos","10":"product_tag-fred-boulle","11":"product_tag-gerenciamento-de-maos","12":"product_tag-jogo-de-cartas","13":"product_tag-jogo-de-entrada","14":"product_tag-jogo-familiar","15":"product_tag-paper-games","16":"product_tag-semi-cooperativo","17":"product_tag-traidor","19":"first","20":"instock","21":"shipping-taxable","22":"purchasable","23":"product-type-simple"},"aioseo_notices":[],"_links":{"self":[{"href":"https:\/\/gamemaster.net.br\/index.php?rest_route=\/wp\/v2\/product\/12372","targetHints":{"allow":["GET"]}}],"collection":[{"href":"https:\/\/gamemaster.net.br\/index.php?rest_route=\/wp\/v2\/product"}],"about":[{"href":"https:\/\/gamemaster.net.br\/index.php?rest_route=\/wp\/v2\/types\/product"}],"replies":[{"embeddable":true,"href":"https:\/\/gamemaster.net.br\/index.php?rest_route=%2Fwp%2Fv2%2Fcomments&post=12372"}],"wp:featuredmedia":[{"embeddable":true,"href":"https:\/\/gamemaster.net.br\/index.php?rest_route=\/wp\/v2\/media\/12396"}],"wp:attachment":[{"href":"https:\/\/gamemaster.net.br\/index.php?rest_route=%2Fwp%2Fv2%2Fmedia&parent=12372"}],"wp:term":[{"taxonomy":"product_brand","embeddable":true,"href":"https:\/\/gamemaster.net.br\/index.php?rest_route=%2Fwp%2Fv2%2Fproduct_brand&post=12372"},{"taxonomy":"product_cat","embeddable":true,"href":"https:\/\/gamemaster.net.br\/index.php?rest_route=%2Fwp%2Fv2%2Fproduct_cat&post=12372"},{"taxonomy":"product_tag","embeddable":true,"href":"https:\/\/gamemaster.net.br\/index.php?rest_route=%2Fwp%2Fv2%2Fproduct_tag&post=12372"}],"curies":[{"name":"wp","href":"https:\/\/api.w.org\/{rel}","templated":true}]}}