{"id":12374,"date":"2023-10-11T15:14:22","date_gmt":"2023-10-11T18:14:22","guid":{"rendered":"https:\/\/gamemaster.net.br\/?product=passa-palavras"},"modified":"2026-02-08T19:03:23","modified_gmt":"2026-02-08T22:03:23","slug":"passa-palavras","status":"publish","type":"product","link":"https:\/\/gamemaster.net.br\/?product=passa-palavras","title":{"rendered":"Passa Palavras"},"content":{"rendered":"<p>Em\u00a0<strong><em>Passa Palavras<\/em><\/strong>\u00a0os jogadores v\u00e3o exercitar seu vocabul\u00e1rio, criatividade e conhecimento em um jogo din\u00e2mico e divertido. Um jogador deve dar dicas para que os outros descubram a palavra chave secreta. Mas para isso, o jogador s\u00f3 pode usar palavras come\u00e7adas com as letras sorteadas.<\/p>\n<p><strong><em>Passa Palavras<\/em><\/strong>\u00a0\u00e9 um jogo festivo din\u00e2mico que \u00e9 melhor jogado em grupos. Ele possui tr\u00eas modos de jogo para atender todos os tipos de jogadores e grupos, e mant\u00e9m as mesmas regras b\u00e1sicas de adivinha\u00e7\u00e3o.<\/p>\n<p>No modo din\u00e2mico os jogadores d\u00e3o dicas e chutes em voz alta e quem acertar primeiro leva o ponto. No modo expert, os jogadores anotam suas dicas que s\u00e3o passadas para os jogadores de um a um at\u00e9 que algu\u00e9m acerte. No modo cooperativo s\u00e3o os jogadores contra o jogo em uma disputa de tempo.<\/p>\n<p><strong><em>Passa Palavras<\/em><\/strong>\u00a0\u00e9 um jogo f\u00e1cil de aprender, para todas as idades e tipos de p\u00fablico, com jogabilidade flex\u00edvel e boa rejogabilidade.<\/p>\n<p><a href=\"https:\/\/ludopedia-anexos.nyc3.digitaloceanspaces.com\/passa_palavra_passa_palavra_manual_231894.pdf\">Baixe aqui o manual do jogo<\/a><\/p>\n<p><strong>Componentes<\/strong><\/p>\n<ul>\n<li>158 cartas<\/li>\n<li>1 Bloco de anota\u00e7\u00f5es<\/li>\n<li>6 l\u00e1pis<\/li>\n<\/ul>\n","protected":false},"excerpt":{"rendered":"<ul>\n<li><strong>Idade: <\/strong>8+<\/li>\n<li><strong>Jogadores:\u00a0<\/strong>2-6<\/li>\n<li><strong>Tempo de jogo:\u00a0<\/strong> 30 minutos<\/li>\n<li><strong>Designer:<\/strong>\u00a0Patrick Matheus, Eurico Cunha Neto<\/li>\n<li><strong>Dom\u00ednios:<\/strong> Jogo Familiar<\/li>\n<li><strong>Mec\u00e2nicas:<\/strong> Cooperativo, Dedu\u00e7\u00e3o, Papel e Caneta, A\u00e7\u00e3o Cronometrada, Colecionar Conjuntos, Compra Fechada, Comunica\u00e7\u00e3o Limitada, Correspond\u00eancia R\u00e1pida, Jogo em Equipe, Pistas Direcionadas<\/li>\n<li><strong>Categorias:<\/strong> Jogo de Cartas<\/li>\n<\/ul>\n","protected":false},"featured_media":12393,"comment_status":"open","ping_status":"closed","template":"","meta":{"om_disable_all_campaigns":false,"_monsterinsights_skip_tracking":false,"_monsterinsights_sitenote_active":false,"_monsterinsights_sitenote_note":"","_monsterinsights_sitenote_category":0},"product_brand":[],"product_cat":[119],"product_tag":[339,335,340,341,206,342,151,287,149,224,198,333,204,338,343],"class_list":{"0":"post-12374","1":"product","2":"type-product","3":"status-publish","4":"has-post-thumbnail","6":"product_cat-board-games","7":"product_tag-acao-cronometrada","8":"product_tag-colecionar-conjuntos","9":"product_tag-compra-fechada","10":"product_tag-comunicacao-limitada","11":"product_tag-cooperativo","12":"product_tag-correspondencia-rapida","13":"product_tag-deducao","14":"product_tag-eurico-cunha-neto","15":"product_tag-jogo-de-cartas","16":"product_tag-jogo-em-equipe","17":"product_tag-jogo-familiar","18":"product_tag-papel-e-caneta","19":"product_tag-paper-games","20":"product_tag-patrick-matheus","21":"product_tag-pistas-direcionadas","23":"first","24":"instock","25":"shipping-taxable","26":"purchasable","27":"product-type-simple"},"aioseo_notices":[],"_links":{"self":[{"href":"https:\/\/gamemaster.net.br\/index.php?rest_route=\/wp\/v2\/product\/12374","targetHints":{"allow":["GET"]}}],"collection":[{"href":"https:\/\/gamemaster.net.br\/index.php?rest_route=\/wp\/v2\/product"}],"about":[{"href":"https:\/\/gamemaster.net.br\/index.php?rest_route=\/wp\/v2\/types\/product"}],"replies":[{"embeddable":true,"href":"https:\/\/gamemaster.net.br\/index.php?rest_route=%2Fwp%2Fv2%2Fcomments&post=12374"}],"wp:featuredmedia":[{"embeddable":true,"href":"https:\/\/gamemaster.net.br\/index.php?rest_route=\/wp\/v2\/media\/12393"}],"wp:attachment":[{"href":"https:\/\/gamemaster.net.br\/index.php?rest_route=%2Fwp%2Fv2%2Fmedia&parent=12374"}],"wp:term":[{"taxonomy":"product_brand","embeddable":true,"href":"https:\/\/gamemaster.net.br\/index.php?rest_route=%2Fwp%2Fv2%2Fproduct_brand&post=12374"},{"taxonomy":"product_cat","embeddable":true,"href":"https:\/\/gamemaster.net.br\/index.php?rest_route=%2Fwp%2Fv2%2Fproduct_cat&post=12374"},{"taxonomy":"product_tag","embeddable":true,"href":"https:\/\/gamemaster.net.br\/index.php?rest_route=%2Fwp%2Fv2%2Fproduct_tag&post=12374"}],"curies":[{"name":"wp","href":"https:\/\/api.w.org\/{rel}","templated":true}]}}