{"id":12375,"date":"2023-10-11T15:15:30","date_gmt":"2023-10-11T18:15:30","guid":{"rendered":"https:\/\/gamemaster.net.br\/?product=huradrim"},"modified":"2023-12-26T17:34:30","modified_gmt":"2023-12-26T20:34:30","slug":"huradrim","status":"publish","type":"product","link":"https:\/\/gamemaster.net.br\/?product=huradrim","title":{"rendered":"Huradrim"},"content":{"rendered":"<p>H\u00e1 muito tempo atr\u00e1s, em terras distantes, o reino dos an\u00f5es escolheu seu novo regente: HURADRIM I, L\u00edder do Cl\u00e3 dos An\u00f5es Cervejeiros.<\/p>\n<p>Para comemorar a ocasi\u00e3o, os Mestres An\u00f5es Cervejeiros decidiram criar v\u00e1rios barris das melhores cervejas do mundo, mas n\u00e3o contavam com um &#8220;pequeno&#8221; problema: Huradrim II, filho do novo Rei, bagun\u00e7ou completamente o estoque de cervejas e acabou dormindo dentro de um dos engradados!<\/p>\n<p>Ser\u00e1 que os Mestres An\u00f5es conseguir\u00e3o preparar as cervejas a tempo?<\/p>\n<p>HURADRIM \u00e9 um jogo para 2 a 10 jogadores onde cada um assume o papel de um Mestre An\u00e3o Cervejeiro, buscando reunir os ingredientes para fazer as melhores cervejas do mundo.<\/p>\n<p>Na rodada de cada um dos jogadores, \u00e9 necess\u00e1rio descartar uma carta de sua m\u00e3o para o jogador da direita, recebendo uma carta do jogador da esquerda. Ganha a rodada o primeiro a combinar os 5 ingredientes da mesma cor, baixar sua m\u00e3o e gritar HURADRIM!!! Todos os outros, para comemorar a vit\u00f3ria, tomam uma dose da bebida escolhida (ou registram uma cerveja em seu marcador), enquanto aquele que estiver com a carta HURADRIM na m\u00e3o deve tomar DUAS doses da bebida (ou registram uma cerveja em seu marcador).<\/p>\n","protected":false},"excerpt":{"rendered":"<ul>\n<li><strong>Idade: <\/strong>14+<\/li>\n<li><strong>Jogadores:\u00a0<\/strong>2-10<\/li>\n<li><strong>Tempo de jogos:\u00a0<\/strong> 2 minutos<\/li>\n<li><strong>Depend\u00eancia de Idioma:<\/strong> Independente de idioma.<\/li>\n<li><strong>Designer:<\/strong> Jefferson M. Pimentel<\/li>\n<li><strong>Artista:<\/strong> Bruno Sathler<\/li>\n<li><strong>Dom\u00ednios:<\/strong> Jogos de Festa<\/li>\n<li><strong>Mec\u00e2nicas:<\/strong> Sele\u00e7\u00e3o de Cartas<\/li>\n<li><strong>Categorias:<\/strong>\u00a0Jogo de Cartas<\/li>\n<\/ul>\n","protected":false},"featured_media":12431,"comment_status":"open","ping_status":"closed","template":"","meta":{"om_disable_all_campaigns":false,"_monsterinsights_skip_tracking":false,"_monsterinsights_sitenote_active":false,"_monsterinsights_sitenote_note":"","_monsterinsights_sitenote_category":0},"product_brand":[],"product_cat":[119],"product_tag":[358,359,357,149,150],"class_list":{"0":"post-12375","1":"product","2":"type-product","3":"status-publish","4":"has-post-thumbnail","6":"product_cat-board-games","7":"product_tag-101-games","8":"product_tag-bruno-sathler","9":"product_tag-jefferson-m-pimentel","10":"product_tag-jogo-de-cartas","11":"product_tag-jogo-festivo","13":"first","14":"instock","15":"shipping-taxable","16":"purchasable","17":"product-type-simple"},"aioseo_notices":[],"_links":{"self":[{"href":"https:\/\/gamemaster.net.br\/index.php?rest_route=\/wp\/v2\/product\/12375","targetHints":{"allow":["GET"]}}],"collection":[{"href":"https:\/\/gamemaster.net.br\/index.php?rest_route=\/wp\/v2\/product"}],"about":[{"href":"https:\/\/gamemaster.net.br\/index.php?rest_route=\/wp\/v2\/types\/product"}],"replies":[{"embeddable":true,"href":"https:\/\/gamemaster.net.br\/index.php?rest_route=%2Fwp%2Fv2%2Fcomments&post=12375"}],"wp:featuredmedia":[{"embeddable":true,"href":"https:\/\/gamemaster.net.br\/index.php?rest_route=\/wp\/v2\/media\/12431"}],"wp:attachment":[{"href":"https:\/\/gamemaster.net.br\/index.php?rest_route=%2Fwp%2Fv2%2Fmedia&parent=12375"}],"wp:term":[{"taxonomy":"product_brand","embeddable":true,"href":"https:\/\/gamemaster.net.br\/index.php?rest_route=%2Fwp%2Fv2%2Fproduct_brand&post=12375"},{"taxonomy":"product_cat","embeddable":true,"href":"https:\/\/gamemaster.net.br\/index.php?rest_route=%2Fwp%2Fv2%2Fproduct_cat&post=12375"},{"taxonomy":"product_tag","embeddable":true,"href":"https:\/\/gamemaster.net.br\/index.php?rest_route=%2Fwp%2Fv2%2Fproduct_tag&post=12375"}],"curies":[{"name":"wp","href":"https:\/\/api.w.org\/{rel}","templated":true}]}}