{"id":12377,"date":"2023-10-11T15:23:14","date_gmt":"2023-10-11T18:23:14","guid":{"rendered":"https:\/\/gamemaster.net.br\/?product=dixit-disney"},"modified":"2024-01-06T10:44:29","modified_gmt":"2024-01-06T13:44:29","slug":"dixit-disney","status":"publish","type":"product","link":"https:\/\/gamemaster.net.br\/?product=dixit-disney","title":{"rendered":"Dixit Disney"},"content":{"rendered":"<p>Dixit, o amado cl\u00e1ssico moderno que cativou milh\u00f5es de jogadores ao redor do mundo, est\u00e1 encontrando o universo Disney!<\/p>\n<p>Um novo jogo independente de Dixit, com 84 cartas maravilhosas, baseadas nos famosos filmes da Disney e Pixar, desde Branca de Neve at\u00e9 Red: Crescer \u00e9 uma Fera.<\/p>\n<p>Mesmas regras, com novo material de Dixit para 3 a 6 jogadores: um tabuleiro, marcadores de voto, pe\u00e7as de madeira&#8230; tudo lindamente revestido com a magia Disney.<\/p>\n<p><strong>Como jogar Dixit?<\/strong><\/p>\n<p>Dixit: Disney Edition \u00e9 um jogo lindamente ilustrado com as obras-primas Disney e Pixar, que estimula a imagina\u00e7\u00e3o e intui\u00e7\u00e3o. \u00c9 um jogo simples e divertido de contar hist\u00f3rias, interpretar e adivinhar. Em cada turno:<\/p>\n<p>1. Cada jogador \u00e9 o narrador durante um turno. O narrador escolhe uma carta de sua m\u00e3o e d\u00e1 uma dica (palavra, frase, m\u00fasica).<\/p>\n<p>2. Os jogadores escolhem a carta pr\u00f3pria da m\u00e3o que mais combine com a dica. A carta do narrador \u00e9 embaralhada com as dos jogadores. Em seguida, todas as cartas escolhidas s\u00e3o reveladas.<\/p>\n<p>3. Qual \u00e9 a carta do narrador? Os jogadores votam em segredo e a pontua\u00e7\u00e3o come\u00e7a em seguida!<\/p>\n<p><a href=\"https:\/\/asmodee1.sharepoint.com\/sites\/ArquivosGalapagos\/Documents%20partages\/Forms\/AllItems.aspx?ga=1&amp;id=%2Fsites%2FArquivosGalapagos%2FDocuments%20partages%2FArquivos%20OCC%2FB2B%2FDIX%20%2D%20Dixit%2FDIX401%20%2D%20Dixit%20Disney%20Edition%2FRegras%2FDIX401%5FRegras%5F2022%2D12%2D06%2Epdf&amp;viewid=4e967114%2D1889%2D4a14%2D8058%2Dfca8ef95905b&amp;parent=%2Fsites%2FArquivosGalapagos%2FDocuments%20partages%2FArquivos%20OCC%2FB2B%2FDIX%20%2D%20Dixit%2FDIX401%20%2D%20Dixit%20Disney%20Edition%2FRegras\"><span style=\"color: #3366ff;\">Baixe o manual aqui.<\/span><\/a><\/p>\n<p><iframe loading=\"lazy\" title=\"YouTube video player\" src=\"https:\/\/www.youtube.com\/embed\/PR3dQTgjEmk\" width=\"560\" height=\"315\" frameborder=\"0\" allowfullscreen=\"allowfullscreen\"><\/iframe><\/p>\n<p><strong>Componentes<\/strong><\/p>\n<ul>\n<li>1 livro de regras<\/li>\n<li>84 cartas Dixit<\/li>\n<li>6 marcadores de vota\u00e7\u00e3o<\/li>\n<li>6 pe\u00f5es de personagens em madeira (Mickey Mouse, Gato de Cheshire, Mike Wazowski, Meilin Lee, G\u00eanio e Tinker Bell)<\/li>\n<li>1 Tabuleiro de jogo, composto por: 1 trilha de pontos, 6 espa\u00e7os para cartas, 1 refer\u00eancia para os jogadores<\/li>\n<\/ul>\n","protected":false},"excerpt":{"rendered":"<ul>\n<li><strong>Idade: <\/strong>8+<\/li>\n<li><strong>Jogadores:\u00a0<\/strong>3-6<\/li>\n<li><strong>Tempo de jogo:\u00a0<\/strong> 30 minutos<\/li>\n<li><strong>Depend\u00eancia de Idioma:<\/strong> Nenhuma.<\/li>\n<li><strong>Designer:<\/strong>\u00a0Jean-Louis Roubira<\/li>\n<li><strong>Artista:<\/strong>\u00a0Marie Cardouat, Pier\u00f4<\/li>\n<li><strong>Dom\u00ednios:<\/strong> Jogo Familiar<\/li>\n<li><strong>Mec\u00e2nicas:<\/strong> A\u00e7\u00e3o Simult\u00e2nea, Narra\u00e7\u00e3o de Hist\u00f3rias, Vota\u00e7\u00e3o, Dedu\u00e7\u00e3o<\/li>\n<li><strong>Categorias:<\/strong> Jogo de Cartas<\/li>\n<\/ul>\n","protected":false},"featured_media":12384,"comment_status":"open","ping_status":"closed","template":"","meta":{"om_disable_all_campaigns":false,"_monsterinsights_skip_tracking":false,"_monsterinsights_sitenote_active":false,"_monsterinsights_sitenote_note":"","_monsterinsights_sitenote_category":0},"product_brand":[],"product_cat":[119],"product_tag":[],"class_list":{"0":"post-12377","1":"product","2":"type-product","3":"status-publish","4":"has-post-thumbnail","6":"product_cat-board-games","8":"first","9":"instock","10":"shipping-taxable","11":"purchasable","12":"product-type-simple"},"aioseo_notices":[],"_links":{"self":[{"href":"https:\/\/gamemaster.net.br\/index.php?rest_route=\/wp\/v2\/product\/12377","targetHints":{"allow":["GET"]}}],"collection":[{"href":"https:\/\/gamemaster.net.br\/index.php?rest_route=\/wp\/v2\/product"}],"about":[{"href":"https:\/\/gamemaster.net.br\/index.php?rest_route=\/wp\/v2\/types\/product"}],"replies":[{"embeddable":true,"href":"https:\/\/gamemaster.net.br\/index.php?rest_route=%2Fwp%2Fv2%2Fcomments&post=12377"}],"wp:featuredmedia":[{"embeddable":true,"href":"https:\/\/gamemaster.net.br\/index.php?rest_route=\/wp\/v2\/media\/12384"}],"wp:attachment":[{"href":"https:\/\/gamemaster.net.br\/index.php?rest_route=%2Fwp%2Fv2%2Fmedia&parent=12377"}],"wp:term":[{"taxonomy":"product_brand","embeddable":true,"href":"https:\/\/gamemaster.net.br\/index.php?rest_route=%2Fwp%2Fv2%2Fproduct_brand&post=12377"},{"taxonomy":"product_cat","embeddable":true,"href":"https:\/\/gamemaster.net.br\/index.php?rest_route=%2Fwp%2Fv2%2Fproduct_cat&post=12377"},{"taxonomy":"product_tag","embeddable":true,"href":"https:\/\/gamemaster.net.br\/index.php?rest_route=%2Fwp%2Fv2%2Fproduct_tag&post=12377"}],"curies":[{"name":"wp","href":"https:\/\/api.w.org\/{rel}","templated":true}]}}