{"id":12481,"date":"2024-01-12T02:05:31","date_gmt":"2024-01-12T05:05:31","guid":{"rendered":"https:\/\/gamemaster.net.br\/?post_type=product&#038;p=12481"},"modified":"2024-10-30T11:36:58","modified_gmt":"2024-10-30T14:36:58","slug":"gap","status":"publish","type":"product","link":"https:\/\/gamemaster.net.br\/?product=gap","title":{"rendered":"GAP"},"content":{"rendered":"<p>Em GAP, colecione cartas e tente deixar\u00a0<strong>o maior intervalo<\/strong>\u00a0entre a cor\u00a0<strong>mais presente<\/strong>\u00a0e a\u00a0<strong>menos presente<\/strong>\u00a0nas suas cartas.<\/p>\n<p>Em cada rodada os jogadores jogam cartas \u00e0 sua frente para ganhar as\u00a0<strong>melhores cartas<\/strong>\u00a0do centro da mesa.<\/p>\n<p>Sua pontua\u00e7\u00e3o naquela rodada ser\u00e1 a quantidade de cartas da cor\u00a0<strong>mais presente<\/strong>\u00a0menos a quantidade de cartas da cor\u00a0<strong>menos presente<\/strong>\u00a0entre todas as suas cartas.<\/p>\n<p>Some os pontos das rodadas e ao final da partida,\u00a0<strong>quem tiver mais pontos<\/strong>, vence!<\/p>\n<p><span style=\"color: #3366ff;\"><a style=\"color: #3366ff;\" href=\"https:\/\/ppgam.es\/gap-regras\">Baixe aqui o manual<\/a><\/span><\/p>\n<p><iframe loading=\"lazy\" title=\"YouTube video player\" src=\"https:\/\/www.youtube.com\/embed\/_3s5EMP5a7k?si=QdMftJ4nLf4OQIYm\" width=\"560\" height=\"315\" frameborder=\"0\" allowfullscreen=\"allowfullscreen\"><\/iframe><\/p>\n<p><strong>Componentes<\/strong><\/p>\n<ul>\n<li>50 Cartas (59 x 87 mm)<\/li>\n<li>Folheto de Regras<\/li>\n<\/ul>\n<p hidden=\"\">Paper Games<\/p>\n","protected":false},"excerpt":{"rendered":"<ul>\n<li><strong>Autor:<\/strong> Rico Besteher,\u00a0Frank Noack<\/li>\n<li><strong>Arte:\u00a0<\/strong>Ronny Libor<\/li>\n<li><strong>N\u00famero de Jogadores:<\/strong> 2 a 6 jogadores<\/li>\n<li><strong>Dura\u00e7\u00e3o:<\/strong> 10 minutos<\/li>\n<li><strong>Principais Mec\u00e2nicas:<\/strong> Gerenciamento de M\u00e3os, Colecionar Conjuntos<\/li>\n<li><strong>Classifica\u00e7\u00e3o:<\/strong> Jogo Familiares, Jogos Festivo<\/li>\n<li><strong>Categoria:<\/strong>\u00a0Jogos de Cartas<\/li>\n<\/ul>\n","protected":false},"featured_media":12482,"comment_status":"open","ping_status":"closed","template":"","meta":{"om_disable_all_campaigns":false,"_monsterinsights_skip_tracking":false,"_monsterinsights_sitenote_active":false,"_monsterinsights_sitenote_note":"","_monsterinsights_sitenote_category":0},"product_brand":[],"product_cat":[119],"product_tag":[335,370,324,368,361,371,204,369],"class_list":{"0":"post-12481","1":"product","2":"type-product","3":"status-publish","4":"has-post-thumbnail","6":"product_cat-board-games","7":"product_tag-colecionar-conjuntos","8":"product_tag-frank-noack","9":"product_tag-gerenciamento-de-maos","10":"product_tag-jogo-familiares","11":"product_tag-jogos-de-cartas","12":"product_tag-jogos-festivo","13":"product_tag-paper-games","14":"product_tag-rico-besteher","16":"first","17":"instock","18":"shipping-taxable","19":"purchasable","20":"product-type-simple"},"aioseo_notices":[],"_links":{"self":[{"href":"https:\/\/gamemaster.net.br\/index.php?rest_route=\/wp\/v2\/product\/12481","targetHints":{"allow":["GET"]}}],"collection":[{"href":"https:\/\/gamemaster.net.br\/index.php?rest_route=\/wp\/v2\/product"}],"about":[{"href":"https:\/\/gamemaster.net.br\/index.php?rest_route=\/wp\/v2\/types\/product"}],"replies":[{"embeddable":true,"href":"https:\/\/gamemaster.net.br\/index.php?rest_route=%2Fwp%2Fv2%2Fcomments&post=12481"}],"wp:featuredmedia":[{"embeddable":true,"href":"https:\/\/gamemaster.net.br\/index.php?rest_route=\/wp\/v2\/media\/12482"}],"wp:attachment":[{"href":"https:\/\/gamemaster.net.br\/index.php?rest_route=%2Fwp%2Fv2%2Fmedia&parent=12481"}],"wp:term":[{"taxonomy":"product_brand","embeddable":true,"href":"https:\/\/gamemaster.net.br\/index.php?rest_route=%2Fwp%2Fv2%2Fproduct_brand&post=12481"},{"taxonomy":"product_cat","embeddable":true,"href":"https:\/\/gamemaster.net.br\/index.php?rest_route=%2Fwp%2Fv2%2Fproduct_cat&post=12481"},{"taxonomy":"product_tag","embeddable":true,"href":"https:\/\/gamemaster.net.br\/index.php?rest_route=%2Fwp%2Fv2%2Fproduct_tag&post=12481"}],"curies":[{"name":"wp","href":"https:\/\/api.w.org\/{rel}","templated":true}]}}