{"id":12528,"date":"2024-02-08T14:37:01","date_gmt":"2024-02-08T17:37:01","guid":{"rendered":"https:\/\/gamemaster.net.br\/?post_type=product&#038;p=12528"},"modified":"2025-02-04T10:04:54","modified_gmt":"2025-02-04T13:04:54","slug":"duo-regna","status":"publish","type":"product","link":"https:\/\/gamemaster.net.br\/?product=duo-regna","title":{"rendered":"Duo Regna"},"content":{"rendered":"<p><strong>Dois reinos<\/strong>\u00a0est\u00e3o disputando pela conquista de\u00a0<strong>poderosos drag\u00f5es<\/strong>. Cabe a voc\u00ea convocar os membros do seu reino para captur\u00e1-los.<\/p>\n<p>Traga o\u00a0<strong>maior n\u00famero<\/strong>\u00a0de drag\u00f5es para suas terras e receba a gl\u00f3ria e a honra de um vencedor.<\/p>\n<p><strong>Duo Regna \u00e9 o segundo jogo da nova Linha Micro \u2013 a linha de jogos que n\u00e3o pesa no seu bolso!<\/strong><\/p>\n<p><span style=\"color: #3366ff;\"><a style=\"color: #3366ff;\" href=\"https:\/\/ppgam.es\/duo-regna-regras\">Baixe aqui o manual<\/a><\/span><\/p>\n<p><iframe loading=\"lazy\" title=\"YouTube video player\" src=\"https:\/\/www.youtube.com\/embed\/to4f_lmcS0U?si=ReyerahbTn6adOFZ&amp;start=374\" width=\"560\" height=\"315\" frameborder=\"0\" allowfullscreen=\"allowfullscreen\"><\/iframe><\/p>\n<p><strong>Componentes<\/strong><\/p>\n<ul>\n<li>25 Cartas (45 x 90 mm)<\/li>\n<li>Folheto de Regras<\/li>\n<\/ul>\n<p hidden=\"\">Paper Games<\/p>\n","protected":false},"excerpt":{"rendered":"<ul>\n<li><strong>Autor:\u00a0<\/strong>Reiner Knizia<\/li>\n<li><strong>Arte:<\/strong> Gil Martimiano<\/li>\n<li><strong>N\u00famero de Jogadores:<\/strong> 2 jogadores<\/li>\n<li><strong>Dura\u00e7\u00e3o:<\/strong> 10 minutos<\/li>\n<li><strong>Principais Mec\u00e2nicas:<\/strong> Sele\u00e7\u00e3o de A\u00e7\u00e3o Simult\u00e2nea<\/li>\n<li><strong>Classifica\u00e7\u00e3o:<\/strong> Jogo Familiares<\/li>\n<li><strong>Categoria:<\/strong>\u00a0Jogo de Cartas<\/li>\n<\/ul>\n","protected":false},"featured_media":12529,"comment_status":"open","ping_status":"closed","template":"","meta":{"om_disable_all_campaigns":false,"_monsterinsights_skip_tracking":false,"_monsterinsights_sitenote_active":false,"_monsterinsights_sitenote_note":"","_monsterinsights_sitenote_category":0},"product_brand":[],"product_cat":[119],"product_tag":[149,368,204,182],"class_list":{"0":"post-12528","1":"product","2":"type-product","3":"status-publish","4":"has-post-thumbnail","6":"product_cat-board-games","7":"product_tag-jogo-de-cartas","8":"product_tag-jogo-familiares","9":"product_tag-paper-games","10":"product_tag-reiner-knizia","12":"first","13":"outofstock","14":"shipping-taxable","15":"purchasable","16":"product-type-simple"},"aioseo_notices":[],"_links":{"self":[{"href":"https:\/\/gamemaster.net.br\/index.php?rest_route=\/wp\/v2\/product\/12528","targetHints":{"allow":["GET"]}}],"collection":[{"href":"https:\/\/gamemaster.net.br\/index.php?rest_route=\/wp\/v2\/product"}],"about":[{"href":"https:\/\/gamemaster.net.br\/index.php?rest_route=\/wp\/v2\/types\/product"}],"replies":[{"embeddable":true,"href":"https:\/\/gamemaster.net.br\/index.php?rest_route=%2Fwp%2Fv2%2Fcomments&post=12528"}],"wp:featuredmedia":[{"embeddable":true,"href":"https:\/\/gamemaster.net.br\/index.php?rest_route=\/wp\/v2\/media\/12529"}],"wp:attachment":[{"href":"https:\/\/gamemaster.net.br\/index.php?rest_route=%2Fwp%2Fv2%2Fmedia&parent=12528"}],"wp:term":[{"taxonomy":"product_brand","embeddable":true,"href":"https:\/\/gamemaster.net.br\/index.php?rest_route=%2Fwp%2Fv2%2Fproduct_brand&post=12528"},{"taxonomy":"product_cat","embeddable":true,"href":"https:\/\/gamemaster.net.br\/index.php?rest_route=%2Fwp%2Fv2%2Fproduct_cat&post=12528"},{"taxonomy":"product_tag","embeddable":true,"href":"https:\/\/gamemaster.net.br\/index.php?rest_route=%2Fwp%2Fv2%2Fproduct_tag&post=12528"}],"curies":[{"name":"wp","href":"https:\/\/api.w.org\/{rel}","templated":true}]}}