{"id":12550,"date":"2024-02-28T22:36:30","date_gmt":"2024-02-29T01:36:30","guid":{"rendered":"https:\/\/gamemaster.net.br\/?post_type=product&#038;p=12550"},"modified":"2026-01-14T12:26:34","modified_gmt":"2026-01-14T15:26:34","slug":"sleeve-custom-75x105","status":"publish","type":"product","link":"https:\/\/gamemaster.net.br\/?product=sleeve-custom-75x105","title":{"rendered":"Sleeve Custom 75&#215;105"},"content":{"rendered":"<p>Sleeves Quadrado Customizados para Reykholt e\u00a0Watergate<\/p>\n<p>Pacote com 100sleeves (75&#215;105),\u00a0ideal para proteger as cartas dos jogos: Heykholt e tamb\u00e9m do jogo\u00a0Watergate<\/p>\n<ul>\n<li>Fabrica\u00e7\u00e3o pr\u00f3pria. (Ind\u00fastria brasileira de acess\u00f3rios para card e board games).<\/li>\n<li>Feito de Polipropileno(PP) transparente de alta qualidade.<\/li>\n<li>Sem PVC.<\/li>\n<li>N\u00e3o T\u00f3xico.<\/li>\n<\/ul>\n","protected":false},"excerpt":{"rendered":"<p>Sleeves Quadrado Customizados para Reykholt e\u00a0Watergate Pacote com 100sleeves (75&#215;105),\u00a0ideal para proteger as cartas dos jogos: Heykholt e tamb\u00e9m do jogo\u00a0Watergate Fabrica\u00e7\u00e3o pr\u00f3pria. (Ind\u00fastria brasileira de acess\u00f3rios para card e board games). Feito de Polipropileno(PP) transparente de alta qualidade. Sem PVC. N\u00e3o T\u00f3xico.<\/p>\n","protected":false},"featured_media":12551,"comment_status":"open","ping_status":"closed","template":"","meta":{"om_disable_all_campaigns":false,"_monsterinsights_skip_tracking":false,"_monsterinsights_sitenote_active":false,"_monsterinsights_sitenote_note":"","_monsterinsights_sitenote_category":0},"product_brand":[],"product_cat":[69],"product_tag":[],"class_list":{"0":"post-12550","1":"product","2":"type-product","3":"status-publish","4":"has-post-thumbnail","6":"product_cat-bucaneiros","8":"first","9":"instock","10":"shipping-taxable","11":"purchasable","12":"product-type-simple"},"aioseo_notices":[],"_links":{"self":[{"href":"https:\/\/gamemaster.net.br\/index.php?rest_route=\/wp\/v2\/product\/12550","targetHints":{"allow":["GET"]}}],"collection":[{"href":"https:\/\/gamemaster.net.br\/index.php?rest_route=\/wp\/v2\/product"}],"about":[{"href":"https:\/\/gamemaster.net.br\/index.php?rest_route=\/wp\/v2\/types\/product"}],"replies":[{"embeddable":true,"href":"https:\/\/gamemaster.net.br\/index.php?rest_route=%2Fwp%2Fv2%2Fcomments&post=12550"}],"wp:featuredmedia":[{"embeddable":true,"href":"https:\/\/gamemaster.net.br\/index.php?rest_route=\/wp\/v2\/media\/12551"}],"wp:attachment":[{"href":"https:\/\/gamemaster.net.br\/index.php?rest_route=%2Fwp%2Fv2%2Fmedia&parent=12550"}],"wp:term":[{"taxonomy":"product_brand","embeddable":true,"href":"https:\/\/gamemaster.net.br\/index.php?rest_route=%2Fwp%2Fv2%2Fproduct_brand&post=12550"},{"taxonomy":"product_cat","embeddable":true,"href":"https:\/\/gamemaster.net.br\/index.php?rest_route=%2Fwp%2Fv2%2Fproduct_cat&post=12550"},{"taxonomy":"product_tag","embeddable":true,"href":"https:\/\/gamemaster.net.br\/index.php?rest_route=%2Fwp%2Fv2%2Fproduct_tag&post=12550"}],"curies":[{"name":"wp","href":"https:\/\/api.w.org\/{rel}","templated":true}]}}