{"id":12596,"date":"2024-05-04T00:15:24","date_gmt":"2024-05-04T03:15:24","guid":{"rendered":"https:\/\/gamemaster.net.br\/?post_type=product&#038;p=12596"},"modified":"2024-05-04T00:25:53","modified_gmt":"2024-05-04T03:25:53","slug":"splito","status":"publish","type":"product","link":"https:\/\/gamemaster.net.br\/?product=splito","title":{"rendered":"Splito"},"content":{"rendered":"<p>Em\u00a0<strong>Splito, estrat\u00e9gia e coopera\u00e7\u00e3o se fundem<\/strong>\u00a0em uma experi\u00eancia emocionante!<\/p>\n<p>Ao longo de rodadas intensas, os jogadores devem escolher suas cartas com sabedoria, posicionando-as\u00a0<strong>entre si e seus vizinhos<\/strong>\u00a0para alcan\u00e7ar\u00a0<strong>objetivos comuns<\/strong>.<\/p>\n<p>Com uma din\u00e2mica inteligente, cada decis\u00e3o\u00a0<strong>molda o destino<\/strong>\u00a0da partida. Por\u00e9m, cuidado: a busca pela vit\u00f3ria exige um\u00a0<strong>equil\u00edbrio delicado entre ajudar<\/strong>\u00a0os outros e priorizar seus\u00a0<strong>pr\u00f3prios interesses<\/strong>.<\/p>\n<p>Prepare-se para um final surpreendente, onde cada jogador calcula sua pontua\u00e7\u00e3o\u00a0<strong>multiplicando<\/strong>\u00a0o total da \u00e1rea \u00e0 sua\u00a0<strong>direita<\/strong>\u00a0pelo total da \u00e1rea \u00e0 sua\u00a0<strong>esquerda<\/strong>.<\/p>\n<p>Desafie suas\u00a0<strong>habilidades t\u00e1ticas e sociais<\/strong>\u00a0em Splito e compartilhe\u00a0<strong>tudo<\/strong>, menos a\u00a0<strong>vit\u00f3ria<\/strong>!<\/p>\n<p><span style=\"color: #3366ff;\"><a style=\"color: #3366ff;\" href=\"https:\/\/ppgam.es\/splito-regras\">Baixe aqui o manual<\/a><\/span><\/p>\n<p><iframe loading=\"lazy\" title=\"YouTube video player\" src=\"https:\/\/www.youtube.com\/embed\/kIXFCDKAIZo?si=QfwaIRknUHka8OIM\" width=\"560\" height=\"315\" frameborder=\"0\" allowfullscreen=\"allowfullscreen\"><\/iframe><\/p>\n<p><strong>Componentes<\/strong><\/p>\n<ul>\n<li>109 Cartas (56 x 87 mm)<\/li>\n<li>1 Bloco de Pontua\u00e7\u00e3o<\/li>\n<li>Folheto de Regras<\/li>\n<\/ul>\n<p hidden=\"\">Paper Games<\/p>\n","protected":false},"excerpt":{"rendered":"<ul>\n<li><strong>Idade:\u00a0<\/strong>14+<\/li>\n<li><strong>Autor:<\/strong>\u00a0Luc R\u00e9mond,\u00a0Romaric Galonnier<br \/>\n<strong>Arte:<\/strong>\u00a0<a href=\"https:\/\/boardgamegeek.com\/boardgameartist\/83279\/maud-chalmel\" target=\"_blank\" rel=\"noopener\">Maud <\/a>C<a href=\"https:\/\/boardgamegeek.com\/boardgameartist\/83279\/maud-chalmel\" target=\"_blank\" rel=\"noopener\">halmel<\/a><br \/>\n<strong>N\u00famero de Jogadores:<\/strong>\u00a02 a 8 jogadores<br \/>\n<strong>Dura\u00e7\u00e3o:<\/strong>\u00a015 minutos<br \/>\n<strong>Principais Mec\u00e2nicas:<\/strong> Gerenciamento de M\u00e3os, Sele\u00e7\u00e3o de A\u00e7\u00e3o Simult\u00e2nea, Compartilhamento entre Vizinhos<br \/>\n<strong>Classifica\u00e7\u00e3o:<\/strong>\u00a0Jogo Familiares<br \/>\n<strong>Categoria:<\/strong>\u00a0Jogo de Cartas<\/li>\n<\/ul>\n","protected":false},"featured_media":12597,"comment_status":"open","ping_status":"closed","template":"","meta":{"om_disable_all_campaigns":false,"_monsterinsights_skip_tracking":false,"_monsterinsights_sitenote_active":false,"_monsterinsights_sitenote_note":"","_monsterinsights_sitenote_category":0},"product_brand":[],"product_cat":[119],"product_tag":[408,324,149,368,406,204,407,327],"class_list":{"0":"post-12596","1":"product","2":"type-product","3":"status-publish","4":"has-post-thumbnail","6":"product_cat-board-games","7":"product_tag-compartilhamento-entre-vizinhos","8":"product_tag-gerenciamento-de-maos","9":"product_tag-jogo-de-cartas","10":"product_tag-jogo-familiares","11":"product_tag-luc-remond","12":"product_tag-paper-games","13":"product_tag-romaric-galonnier","14":"product_tag-selecao-de-acao-simultanea","16":"first","17":"instock","18":"shipping-taxable","19":"purchasable","20":"product-type-simple"},"aioseo_notices":[],"_links":{"self":[{"href":"https:\/\/gamemaster.net.br\/index.php?rest_route=\/wp\/v2\/product\/12596","targetHints":{"allow":["GET"]}}],"collection":[{"href":"https:\/\/gamemaster.net.br\/index.php?rest_route=\/wp\/v2\/product"}],"about":[{"href":"https:\/\/gamemaster.net.br\/index.php?rest_route=\/wp\/v2\/types\/product"}],"replies":[{"embeddable":true,"href":"https:\/\/gamemaster.net.br\/index.php?rest_route=%2Fwp%2Fv2%2Fcomments&post=12596"}],"wp:featuredmedia":[{"embeddable":true,"href":"https:\/\/gamemaster.net.br\/index.php?rest_route=\/wp\/v2\/media\/12597"}],"wp:attachment":[{"href":"https:\/\/gamemaster.net.br\/index.php?rest_route=%2Fwp%2Fv2%2Fmedia&parent=12596"}],"wp:term":[{"taxonomy":"product_brand","embeddable":true,"href":"https:\/\/gamemaster.net.br\/index.php?rest_route=%2Fwp%2Fv2%2Fproduct_brand&post=12596"},{"taxonomy":"product_cat","embeddable":true,"href":"https:\/\/gamemaster.net.br\/index.php?rest_route=%2Fwp%2Fv2%2Fproduct_cat&post=12596"},{"taxonomy":"product_tag","embeddable":true,"href":"https:\/\/gamemaster.net.br\/index.php?rest_route=%2Fwp%2Fv2%2Fproduct_tag&post=12596"}],"curies":[{"name":"wp","href":"https:\/\/api.w.org\/{rel}","templated":true}]}}