{"id":12599,"date":"2024-05-04T00:26:41","date_gmt":"2024-05-04T03:26:41","guid":{"rendered":"https:\/\/gamemaster.net.br\/?post_type=product&#038;p=12599"},"modified":"2025-06-12T16:12:18","modified_gmt":"2025-06-12T19:12:18","slug":"glitches","status":"publish","type":"product","link":"https:\/\/gamemaster.net.br\/?product=glitches","title":{"rendered":"Glitches"},"content":{"rendered":"<p>O ano \u00e9 2178 e voc\u00ea \u00e9 um\u00a0<strong>hacker de antigas tecnologias<\/strong>.<\/p>\n<p><strong>Invadindo c\u00e2meras de seguran\u00e7a<\/strong>\u00a0de velhos dep\u00f3sitos de m\u00e1quinas obsoletas,\u00a0<strong>voc\u00ea est\u00e1 em busca de falhas na rede<\/strong>\u00a0para resgatar dados e\u00a0<strong>vend\u00ea-los<\/strong>\u00a0para megacorpora\u00e7\u00f5es.<\/p>\n<p>Utilize as c\u00e2meras de seguran\u00e7a desses dep\u00f3sitos e\u00a0<strong>encontre<\/strong>\u00a0equipamentos: da\u00a0<strong>mesma empresa<\/strong>, de uma\u00a0<strong>sequ\u00eancia da rede<\/strong>\u00a0ou do mesmo\u00a0<strong>slot de conex\u00e3o<\/strong>.<\/p>\n<p><strong>Glitches<\/strong>\u00a0\u00e9 mais um jogo da\u00a0<strong>Linha Micro<\/strong>\u00a0assinado pelo aclamado autor Reiner Knizia.<\/p>\n<p><span style=\"color: #3366ff;\"><a style=\"color: #3366ff;\" href=\"https:\/\/ppgam.es\/glitches-regras\">Baixe aqui o manual<\/a><\/span><\/p>\n<p><iframe loading=\"lazy\" title=\"YouTube video player\" src=\"https:\/\/www.youtube.com\/embed\/rlyMjM4jV14?si=0suRjZEffcBw2WTu\" width=\"560\" height=\"315\" frameborder=\"0\" allowfullscreen=\"allowfullscreen\"><\/iframe><\/p>\n<p><strong>Componentes<\/strong><\/p>\n<ul>\n<li>24 Cartas (60 x 60 mm)<\/li>\n<li>Folheto de Regras<\/li>\n<\/ul>\n<p hidden=\"\">Paper Games<\/p>\n","protected":false},"excerpt":{"rendered":"<ul>\n<li><strong>Idade:\u00a0<\/strong>14+<\/li>\n<li><strong>Autor:\u00a0<\/strong>Reiner Knizia<\/li>\n<li><strong>Arte:\u00a0<\/strong>Danilo Salvego<\/li>\n<li><strong>N\u00famero de Jogadores:<\/strong> 2 jogadores<\/li>\n<li><strong>Dura\u00e7\u00e3o:<\/strong> 10 minutos<\/li>\n<li><strong>Principais Mec\u00e2nicas:<\/strong> Gest\u00e3o de M\u00e3o, Coloca\u00e7\u00e3o de Pe\u00e7as, Constru\u00e7\u00e3o a partir de Modelo, Cobertura de Grade<\/li>\n<li><strong>Classifica\u00e7\u00e3o:<\/strong> Jogo Familiares<\/li>\n<li><strong>Categoria:<\/strong>\u00a0Jogo de Cartas<\/li>\n<\/ul>\n","protected":false},"featured_media":12604,"comment_status":"open","ping_status":"closed","template":"","meta":{"om_disable_all_campaigns":false,"_monsterinsights_skip_tracking":false,"_monsterinsights_sitenote_active":false,"_monsterinsights_sitenote_note":"","_monsterinsights_sitenote_category":0},"product_brand":[],"product_cat":[119],"product_tag":[409,156,192,130,149,368,204,182],"class_list":{"0":"post-12599","1":"product","2":"type-product","3":"status-publish","4":"has-post-thumbnail","6":"product_cat-board-games","7":"product_tag-cobertura-de-grade","8":"product_tag-colocacao-de-pecas","9":"product_tag-construcao-a-partir-de-modelo","10":"product_tag-gestao-de-mao","11":"product_tag-jogo-de-cartas","12":"product_tag-jogo-familiares","13":"product_tag-paper-games","14":"product_tag-reiner-knizia","16":"first","17":"instock","18":"shipping-taxable","19":"purchasable","20":"product-type-simple"},"aioseo_notices":[],"_links":{"self":[{"href":"https:\/\/gamemaster.net.br\/index.php?rest_route=\/wp\/v2\/product\/12599","targetHints":{"allow":["GET"]}}],"collection":[{"href":"https:\/\/gamemaster.net.br\/index.php?rest_route=\/wp\/v2\/product"}],"about":[{"href":"https:\/\/gamemaster.net.br\/index.php?rest_route=\/wp\/v2\/types\/product"}],"replies":[{"embeddable":true,"href":"https:\/\/gamemaster.net.br\/index.php?rest_route=%2Fwp%2Fv2%2Fcomments&post=12599"}],"wp:featuredmedia":[{"embeddable":true,"href":"https:\/\/gamemaster.net.br\/index.php?rest_route=\/wp\/v2\/media\/12604"}],"wp:attachment":[{"href":"https:\/\/gamemaster.net.br\/index.php?rest_route=%2Fwp%2Fv2%2Fmedia&parent=12599"}],"wp:term":[{"taxonomy":"product_brand","embeddable":true,"href":"https:\/\/gamemaster.net.br\/index.php?rest_route=%2Fwp%2Fv2%2Fproduct_brand&post=12599"},{"taxonomy":"product_cat","embeddable":true,"href":"https:\/\/gamemaster.net.br\/index.php?rest_route=%2Fwp%2Fv2%2Fproduct_cat&post=12599"},{"taxonomy":"product_tag","embeddable":true,"href":"https:\/\/gamemaster.net.br\/index.php?rest_route=%2Fwp%2Fv2%2Fproduct_tag&post=12599"}],"curies":[{"name":"wp","href":"https:\/\/api.w.org\/{rel}","templated":true}]}}