{"id":12617,"date":"2024-06-18T16:01:33","date_gmt":"2024-06-18T19:01:33","guid":{"rendered":"https:\/\/gamemaster.net.br\/?post_type=product&#038;p=12617"},"modified":"2024-06-24T15:54:52","modified_gmt":"2024-06-24T18:54:52","slug":"harmonies","status":"publish","type":"product","link":"https:\/\/gamemaster.net.br\/?product=harmonies","title":{"rendered":"Harmonies"},"content":{"rendered":"<p><strong>Harmonies \u00e9 um jogo abstrato com tem\u00e1tica de natureza, com regras simples mas grande potencial estrat\u00e9gico.<\/strong><\/p>\n<p>Crie um mundo em miniatura no qual os animais vivem em perfeita harmonia com a natureza!<\/p>\n<p>Posicione suas pe\u00e7as para criar paisagens no seu tabuleiro;<\/p>\n<p>Escolha os animais que melhor se encaixam no seu mundo;<\/p>\n<p>Combine suas paisagens e animais para marcar o m\u00e1ximo poss\u00edvel de pontos.<\/p>\n<p><a style=\"color: #3366ff;\" href=\"https:\/\/asmodee1.sharepoint.com\/sites\/ArquivosGalapagos\/Documents%20partages\/Arquivos%20OCC\/B2B\/HRM%20-%20Harmonies\/HRM001%20-%20Harmonies\/Regras\/HRM001_Regras_2023-10-25.pdf?wdsle=0&amp;CT=1718738464074&amp;OR=ItemsView\">Baixe aqui o manual.<\/a><\/p>\n<p><iframe loading=\"lazy\" title=\"YouTube video player\" src=\"https:\/\/www.youtube.com\/embed\/w1qC6IKqAW4?si=ajCHdqGhuCEjGpxF\" width=\"560\" height=\"315\" frameborder=\"0\" allowfullscreen=\"allowfullscreen\"><\/iframe><\/p>\n<p><strong>Componentes<\/strong><\/p>\n<ul>\n<li>1 Livro de Regras<\/li>\n<li>1 Bolsa<\/li>\n<li>1 Tabuleiro Central<\/li>\n<li>4 Tabuleiros Pessoais<\/li>\n<li>4 Cartas de Aux\u00edlio<\/li>\n<li>120 Pe\u00e7as<\/li>\n<li>66 Cubos de Animais<\/li>\n<li>4 Cubos de Esp\u00edritos da Natureza<\/li>\n<li>32 Cartas de Animais<\/li>\n<li>10 Cartas de Esp\u00edritos da Natureza<\/li>\n<li>1 Bloco de Pontua\u00e7\u00e3o<\/li>\n<\/ul>\n","protected":false},"excerpt":{"rendered":"<ul class=\"list-technical\">\n<li class=\"ficha_tecnica\"><strong>Idade:<\/strong> 10+<\/li>\n<li class=\"ficha_tecnica\"><strong>Tempo:<\/strong> 30 min<\/li>\n<li class=\"ficha_tecnica\"><strong>Numero de jogadores:<\/strong> 1-4<\/li>\n<li><strong>Designer:<\/strong> Johan Benvenuto<\/li>\n<li><strong>Depend\u00eancia de Idioma:<\/strong>\u00a0Nenhuma<\/li>\n<li><strong>Artista:<\/strong>\u00a0Philippe Gu\u00e9rin, Chris Quilliams<\/li>\n<li><strong>Dom\u00ednios:<\/strong>\u00a0Jogos Familiares<\/li>\n<li><strong>Mec\u00e2nicas:\u00a0<\/strong>Constru\u00e7\u00e3o a partir de Modelo<\/li>\n<\/ul>\n","protected":false},"featured_media":12618,"comment_status":"open","ping_status":"closed","template":"","meta":{"om_disable_all_campaigns":false,"_monsterinsights_skip_tracking":false,"_monsterinsights_sitenote_active":false,"_monsterinsights_sitenote_note":"","_monsterinsights_sitenote_category":0},"product_brand":[],"product_cat":[119],"product_tag":[192,126,128,416],"class_list":{"0":"post-12617","1":"product","2":"type-product","3":"status-publish","4":"has-post-thumbnail","6":"product_cat-board-games","7":"product_tag-construcao-a-partir-de-modelo","8":"product_tag-galapagos-jogos","9":"product_tag-jogos-familiares","10":"product_tag-johan-benvenuto","12":"first","13":"outofstock","14":"sale","15":"shipping-taxable","16":"purchasable","17":"product-type-simple"},"aioseo_notices":[],"_links":{"self":[{"href":"https:\/\/gamemaster.net.br\/index.php?rest_route=\/wp\/v2\/product\/12617","targetHints":{"allow":["GET"]}}],"collection":[{"href":"https:\/\/gamemaster.net.br\/index.php?rest_route=\/wp\/v2\/product"}],"about":[{"href":"https:\/\/gamemaster.net.br\/index.php?rest_route=\/wp\/v2\/types\/product"}],"replies":[{"embeddable":true,"href":"https:\/\/gamemaster.net.br\/index.php?rest_route=%2Fwp%2Fv2%2Fcomments&post=12617"}],"wp:featuredmedia":[{"embeddable":true,"href":"https:\/\/gamemaster.net.br\/index.php?rest_route=\/wp\/v2\/media\/12618"}],"wp:attachment":[{"href":"https:\/\/gamemaster.net.br\/index.php?rest_route=%2Fwp%2Fv2%2Fmedia&parent=12617"}],"wp:term":[{"taxonomy":"product_brand","embeddable":true,"href":"https:\/\/gamemaster.net.br\/index.php?rest_route=%2Fwp%2Fv2%2Fproduct_brand&post=12617"},{"taxonomy":"product_cat","embeddable":true,"href":"https:\/\/gamemaster.net.br\/index.php?rest_route=%2Fwp%2Fv2%2Fproduct_cat&post=12617"},{"taxonomy":"product_tag","embeddable":true,"href":"https:\/\/gamemaster.net.br\/index.php?rest_route=%2Fwp%2Fv2%2Fproduct_tag&post=12617"}],"curies":[{"name":"wp","href":"https:\/\/api.w.org\/{rel}","templated":true}]}}