{"id":12638,"date":"2024-07-31T14:17:23","date_gmt":"2024-07-31T17:17:23","guid":{"rendered":"https:\/\/gamemaster.net.br\/?post_type=product&#038;p=12638"},"modified":"2024-09-15T22:35:35","modified_gmt":"2024-09-16T01:35:35","slug":"ito","status":"publish","type":"product","link":"https:\/\/gamemaster.net.br\/?product=ito","title":{"rendered":"Ito"},"content":{"rendered":"<p>Um party game bem diferente. Vindo direto do Jap\u00e3o,\u00a0<strong>ito<\/strong>\u00a0\u00e9 um jogo cooperativo em que voc\u00ea e seus amigos ter\u00e3o n\u00fameros secretos e precisar\u00e3o organiz\u00e1-los em ordem crescente, com base nas pistas que cada jogador der relacionadas ao tema escolhido.<\/p>\n<p>No in\u00edcio do jogo, cada jogador recebe uma carta com um n\u00famero secreto que pode ter um valor entre 1 e 100. Voc\u00ea precisa guardar esse n\u00famero em SEGREDO!<\/p>\n<p>Em seguida, voc\u00eas sorteiam um tema e cada jogador dar\u00e1 pistas dentro do tema, para que voc\u00eas consigam deduzir qual \u00e9 o n\u00famero de cada um, por\u00e9m, sem mostrar ou revelar o n\u00famero.<\/p>\n<p>O truque de Ito \u00e9 garantir que todos entendam suas inten\u00e7\u00f5es apenas ouvindo as pistas.\u00a0<strong>Ser\u00e1 que voc\u00ea e seus amigos enxergam o mundo da mesma forma?\u00a0<\/strong><\/p>\n<p>Divirta-se descobrindo isso, em um emocionante e divertido jogo de festa!<\/p>\n<p><a style=\"color: #3366ff;\" href=\"https:\/\/meeplebr.com\/app\/uploads\/2024\/05\/Sheet_Manual_ITO_PT.pdf\">Baixe aqui o manual.<\/a><\/p>\n<p><iframe loading=\"lazy\" title=\"YouTube video player\" src=\"https:\/\/www.youtube.com\/embed\/K7WcmqzdnvY?si=hdLTJVsjcwgPAIj1&amp;start=31\" width=\"560\" height=\"315\" frameborder=\"0\" allowfullscreen=\"allowfullscreen\"><\/iframe><\/p>\n<p><strong>Componentes<\/strong><\/p>\n<ul>\n<li>1 Manual<\/li>\n<li>1 Carta \u201czero\u201d<\/li>\n<li>1 Folha de Temas<\/li>\n<li>16 Cartas nas cores dos jogadores<\/li>\n<li>1 Carta marcadora de tema<\/li>\n<li>100 Cartas de N\u00fameros<\/li>\n<\/ul>\n","protected":false},"excerpt":{"rendered":"<ul class=\"list-technical\">\n<li class=\"ficha_tecnica\"><strong>Idade:<\/strong> 8+<\/li>\n<li class=\"ficha_tecnica\"><strong>Tempo:<\/strong> 30min<\/li>\n<li class=\"ficha_tecnica\"><strong>Numero de jogadores:<\/strong> 2-10<\/li>\n<li><strong>Designer:<\/strong> Mitsuru Nakamura<\/li>\n<li><strong>Depend\u00eancia de Idioma:<\/strong> Nenhum<\/li>\n<li><strong>Dom\u00ednios:<\/strong>\u00a0Jogos Familiares<\/li>\n<li><strong>Mec\u00e2nicas: <\/strong>\u00a0Cooperativo<\/li>\n<li><strong>Categoria:\u00a0<\/strong>Jogo de Cartas<\/li>\n<\/ul>\n","protected":false},"featured_media":12639,"comment_status":"open","ping_status":"closed","template":"","meta":{"om_disable_all_campaigns":false,"_monsterinsights_skip_tracking":false,"_monsterinsights_sitenote_active":false,"_monsterinsights_sitenote_note":"","_monsterinsights_sitenote_category":0},"product_brand":[],"product_cat":[119],"product_tag":[206,149,128,239,238,422],"class_list":{"0":"post-12638","1":"product","2":"type-product","3":"status-publish","4":"has-post-thumbnail","6":"product_cat-board-games","7":"product_tag-cooperativo","8":"product_tag-jogo-de-cartas","9":"product_tag-jogos-familiares","10":"product_tag-meeple-br-jogos","11":"product_tag-meeplebr","12":"product_tag-mitsuru-nakamura","14":"first","15":"outofstock","16":"shipping-taxable","17":"purchasable","18":"product-type-simple"},"aioseo_notices":[],"_links":{"self":[{"href":"https:\/\/gamemaster.net.br\/index.php?rest_route=\/wp\/v2\/product\/12638","targetHints":{"allow":["GET"]}}],"collection":[{"href":"https:\/\/gamemaster.net.br\/index.php?rest_route=\/wp\/v2\/product"}],"about":[{"href":"https:\/\/gamemaster.net.br\/index.php?rest_route=\/wp\/v2\/types\/product"}],"replies":[{"embeddable":true,"href":"https:\/\/gamemaster.net.br\/index.php?rest_route=%2Fwp%2Fv2%2Fcomments&post=12638"}],"wp:featuredmedia":[{"embeddable":true,"href":"https:\/\/gamemaster.net.br\/index.php?rest_route=\/wp\/v2\/media\/12639"}],"wp:attachment":[{"href":"https:\/\/gamemaster.net.br\/index.php?rest_route=%2Fwp%2Fv2%2Fmedia&parent=12638"}],"wp:term":[{"taxonomy":"product_brand","embeddable":true,"href":"https:\/\/gamemaster.net.br\/index.php?rest_route=%2Fwp%2Fv2%2Fproduct_brand&post=12638"},{"taxonomy":"product_cat","embeddable":true,"href":"https:\/\/gamemaster.net.br\/index.php?rest_route=%2Fwp%2Fv2%2Fproduct_cat&post=12638"},{"taxonomy":"product_tag","embeddable":true,"href":"https:\/\/gamemaster.net.br\/index.php?rest_route=%2Fwp%2Fv2%2Fproduct_tag&post=12638"}],"curies":[{"name":"wp","href":"https:\/\/api.w.org\/{rel}","templated":true}]}}