{"id":12643,"date":"2024-07-31T15:10:21","date_gmt":"2024-07-31T18:10:21","guid":{"rendered":"https:\/\/gamemaster.net.br\/?post_type=product&#038;p=12643"},"modified":"2024-08-03T11:53:54","modified_gmt":"2024-08-03T14:53:54","slug":"lotta-rome","status":"publish","type":"product","link":"https:\/\/gamemaster.net.br\/?product=lotta-rome","title":{"rendered":"Lotta Rome"},"content":{"rendered":"<p><strong>Divida e troque terras para criar um dom\u00ednio pr\u00f3spero em Lotta Rome!<\/strong><\/p>\n<p>O outrora pr\u00f3spero Imp\u00e9rio Romano se desfez. Quem pode resistir \u00e0 tenta\u00e7\u00e3o de reivindicar algumas das terras para si? Prefere vinhas ou pedreiras? Ou talvez queira um pouco de tudo com uns olivais e um lagar por cima? Tudo o que voc\u00ea precisa \u00e9 fazer uma boa troca: oferecer um belo teatro antigo em troca ou adicionar alguns diamantes preciosos\u2026<\/p>\n<p>Lotta Rome se desenrola em quatro rodadas, cada uma dividida em quatro fases:<\/p>\n<ol>\n<li><strong>Explora\u00e7\u00e3o:<\/strong>\u00a0os jogadores revelam cinco terrenos do seu monte e os colocam \u00e0 vista, posicionando dois edif\u00edcios sobre os primeiros terrenos.<\/li>\n<li><strong>Divis\u00e3o:<\/strong>\u00a0Os terrenos s\u00e3o divididos em dois conjuntos. Uma joia \u00e9 adicionada ao conjunto menor para torn\u00e1-lo mais atraente.<\/li>\n<li><strong>Sele\u00e7\u00e3o:<\/strong>\u00a0Jogadores escolhem entre pegar o conjunto maior ou menor de terrenos de um vizinho, decidindo baseado em suas estrat\u00e9gias de constru\u00e7\u00e3o e acumula\u00e7\u00e3o de joias.<\/li>\n<li><strong>Anexa\u00e7\u00e3o:<\/strong>\u00a0Os conjuntos escolhidos s\u00e3o anexados ao dom\u00ednio do jogador, onde edif\u00edcios j\u00e1 posicionados podem aumentar sua pontua\u00e7\u00e3o se conectados a terrenos correspondentes.<\/li>\n<\/ol>\n<p>Essa mec\u00e2nica garante que os jogadores de\u00a0<strong>Lotta Rome<\/strong>\u00a0engajem em din\u00e2micas tanto cooperativas quanto competitivas, fazendo escolhas estrat\u00e9gicas que afetam n\u00e3o apenas os seus pr\u00f3prios resultados, mas tamb\u00e9m os dos seus oponentes. Esta configura\u00e7\u00e3o o torna uma \u00f3tima escolha para aqueles que gostam de jogos que exigem pensar no futuro e manipular o tabuleiro e as intera\u00e7\u00f5es dos demais jogadores para obter vantagens.<\/p>\n<p>Lotta Rome \u00e9 um jogo de estrat\u00e9gia simples baseado na mec\u00e2nica original de \u201ceu corto, voc\u00ea escolhe\u201d para aspirantes a conquistadores de todas as idades.<\/p>\n<p><a style=\"color: #3366ff;\" href=\"https:\/\/meeplebr.com\/app\/uploads\/2024\/04\/Rules_LR_225%D1%85444_eng_W-B_2-PT-BR.pdf\">Baixe aqui o manual.<\/a><\/p>\n<p><iframe loading=\"lazy\" title=\"YouTube video player\" src=\"https:\/\/www.youtube.com\/embed\/XKeEyc7TEMU?si=xM9K1G0U_QE1h0Hz\" width=\"560\" height=\"315\" frameborder=\"0\" allowfullscreen=\"allowfullscreen\"><\/iframe><\/p>\n<p><strong>Componentes<\/strong><\/p>\n<ul>\n<li>\n<p class=\"p1\"><b>100 TERRENOS <\/b>(20 olivais, 20 vinhedos, 20 planta\u00e7\u00f5es, 20 bairros urbanos e 20 pedreiras)<\/p>\n<\/li>\n<li>\n<p class=\"p1\"><b>40 EDIF\u00cdCIOS <\/b>(8 lagares de azeite, 8<span class=\"Apple-converted-space\">\u00a0\u00a0<\/span>vin\u00edcolas, 8 moinhos, 8 teatros antigos e 8 ateli\u00eas)<\/p>\n<\/li>\n<li>\n<p class=\"p1\"><b>10 CARTAS DE ESCOLHA <\/b>5 de \u201cconjunto menor\u201d e 5 de \u201cconjunto maior\u201d<\/p>\n<\/li>\n<li>\n<p class=\"p1\"><b>5 CARTAS DE EDIF\u00cdCIOS<\/b><\/p>\n<\/li>\n<li>\n<p class=\"p1\"><b><\/b><b>20 JOIAS<\/b><\/p>\n<\/li>\n<li>\n<p class=\"p1\"><b><\/b><b>5 CARTAS LEMBRETE DUPLA FACE<\/b><\/p>\n<\/li>\n<li>\n<p class=\"p1\"><b><\/b><b>FOLHAS DE PONTUA\u00c7\u00c3O<\/b><\/p>\n<\/li>\n<li>\n<p class=\"p1\"><b><\/b><b>5 ESCUDOS<\/b><\/p>\n<\/li>\n<\/ul>\n","protected":false},"excerpt":{"rendered":"<ul class=\"list-technical\">\n<li class=\"ficha_tecnica\"><strong>Idade:<\/strong> 8+<\/li>\n<li class=\"ficha_tecnica\"><strong>Tempo:<\/strong> 20min<\/li>\n<li class=\"ficha_tecnica\"><strong>Numero de jogadores:<\/strong> 2-5<\/li>\n<li><strong>Designer:<\/strong> Evgeny Petrov<\/li>\n<li><strong>Depend\u00eancia de Idioma:<\/strong> Nenhum<\/li>\n<li><strong>Dom\u00ednios:<\/strong>\u00a0Jogos Familiares<\/li>\n<li><strong>Mec\u00e2nicas: <\/strong>\u00a0Grade Hexagonal, Rendimentos, Sele\u00e7\u00e3o de A\u00e7\u00e3o Simult\u00e2nea<\/li>\n<\/ul>\n","protected":false},"featured_media":12644,"comment_status":"open","ping_status":"closed","template":"","meta":{"om_disable_all_campaigns":false,"_monsterinsights_skip_tracking":false,"_monsterinsights_sitenote_active":false,"_monsterinsights_sitenote_note":"","_monsterinsights_sitenote_category":0},"product_brand":[],"product_cat":[119],"product_tag":[423,424,128,239,238,425,327],"class_list":{"0":"post-12643","1":"product","2":"type-product","3":"status-publish","4":"has-post-thumbnail","6":"product_cat-board-games","7":"product_tag-evgeny-petrov","8":"product_tag-grade-hexagonal","9":"product_tag-jogos-familiares","10":"product_tag-meeple-br-jogos","11":"product_tag-meeplebr","12":"product_tag-rendimentos","13":"product_tag-selecao-de-acao-simultanea","15":"first","16":"instock","17":"shipping-taxable","18":"purchasable","19":"product-type-simple"},"aioseo_notices":[],"_links":{"self":[{"href":"https:\/\/gamemaster.net.br\/index.php?rest_route=\/wp\/v2\/product\/12643","targetHints":{"allow":["GET"]}}],"collection":[{"href":"https:\/\/gamemaster.net.br\/index.php?rest_route=\/wp\/v2\/product"}],"about":[{"href":"https:\/\/gamemaster.net.br\/index.php?rest_route=\/wp\/v2\/types\/product"}],"replies":[{"embeddable":true,"href":"https:\/\/gamemaster.net.br\/index.php?rest_route=%2Fwp%2Fv2%2Fcomments&post=12643"}],"wp:featuredmedia":[{"embeddable":true,"href":"https:\/\/gamemaster.net.br\/index.php?rest_route=\/wp\/v2\/media\/12644"}],"wp:attachment":[{"href":"https:\/\/gamemaster.net.br\/index.php?rest_route=%2Fwp%2Fv2%2Fmedia&parent=12643"}],"wp:term":[{"taxonomy":"product_brand","embeddable":true,"href":"https:\/\/gamemaster.net.br\/index.php?rest_route=%2Fwp%2Fv2%2Fproduct_brand&post=12643"},{"taxonomy":"product_cat","embeddable":true,"href":"https:\/\/gamemaster.net.br\/index.php?rest_route=%2Fwp%2Fv2%2Fproduct_cat&post=12643"},{"taxonomy":"product_tag","embeddable":true,"href":"https:\/\/gamemaster.net.br\/index.php?rest_route=%2Fwp%2Fv2%2Fproduct_tag&post=12643"}],"curies":[{"name":"wp","href":"https:\/\/api.w.org\/{rel}","templated":true}]}}