{"id":12647,"date":"2024-07-31T15:26:37","date_gmt":"2024-07-31T18:26:37","guid":{"rendered":"https:\/\/gamemaster.net.br\/?post_type=product&#038;p=12647"},"modified":"2024-07-31T15:37:48","modified_gmt":"2024-07-31T18:37:48","slug":"street-art","status":"publish","type":"product","link":"https:\/\/gamemaster.net.br\/?product=street-art","title":{"rendered":"Street Art"},"content":{"rendered":"<p>Voc\u00ea est\u00e1 pronto para controlar as paredes da rua?<\/p>\n<p>Grafite, uma das artes mais incr\u00edveis e expressivas do mundo acaba de entrar no universo dos board games.<br \/>\nEm Street Art cada jogador assume o papel de um grafiteiro, que deve conquistar os sprays, combin\u00e1-los e us\u00e1-los para criar grandes pain\u00e9is com sua assinatura.<\/p>\n<p>O segredo \u00e9 manipular os rondeis do tabuleiro principal para combinar as bases dos discos e receber as cores necess\u00e1rias para fazer suas cria\u00e7\u00f5es art\u00edsticas. Mas voc\u00ea precisa observar os outros jogadores ou eles podem realizar a parte do mural que voc\u00ea tanto deseja.<\/p>\n<p><a style=\"color: #3366ff;\" href=\"https:\/\/meeplebr.com\/app\/uploads\/2024\/04\/Street_art_Rulebook_PTBR.pdf\">Baixe aqui o manual.<\/a><\/p>\n<p><iframe loading=\"lazy\" title=\"YouTube video player\" src=\"https:\/\/www.youtube.com\/embed\/v0vWCbFxdl8?si=hV7RYhHyr7BlJdUK\" width=\"560\" height=\"315\" frameborder=\"0\" allowfullscreen=\"allowfullscreen\"><\/iframe><\/p>\n<p><strong>Componentes<\/strong><\/p>\n<ul>\n<li>\n<p class=\"p1\">28 sprays (7 em cada cor)<\/p>\n<\/li>\n<li>\n<p class=\"p1\">20 grafiteiros (5 em cada cor)<\/p>\n<\/li>\n<li>\n<p class=\"p1\">4 cilindros de madeira (centro do vinil)<\/p>\n<\/li>\n<li>\n<p class=\"p1\">32 pe\u00e7as pentagonais de tinta avan\u00e7ada<\/p>\n<\/li>\n<li>\n<p class=\"p1\">60 cubos de tinta b\u00e1sica (15 em cada cor)<\/p>\n<\/li>\n<li>\n<p class=\"p1\">4 fichas de elemento<\/p>\n<\/li>\n<li>\n<p class=\"p1\">1 tabuleiro principal<\/p>\n<\/li>\n<li>\n<p class=\"p1\">2 marcadores de primeiro jogador<\/p>\n<\/li>\n<li>\n<p class=\"p1\">4 discos (com lados A e B)<\/p>\n<\/li>\n<li>\n<p class=\"p1\">30 cartas de grafite<\/p>\n<\/li>\n<li>\n<p class=\"p1\">6 fichas de t\u00e9cnicas de Basquiat (a\u00e7\u00f5es extras)<\/p>\n<\/li>\n<li>\n<p class=\"p1\">4 pe\u00e7as de ajuda<\/p>\n<\/li>\n<li>\n<p class=\"p1\">4 tabuleiros individuais<\/p>\n<\/li>\n<li>\n<p class=\"p1\">1 mural feito de 2 partes encaix\u00e1veis<\/p>\n<\/li>\n<\/ul>\n","protected":false},"excerpt":{"rendered":"<ul class=\"list-technical\">\n<li class=\"ficha_tecnica\"><strong>Idade:<\/strong> 8+<\/li>\n<li class=\"ficha_tecnica\"><strong>Tempo:<\/strong> 20min<\/li>\n<li class=\"ficha_tecnica\"><strong>Numero de jogadores:<\/strong> 2-5<\/li>\n<li><strong>Designer:<\/strong> Rennan Gon\u00e7alves<\/li>\n<li><strong>Depend\u00eancia de Idioma:<\/strong> Nenhum<\/li>\n<li><strong>Categoria:<\/strong> Jogos Familiares, Jogos de Entrada<\/li>\n<li><strong>Mec\u00e2nicas: <\/strong>\u00a0Aloca\u00e7\u00e3o de Trabalhadores, Colecionar Conjuntos, Pegar e Entregar<\/li>\n<\/ul>\n","protected":false},"featured_media":12648,"comment_status":"open","ping_status":"closed","template":"","meta":{"om_disable_all_campaigns":false,"_monsterinsights_skip_tracking":false,"_monsterinsights_sitenote_active":false,"_monsterinsights_sitenote_note":"","_monsterinsights_sitenote_category":0},"product_brand":[],"product_cat":[119],"product_tag":[134,335,426,128,239,238,221,427],"class_list":{"0":"post-12647","1":"product","2":"type-product","3":"status-publish","4":"has-post-thumbnail","6":"product_cat-board-games","7":"product_tag-alocacao-de-trabalhadores","8":"product_tag-colecionar-conjuntos","9":"product_tag-jogos-de-entrada","10":"product_tag-jogos-familiares","11":"product_tag-meeple-br-jogos","12":"product_tag-meeplebr","13":"product_tag-pegar-e-entregar","14":"product_tag-rennan-goncalves","16":"first","17":"instock","18":"shipping-taxable","19":"purchasable","20":"product-type-simple"},"aioseo_notices":[],"_links":{"self":[{"href":"https:\/\/gamemaster.net.br\/index.php?rest_route=\/wp\/v2\/product\/12647","targetHints":{"allow":["GET"]}}],"collection":[{"href":"https:\/\/gamemaster.net.br\/index.php?rest_route=\/wp\/v2\/product"}],"about":[{"href":"https:\/\/gamemaster.net.br\/index.php?rest_route=\/wp\/v2\/types\/product"}],"replies":[{"embeddable":true,"href":"https:\/\/gamemaster.net.br\/index.php?rest_route=%2Fwp%2Fv2%2Fcomments&post=12647"}],"wp:featuredmedia":[{"embeddable":true,"href":"https:\/\/gamemaster.net.br\/index.php?rest_route=\/wp\/v2\/media\/12648"}],"wp:attachment":[{"href":"https:\/\/gamemaster.net.br\/index.php?rest_route=%2Fwp%2Fv2%2Fmedia&parent=12647"}],"wp:term":[{"taxonomy":"product_brand","embeddable":true,"href":"https:\/\/gamemaster.net.br\/index.php?rest_route=%2Fwp%2Fv2%2Fproduct_brand&post=12647"},{"taxonomy":"product_cat","embeddable":true,"href":"https:\/\/gamemaster.net.br\/index.php?rest_route=%2Fwp%2Fv2%2Fproduct_cat&post=12647"},{"taxonomy":"product_tag","embeddable":true,"href":"https:\/\/gamemaster.net.br\/index.php?rest_route=%2Fwp%2Fv2%2Fproduct_tag&post=12647"}],"curies":[{"name":"wp","href":"https:\/\/api.w.org\/{rel}","templated":true}]}}