{"id":12651,"date":"2024-07-31T17:20:39","date_gmt":"2024-07-31T20:20:39","guid":{"rendered":"https:\/\/gamemaster.net.br\/?post_type=product&#038;p=12651"},"modified":"2025-11-27T09:40:45","modified_gmt":"2025-11-27T12:40:45","slug":"beaver-creek","status":"publish","type":"product","link":"https:\/\/gamemaster.net.br\/?product=beaver-creek","title":{"rendered":"Beaver Creek"},"content":{"rendered":"<p>Os castores de Beaver Creek precisam construir uma barragem bem firma para proteger suas casas e se defenderem de predadores e depende de voc\u00ea ajuda-los. Usando madeiras curtas e longas os castores se adentram na barragem para constru\u00ed-la, mas nem sempre elas s\u00e3o muito seguras e tudo pode desmoronar a qualquer momento. Quem vai conseguir construir a barragem sem derrubar?<\/p>\n<p>Beaver Creek \u00e9 um jogo de destreza onde os jogadores precisam empilhar meeples de castores e pe\u00e7as de madeira, formando uma barragem. Os dados decidem como ser\u00e3o as jogadas. Um dado mostra quantas pe\u00e7as de cada \u2013 castores e madeiras &#8211; voc\u00ea deve colocar e o outro mostra como elas devem ser colocadas (usando apenas os mendinhos, com a m\u00e3o n\u00e3o dominante, etc). O objetivo do jogo \u00e9 se livrar de todas as madeiras da sua m\u00e3o. Mas cuidado, toda vez que voc\u00ea derruba a constru\u00e7\u00e3o, voc\u00ea ganha madeiras extras.<\/p>\n<p>Beaver Creek \u00e9 um jogo para toda fam\u00edlia e tamb\u00e9m para iniciantes no mundo dos board games. Voc\u00ea pode reunir todo o seu grupo de amigos, j\u00e1 que comporta at\u00e9 6 jogadores, ou pode jogar sozinho no modo solo e tentar aprimorar suas habilidades. Este \u00e9 um jogo de destreza que promete muitas risadas e competi\u00e7\u00e3o. E ent\u00e3o, bora empilhar?<\/p>\n<p><span style=\"color: #3366ff;\"><a style=\"color: #3366ff;\" href=\"https:\/\/ludopedia-anexos.nyc3.digitaloceanspaces.com\/beaver_creek_beaver_creek_manual_235156.pdf\" target=\"_blank\" rel=\"noopener noreferrer\">Baixe sua regra aqui!<\/a><\/span><\/p>\n<p><iframe loading=\"lazy\" title=\"YouTube video player\" src=\"https:\/\/www.youtube.com\/embed\/q9nwa14YEKk?si=v1H--x4etFfUyqSQ\" width=\"560\" height=\"315\" frameborder=\"0\" allowfullscreen=\"allowfullscreen\"><\/iframe><\/p>\n<h4>Componentes:<\/h4>\n<ul>\n<li>2 dados de madeira<\/li>\n<li>30 pe\u00e7as de madeira grande<\/li>\n<li>20 pe\u00e7as de madeira pequena<\/li>\n<li>30 castores<\/li>\n<\/ul>\n","protected":false},"excerpt":{"rendered":"<ul>\n<li><strong>Idade:<\/strong>\u00a08+<\/li>\n<li><strong>Jogadores:<\/strong> 1-6<\/li>\n<li><strong>Tempo de jogo:<\/strong>\u00a020min<\/li>\n<li><strong>Designer<\/strong>: Eurico Cunha Neto<\/li>\n<li><strong>Artista:<\/strong>\u00a0Guilherme Cavalcante<\/li>\n<li><strong>Mec\u00e2nicas:<\/strong> Coloca\u00e7\u00e3o de Pe\u00e7as, Rolar \/ Girar e Mover, Tabuleiro Modular, Rolagem de Dados<\/li>\n<li><strong>Categorias:<\/strong>\u00a0Jogo Familiar, Jogo de Entrada, Jogo Festivo<\/li>\n<\/ul>\n","protected":false},"featured_media":12652,"comment_status":"open","ping_status":"closed","template":"","meta":{"om_disable_all_campaigns":false,"_monsterinsights_skip_tracking":false,"_monsterinsights_sitenote_active":false,"_monsterinsights_sitenote_note":"","_monsterinsights_sitenote_category":0},"product_brand":[],"product_cat":[119],"product_tag":[124,156,287,222,198,150,128,133,428,131],"class_list":{"0":"post-12651","1":"product","2":"type-product","3":"status-publish","4":"has-post-thumbnail","6":"product_cat-board-games","7":"product_tag-calamity-games","8":"product_tag-colocacao-de-pecas","9":"product_tag-eurico-cunha-neto","10":"product_tag-jogo-de-entrada","11":"product_tag-jogo-familiar","12":"product_tag-jogo-festivo","13":"product_tag-jogos-familiares","14":"product_tag-rolagem-de-dados","15":"product_tag-rolar-girar-e-mover","16":"product_tag-tabuleiro-modular","18":"first","19":"instock","20":"shipping-taxable","21":"purchasable","22":"product-type-simple"},"aioseo_notices":[],"_links":{"self":[{"href":"https:\/\/gamemaster.net.br\/index.php?rest_route=\/wp\/v2\/product\/12651","targetHints":{"allow":["GET"]}}],"collection":[{"href":"https:\/\/gamemaster.net.br\/index.php?rest_route=\/wp\/v2\/product"}],"about":[{"href":"https:\/\/gamemaster.net.br\/index.php?rest_route=\/wp\/v2\/types\/product"}],"replies":[{"embeddable":true,"href":"https:\/\/gamemaster.net.br\/index.php?rest_route=%2Fwp%2Fv2%2Fcomments&post=12651"}],"wp:featuredmedia":[{"embeddable":true,"href":"https:\/\/gamemaster.net.br\/index.php?rest_route=\/wp\/v2\/media\/12652"}],"wp:attachment":[{"href":"https:\/\/gamemaster.net.br\/index.php?rest_route=%2Fwp%2Fv2%2Fmedia&parent=12651"}],"wp:term":[{"taxonomy":"product_brand","embeddable":true,"href":"https:\/\/gamemaster.net.br\/index.php?rest_route=%2Fwp%2Fv2%2Fproduct_brand&post=12651"},{"taxonomy":"product_cat","embeddable":true,"href":"https:\/\/gamemaster.net.br\/index.php?rest_route=%2Fwp%2Fv2%2Fproduct_cat&post=12651"},{"taxonomy":"product_tag","embeddable":true,"href":"https:\/\/gamemaster.net.br\/index.php?rest_route=%2Fwp%2Fv2%2Fproduct_tag&post=12651"}],"curies":[{"name":"wp","href":"https:\/\/api.w.org\/{rel}","templated":true}]}}