{"id":12657,"date":"2024-07-31T17:58:24","date_gmt":"2024-07-31T20:58:24","guid":{"rendered":"https:\/\/gamemaster.net.br\/?post_type=product&#038;p=12657"},"modified":"2025-06-12T16:12:42","modified_gmt":"2025-06-12T19:12:42","slug":"go-bomb","status":"publish","type":"product","link":"https:\/\/gamemaster.net.br\/?product=go-bomb","title":{"rendered":"Go Bomb"},"content":{"rendered":"<p>Este \u00e9 o cen\u00e1rio: uma bomba est\u00e1 prestes a explodir e ningu\u00e9m quer estar por perto quando isso acontecer. O pavio est\u00e1 queimando e a cada carta a situa\u00e7\u00e3o fica mais explosiva. Voc\u00ea e seus amigos estar\u00e3o tentando passar essa bomba como uma batata quente.<\/p>\n<p>No baralho tem cartas que podem acelerar a detona\u00e7\u00e3o ou mandar a bomba para bem longe de voc\u00ea. Mas cuidado: nem todas as cartas s\u00e3o reveladas imediatamente ao serem jogadas. Isso adiciona um elemento de surpresa e estrat\u00e9gia, pois voc\u00ea nunca sabe quando uma jogada pode virar o jogo.<\/p>\n<p>E n\u00e3o se esque\u00e7a dos estilha\u00e7os! Quando a bomba finalmente explode, se voc\u00ea estiver muito perto, prepare-se para enfrentar as consequ\u00eancias. A pergunta que permanece \u00e9: Quem vai segurar essa bomba na hora da explos\u00e3o?<\/p>\n<p><a style=\"color: #3366ff;\" href=\"https:\/\/ludopedia-anexos.nyc3.digitaloceanspaces.com\/go_bomb_manual_go_bomb_271852.pdf\">Baixe aqui o manual do jogo<\/a><\/p>\n<p><strong>Componentes<\/strong><\/p>\n<ul>\n<li>39 cartas<\/li>\n<li>5 fichas de explos\u00e3o<\/li>\n<li>5 fichas de estilha\u00e7o<\/li>\n<li>1 pe\u00e7a do Bomby<\/li>\n<\/ul>\n","protected":false},"excerpt":{"rendered":"<ul>\n<li><strong>Idade: <\/strong>10+<\/li>\n<li><strong>Jogadores:\u00a0<\/strong>3-6<\/li>\n<li><strong>Tempo de jogo:\u00a0<\/strong> 10 minutos<\/li>\n<li><strong>Designer:<\/strong>\u00a0Eurico Cunha Neto<\/li>\n<li><strong>Mec\u00e2nicas:<\/strong> A\u00e7\u00e3o Cronometrada, Batata Quente, Cartas de Comando, Dedu\u00e7\u00e3o, Fila de A\u00e7\u00f5es, Gerenciamento de M\u00e3os, Pontos de Vit\u00f3ria Ocultos<\/li>\n<li><strong>Categorias:<\/strong> Jogo Familiar, Jogo de Cartas, Jogo Festivo<\/li>\n<\/ul>\n","protected":false},"featured_media":12658,"comment_status":"open","ping_status":"closed","template":"","meta":{"om_disable_all_campaigns":false,"_monsterinsights_skip_tracking":false,"_monsterinsights_sitenote_active":false,"_monsterinsights_sitenote_note":"","_monsterinsights_sitenote_category":0},"product_brand":[],"product_cat":[119],"product_tag":[339,430,124,431,151,287,432,324,149,198,150,433],"class_list":{"0":"post-12657","1":"product","2":"type-product","3":"status-publish","4":"has-post-thumbnail","6":"product_cat-board-games","7":"product_tag-acao-cronometrada","8":"product_tag-batata-quente","9":"product_tag-calamity-games","10":"product_tag-cartas-de-comando","11":"product_tag-deducao","12":"product_tag-eurico-cunha-neto","13":"product_tag-fila-de-acoes","14":"product_tag-gerenciamento-de-maos","15":"product_tag-jogo-de-cartas","16":"product_tag-jogo-familiar","17":"product_tag-jogo-festivo","18":"product_tag-pontos-de-vitoria-ocultos","20":"first","21":"instock","22":"shipping-taxable","23":"purchasable","24":"product-type-simple"},"aioseo_notices":[],"_links":{"self":[{"href":"https:\/\/gamemaster.net.br\/index.php?rest_route=\/wp\/v2\/product\/12657","targetHints":{"allow":["GET"]}}],"collection":[{"href":"https:\/\/gamemaster.net.br\/index.php?rest_route=\/wp\/v2\/product"}],"about":[{"href":"https:\/\/gamemaster.net.br\/index.php?rest_route=\/wp\/v2\/types\/product"}],"replies":[{"embeddable":true,"href":"https:\/\/gamemaster.net.br\/index.php?rest_route=%2Fwp%2Fv2%2Fcomments&post=12657"}],"wp:featuredmedia":[{"embeddable":true,"href":"https:\/\/gamemaster.net.br\/index.php?rest_route=\/wp\/v2\/media\/12658"}],"wp:attachment":[{"href":"https:\/\/gamemaster.net.br\/index.php?rest_route=%2Fwp%2Fv2%2Fmedia&parent=12657"}],"wp:term":[{"taxonomy":"product_brand","embeddable":true,"href":"https:\/\/gamemaster.net.br\/index.php?rest_route=%2Fwp%2Fv2%2Fproduct_brand&post=12657"},{"taxonomy":"product_cat","embeddable":true,"href":"https:\/\/gamemaster.net.br\/index.php?rest_route=%2Fwp%2Fv2%2Fproduct_cat&post=12657"},{"taxonomy":"product_tag","embeddable":true,"href":"https:\/\/gamemaster.net.br\/index.php?rest_route=%2Fwp%2Fv2%2Fproduct_tag&post=12657"}],"curies":[{"name":"wp","href":"https:\/\/api.w.org\/{rel}","templated":true}]}}