{"id":12660,"date":"2024-07-31T18:14:24","date_gmt":"2024-07-31T21:14:24","guid":{"rendered":"https:\/\/gamemaster.net.br\/?post_type=product&#038;p=12660"},"modified":"2025-04-24T22:52:27","modified_gmt":"2025-04-25T01:52:27","slug":"sete-selos-cthulhu","status":"publish","type":"product","link":"https:\/\/gamemaster.net.br\/?product=sete-selos-cthulhu","title":{"rendered":"Sete Selos: Cthulhu"},"content":{"rendered":"<p>Atra\u00eddo pela irresist\u00edvel promessa de poder ecoando em sua mente, quebre os lacres que aprisionam os antigos Deuses Anci\u00f5es e traga eles para a nossa realidade. Em Sete Selos, voc\u00ea \u00e9 um cultista que vai realizar rituais para libertar os terr\u00edveis e poderosos Anci\u00f5es incluindo seu l\u00edder, Cthulhu . Voc\u00ea deve batalhar contra os outros jogadores para ser aquele que traz mais Anci\u00f5es para nossa realidade, porque voc\u00ea acredita que ser\u00e1 generosamente recompensado por isso.<\/p>\n<p>Voc\u00eas est\u00e3o no Altar Ritual\u00edstico onde est\u00e3o os Sete Selos que impedem sete grandes Anci\u00f5es de entrarem na nossa realidade. Aqui voc\u00ea vai disputar com outros cultistas quem vai jogar a carta mais alta do naipe que rege aquele ritual. Quem vencer a m\u00e3o coloca um marcador no selo correspondendo ao valor que lhe deu a vit\u00f3ria. Quando um selo tiver 3 cultistas sobre ele, ele \u00e9 quebrado e o Anci\u00e3o \u00e9 finalmente libertado. A partir da\u00ed, quando um jogador tiver que colocar um marcador sobre um Anci\u00e3o revelado, ele ganha um ponto de insanidade.<\/p>\n<p>Mexer com tanto poder tem suas consequ\u00eancias: voc\u00ea pode perder a no\u00e7\u00e3o da realidade e ficar cada vez mais insano. Mas n\u00e3o se preocupe, voc\u00ea pode ganhar o jogo ganhando pontos de poder por libertar os Anci\u00f5es, ou deixando a loucura te levar e acumulando pontos de insanidade. Prepare suas velas e po\u00e7\u00f5es e venha participar dos rituais para quebrar os Sete Selos!<\/p>\n<p><a style=\"color: #3366ff;\" href=\"https:\/\/ludopedia-anexos.nyc3.digitaloceanspaces.com\/cthulhu_sete_selos_manual_sete_selos_271855.pdf\">Baixe aqui o manual do jogo<\/a><\/p>\n<p><iframe loading=\"lazy\" title=\"YouTube video player\" src=\"https:\/\/www.youtube.com\/embed\/ALtOIPZ699M?si=ugLdFV1QPTz2umNR&amp;start=7\" width=\"560\" height=\"315\" frameborder=\"0\" allowfullscreen=\"allowfullscreen\"><\/iframe><\/p>\n<p><strong>Componentes<\/strong><\/p>\n<ul>\n<li>28 cartas de ritual<\/li>\n<li>7 cartas de Anci\u00f5es<\/li>\n<li>32 fichas de cultista<\/li>\n<li>8 fichas de insanidade<\/li>\n<\/ul>\n","protected":false},"excerpt":{"rendered":"<ul>\n<li><strong>Idade: <\/strong>14+<\/li>\n<li><strong>Jogadores:\u00a0<\/strong>2-4<\/li>\n<li><strong>Tempo de jogo:\u00a0<\/strong> 30 minutos<\/li>\n<li><strong>Designer:<\/strong>\u00a0Eurico Cunha Neto<\/li>\n<li><strong>Mec\u00e2nicas:<\/strong> Coloca\u00e7\u00e3o de Pe\u00e7as, Gerenciamento de M\u00e3os, Vazas\/Truques, Zona de Controle, Captura de Pe\u00e7as<\/li>\n<li><strong>Categorias:<\/strong> Jogo Familiar, Jogo de Cartas, Jogo Festivo<\/li>\n<\/ul>\n","protected":false},"featured_media":12661,"comment_status":"open","ping_status":"closed","template":"","meta":{"om_disable_all_campaigns":false,"_monsterinsights_skip_tracking":false,"_monsterinsights_sitenote_active":false,"_monsterinsights_sitenote_note":"","_monsterinsights_sitenote_category":0},"product_brand":[],"product_cat":[119],"product_tag":[124,435,156,287,324,149,198,183,434],"class_list":{"0":"post-12660","1":"product","2":"type-product","3":"status-publish","4":"has-post-thumbnail","6":"product_cat-board-games","7":"product_tag-calamity-games","8":"product_tag-captura-de-pecas","9":"product_tag-colocacao-de-pecas","10":"product_tag-eurico-cunha-neto","11":"product_tag-gerenciamento-de-maos","12":"product_tag-jogo-de-cartas","13":"product_tag-jogo-familiar","14":"product_tag-vazas-truques","15":"product_tag-zona-de-controle","17":"first","18":"instock","19":"shipping-taxable","20":"purchasable","21":"product-type-simple"},"aioseo_notices":[],"_links":{"self":[{"href":"https:\/\/gamemaster.net.br\/index.php?rest_route=\/wp\/v2\/product\/12660","targetHints":{"allow":["GET"]}}],"collection":[{"href":"https:\/\/gamemaster.net.br\/index.php?rest_route=\/wp\/v2\/product"}],"about":[{"href":"https:\/\/gamemaster.net.br\/index.php?rest_route=\/wp\/v2\/types\/product"}],"replies":[{"embeddable":true,"href":"https:\/\/gamemaster.net.br\/index.php?rest_route=%2Fwp%2Fv2%2Fcomments&post=12660"}],"wp:featuredmedia":[{"embeddable":true,"href":"https:\/\/gamemaster.net.br\/index.php?rest_route=\/wp\/v2\/media\/12661"}],"wp:attachment":[{"href":"https:\/\/gamemaster.net.br\/index.php?rest_route=%2Fwp%2Fv2%2Fmedia&parent=12660"}],"wp:term":[{"taxonomy":"product_brand","embeddable":true,"href":"https:\/\/gamemaster.net.br\/index.php?rest_route=%2Fwp%2Fv2%2Fproduct_brand&post=12660"},{"taxonomy":"product_cat","embeddable":true,"href":"https:\/\/gamemaster.net.br\/index.php?rest_route=%2Fwp%2Fv2%2Fproduct_cat&post=12660"},{"taxonomy":"product_tag","embeddable":true,"href":"https:\/\/gamemaster.net.br\/index.php?rest_route=%2Fwp%2Fv2%2Fproduct_tag&post=12660"}],"curies":[{"name":"wp","href":"https:\/\/api.w.org\/{rel}","templated":true}]}}