{"id":12667,"date":"2024-07-31T22:43:45","date_gmt":"2024-08-01T01:43:45","guid":{"rendered":"https:\/\/gamemaster.net.br\/?post_type=product&#038;p=12667"},"modified":"2024-07-31T23:02:55","modified_gmt":"2024-08-01T02:02:55","slug":"spiky-go","status":"publish","type":"product","link":"https:\/\/gamemaster.net.br\/?product=spiky-go","title":{"rendered":"Spiky Go!"},"content":{"rendered":"<p>Em Spiky Go! Voc\u00ea vai ajudar o c\u00e3ozinho Spiky a trazer de volta em seguran\u00e7a os bichinhos da fazenda que fugiram do celeiro, os porquinhos, as vaquinhas e os cavalinhos. Pra isso voc\u00ea vai disputar com os outros jogadores quem vai atr\u00e1s de qual bichinho.<\/p>\n<p>Os bichinhos fugidos est\u00e3o em um baralho e cada animal \u00e9 representado por um sinal de m\u00e3o. A cada rodada, quatro cartas s\u00e3o abertas mostrando quais animais foram vistos e que os jogadores podem ir atr\u00e1s. Em cada rodada, todo mundo joga junto. Ao mesmo tempo, todo mundo mostra o sinal com a m\u00e3o do animal que quer levar pra casa, bem no estilo pedra-papel-tesoura.<\/p>\n<p>Mas os bichinhos s\u00e3o espertos e sabem escapar. Se der empate e n\u00e3o der pra dividir os animais na mesa, os animais escapam e ningu\u00e9m ganha.<\/p>\n<p>Mas se ningu\u00e9m colocou o mesmo sinal que voc\u00ea, voc\u00ea leva todos os animais daquele tipo.<\/p>\n<p>No final de cada rodada, quem tem mais animais de cada tipo coloca um marcador no seu celeiro. As rodadas continuam at\u00e9 algu\u00e9m conseguir colocar 5 marcadores de animal dentro do seu celeiro.<\/p>\n<p>Quem vai conseguir levar mais bichinhos de volta pro celeiro? Seja astuto e observador nesse joguinho pra toda a fam\u00edlia!<\/p>\n<p><a style=\"color: #3366ff;\" href=\"https:\/\/ludopedia-anexos.nyc3.digitaloceanspaces.com\/spiky_go_manual_spiky_go_271856.pdf\">Baixe aqui o manual do jogo<\/a><\/p>\n<p><iframe loading=\"lazy\" title=\"YouTube video player\" src=\"https:\/\/www.youtube.com\/embed\/imocxZdVDN8?si=u9QjnDqGIZMSR46Z&amp;start=56\" width=\"560\" height=\"315\" frameborder=\"0\" allowfullscreen=\"allowfullscreen\"><\/iframe><\/p>\n<p><strong>Componentes<\/strong><\/p>\n<ul>\n<li>1 pe\u00e7a Spiky<\/li>\n<li>9 pe\u00e7as vaca<\/li>\n<li>9 pe\u00e7as porcos<\/li>\n<li>9 pe\u00e7as cavalos<\/li>\n<li>24 cartas<\/li>\n<li>4 celeiros mont\u00e1veis<\/li>\n<li>01 manual<\/li>\n<\/ul>\n","protected":false},"excerpt":{"rendered":"<ul>\n<li><strong>Idade: <\/strong>6+<\/li>\n<li><strong>Jogadores:\u00a0<\/strong>2-4<\/li>\n<li><strong>Tempo de jogo:\u00a0<\/strong> 15 minutos<\/li>\n<li><strong>Designer:<\/strong>\u00a0Alexandre Reis<\/li>\n<li><strong>Mec\u00e2nicas:<\/strong> Atua\u00e7\u00e3o\/M\u00edmica, Bingo, Captura de Pe\u00e7as, Colecionar Conjuntos, Coloca\u00e7\u00e3o de Pe\u00e7as, Pedra, Papel e Tesoura<\/li>\n<li><strong>Categorias:<\/strong> Jogo Familiar, Jogo de Cartas, Jogo Infantil<\/li>\n<\/ul>\n","protected":false},"featured_media":12668,"comment_status":"open","ping_status":"closed","template":"","meta":{"om_disable_all_campaigns":false,"_monsterinsights_skip_tracking":false,"_monsterinsights_sitenote_active":false,"_monsterinsights_sitenote_note":"","_monsterinsights_sitenote_category":0},"product_brand":[],"product_cat":[119],"product_tag":[440,398,437,124,435,335,156,149,198,201,271,270],"class_list":{"0":"post-12667","1":"product","2":"type-product","3":"status-publish","4":"has-post-thumbnail","6":"product_cat-board-games","7":"product_tag-alexandre-reis","8":"product_tag-atuacao-mimica","9":"product_tag-bingo","10":"product_tag-calamity-games","11":"product_tag-captura-de-pecas","12":"product_tag-colecionar-conjuntos","13":"product_tag-colocacao-de-pecas","14":"product_tag-jogo-de-cartas","15":"product_tag-jogo-familiar","16":"product_tag-jogo-infantil","17":"product_tag-papel-e-tesoura","18":"product_tag-pedra","20":"first","21":"instock","22":"shipping-taxable","23":"purchasable","24":"product-type-simple"},"aioseo_notices":[],"_links":{"self":[{"href":"https:\/\/gamemaster.net.br\/index.php?rest_route=\/wp\/v2\/product\/12667","targetHints":{"allow":["GET"]}}],"collection":[{"href":"https:\/\/gamemaster.net.br\/index.php?rest_route=\/wp\/v2\/product"}],"about":[{"href":"https:\/\/gamemaster.net.br\/index.php?rest_route=\/wp\/v2\/types\/product"}],"replies":[{"embeddable":true,"href":"https:\/\/gamemaster.net.br\/index.php?rest_route=%2Fwp%2Fv2%2Fcomments&post=12667"}],"wp:featuredmedia":[{"embeddable":true,"href":"https:\/\/gamemaster.net.br\/index.php?rest_route=\/wp\/v2\/media\/12668"}],"wp:attachment":[{"href":"https:\/\/gamemaster.net.br\/index.php?rest_route=%2Fwp%2Fv2%2Fmedia&parent=12667"}],"wp:term":[{"taxonomy":"product_brand","embeddable":true,"href":"https:\/\/gamemaster.net.br\/index.php?rest_route=%2Fwp%2Fv2%2Fproduct_brand&post=12667"},{"taxonomy":"product_cat","embeddable":true,"href":"https:\/\/gamemaster.net.br\/index.php?rest_route=%2Fwp%2Fv2%2Fproduct_cat&post=12667"},{"taxonomy":"product_tag","embeddable":true,"href":"https:\/\/gamemaster.net.br\/index.php?rest_route=%2Fwp%2Fv2%2Fproduct_tag&post=12667"}],"curies":[{"name":"wp","href":"https:\/\/api.w.org\/{rel}","templated":true}]}}