{"id":12670,"date":"2024-07-31T23:03:35","date_gmt":"2024-08-01T02:03:35","guid":{"rendered":"https:\/\/gamemaster.net.br\/?post_type=product&#038;p=12670"},"modified":"2025-02-04T10:19:47","modified_gmt":"2025-02-04T13:19:47","slug":"mimica-picante","status":"publish","type":"product","link":"https:\/\/gamemaster.net.br\/?product=mimica-picante","title":{"rendered":"Mimica Picante"},"content":{"rendered":"<p>Voc\u00ea \u00e9 picante? Vamos descobrir!<\/p>\n<p>Sorteie uma carta, fa\u00e7a a m\u00edmica, veja quem acerta. Some seus pontos e veja quem \u00e9 realmente picante!<br \/>\nEste jogo tamb\u00e9m \u00e9 um baralho completo, contento cartas de \u00c0s a Rei.<\/p>\n<p><strong>Componentes<\/strong><\/p>\n<ul>\n<li>60 cartas<\/li>\n<\/ul>\n","protected":false},"excerpt":{"rendered":"<ul>\n<li><strong>Idade: <span style=\"color: #ff0000;\">18+<\/span><\/strong><\/li>\n<li><strong>Jogadores:\u00a0<\/strong>2-99<\/li>\n<li><strong>Tempo de jogo:\u00a0<\/strong> 30 minutos<\/li>\n<li><strong>Mec\u00e2nicas:<\/strong> Gerenciamento de M\u00e3os<\/li>\n<li><strong>Categorias:<\/strong> Jogo Adulto, Jogo de Cartas, Jogo Festivo<\/li>\n<\/ul>\n","protected":false},"featured_media":12671,"comment_status":"open","ping_status":"closed","template":"","meta":{"om_disable_all_campaigns":false,"_monsterinsights_skip_tracking":false,"_monsterinsights_sitenote_active":false,"_monsterinsights_sitenote_note":"","_monsterinsights_sitenote_category":0},"product_brand":[],"product_cat":[119],"product_tag":[124,324,441,149,150,271],"class_list":{"0":"post-12670","1":"product","2":"type-product","3":"status-publish","4":"has-post-thumbnail","6":"product_cat-board-games","7":"product_tag-calamity-games","8":"product_tag-gerenciamento-de-maos","9":"product_tag-jogo-adulto","10":"product_tag-jogo-de-cartas","11":"product_tag-jogo-festivo","12":"product_tag-papel-e-tesoura","14":"first","15":"instock","16":"shipping-taxable","17":"purchasable","18":"product-type-simple"},"aioseo_notices":[],"_links":{"self":[{"href":"https:\/\/gamemaster.net.br\/index.php?rest_route=\/wp\/v2\/product\/12670","targetHints":{"allow":["GET"]}}],"collection":[{"href":"https:\/\/gamemaster.net.br\/index.php?rest_route=\/wp\/v2\/product"}],"about":[{"href":"https:\/\/gamemaster.net.br\/index.php?rest_route=\/wp\/v2\/types\/product"}],"replies":[{"embeddable":true,"href":"https:\/\/gamemaster.net.br\/index.php?rest_route=%2Fwp%2Fv2%2Fcomments&post=12670"}],"wp:featuredmedia":[{"embeddable":true,"href":"https:\/\/gamemaster.net.br\/index.php?rest_route=\/wp\/v2\/media\/12671"}],"wp:attachment":[{"href":"https:\/\/gamemaster.net.br\/index.php?rest_route=%2Fwp%2Fv2%2Fmedia&parent=12670"}],"wp:term":[{"taxonomy":"product_brand","embeddable":true,"href":"https:\/\/gamemaster.net.br\/index.php?rest_route=%2Fwp%2Fv2%2Fproduct_brand&post=12670"},{"taxonomy":"product_cat","embeddable":true,"href":"https:\/\/gamemaster.net.br\/index.php?rest_route=%2Fwp%2Fv2%2Fproduct_cat&post=12670"},{"taxonomy":"product_tag","embeddable":true,"href":"https:\/\/gamemaster.net.br\/index.php?rest_route=%2Fwp%2Fv2%2Fproduct_tag&post=12670"}],"curies":[{"name":"wp","href":"https:\/\/api.w.org\/{rel}","templated":true}]}}