{"id":12687,"date":"2024-10-30T16:18:03","date_gmt":"2024-10-30T19:18:03","guid":{"rendered":"https:\/\/gamemaster.net.br\/?post_type=product&#038;p=12687"},"modified":"2024-11-16T11:05:14","modified_gmt":"2024-11-16T14:05:14","slug":"lemur","status":"publish","type":"product","link":"https:\/\/gamemaster.net.br\/?product=lemur","title":{"rendered":"Lemur"},"content":{"rendered":"<p>No universo colorido de Lemur, vence quem ficar sem cartas primeiro!<\/p>\n<p>O Lemur escapou das garras do malvado Dr. Knizia! Agora, ele viaja pelo espa\u00e7o-tempo em busca das cores mais vivas, enquanto encontra a si mesmo por a\u00ed. Ser\u00e1 que voc\u00ea vai se encontrar com o Lemur tamb\u00e9m?<\/p>\n<p>Em Lemur, os jogadores tentar\u00e3o se livrar de todas as suas cartas primeiro, ou receber\u00e3o pontos negativos pelas cartas que sobraram em suas m\u00e3os. Cada carta possui uma combina\u00e7\u00e3o de n\u00fameros, ou mesmo o pr\u00f3prio Lemur, e s\u00f3 podem ser jogadas em cima de outra carta com pelo menos um dos n\u00fameros da combina\u00e7\u00e3o. Mas cuidado com as cartas duplas &#8211; voc\u00ea pode receber cartas do seu oponente, ficando um passo mais distante de ficar sem cartas na m\u00e3o.<\/p>\n<p>1 &#8211; Jogue uma carta no centro da mesa que combine com uma carta j\u00e1 jogada.<br \/>\n2 &#8211; Livre-se de todas as cartas para vencer\u2026<br \/>\n3 &#8211; &#8230; ou receba pontos negativos pelas que ficarem na m\u00e3o.<\/p>\n<p><span style=\"color: #3366ff;\"><a style=\"color: #3366ff;\" href=\"https:\/\/ludopedia-anexos.nyc3.digitaloceanspaces.com\/lemur_manual_de_regras_em_portugues_271758.pdf\" target=\"_blank\" rel=\"noopener noreferrer\">Baixe sua regra aqui!<\/a><\/span><\/p>\n<p><iframe loading=\"lazy\" title=\"YouTube video player\" src=\"https:\/\/www.youtube.com\/embed\/NhJMNhrGeRI?si=FQojMwMaFWVycrMO\" width=\"560\" height=\"315\" frameborder=\"0\" allowfullscreen=\"allowfullscreen\"><\/iframe><\/p>\n<h4>Componentes:<\/h4>\n<ul>\n<li>25 Cartas<\/li>\n<li>Folheto de Regras<\/li>\n<\/ul>\n","protected":false},"excerpt":{"rendered":"<ul>\n<li><strong>Idade:<\/strong> 6+<\/li>\n<li><strong>Jogadores:<\/strong> 2-4<\/li>\n<li><strong>Tempo de jogo:<\/strong>\u00a010 min<\/li>\n<li><strong>Designer<\/strong> Reiner Knizia<\/li>\n<li><strong>Artista:<\/strong>\u00a0Marcelo Groo<\/li>\n<li><strong>Mec\u00e2nicas:<\/strong> Gerenciamento de M\u00e3os, Combina\u00e7\u00e3o<\/li>\n<li><strong>Categorias:<\/strong>\u00a0Jogos Infantis, Jogo de Cartas<\/li>\n<\/ul>\n","protected":false},"featured_media":12688,"comment_status":"open","ping_status":"closed","template":"","meta":{"om_disable_all_campaigns":false,"_monsterinsights_skip_tracking":false,"_monsterinsights_sitenote_active":false,"_monsterinsights_sitenote_note":"","_monsterinsights_sitenote_category":0},"product_brand":[],"product_cat":[119],"product_tag":[429,324,149,143,204,182],"class_list":{"0":"post-12687","1":"product","2":"type-product","3":"status-publish","4":"has-post-thumbnail","6":"product_cat-board-games","7":"product_tag-combinacao","8":"product_tag-gerenciamento-de-maos","9":"product_tag-jogo-de-cartas","10":"product_tag-jogos-infantis","11":"product_tag-paper-games","12":"product_tag-reiner-knizia","14":"first","15":"instock","16":"shipping-taxable","17":"purchasable","18":"product-type-simple"},"aioseo_notices":[],"_links":{"self":[{"href":"https:\/\/gamemaster.net.br\/index.php?rest_route=\/wp\/v2\/product\/12687","targetHints":{"allow":["GET"]}}],"collection":[{"href":"https:\/\/gamemaster.net.br\/index.php?rest_route=\/wp\/v2\/product"}],"about":[{"href":"https:\/\/gamemaster.net.br\/index.php?rest_route=\/wp\/v2\/types\/product"}],"replies":[{"embeddable":true,"href":"https:\/\/gamemaster.net.br\/index.php?rest_route=%2Fwp%2Fv2%2Fcomments&post=12687"}],"wp:featuredmedia":[{"embeddable":true,"href":"https:\/\/gamemaster.net.br\/index.php?rest_route=\/wp\/v2\/media\/12688"}],"wp:attachment":[{"href":"https:\/\/gamemaster.net.br\/index.php?rest_route=%2Fwp%2Fv2%2Fmedia&parent=12687"}],"wp:term":[{"taxonomy":"product_brand","embeddable":true,"href":"https:\/\/gamemaster.net.br\/index.php?rest_route=%2Fwp%2Fv2%2Fproduct_brand&post=12687"},{"taxonomy":"product_cat","embeddable":true,"href":"https:\/\/gamemaster.net.br\/index.php?rest_route=%2Fwp%2Fv2%2Fproduct_cat&post=12687"},{"taxonomy":"product_tag","embeddable":true,"href":"https:\/\/gamemaster.net.br\/index.php?rest_route=%2Fwp%2Fv2%2Fproduct_tag&post=12687"}],"curies":[{"name":"wp","href":"https:\/\/api.w.org\/{rel}","templated":true}]}}