{"id":12690,"date":"2024-10-30T16:28:43","date_gmt":"2024-10-30T19:28:43","guid":{"rendered":"https:\/\/gamemaster.net.br\/?post_type=product&#038;p=12690"},"modified":"2024-11-16T11:06:00","modified_gmt":"2024-11-16T14:06:00","slug":"lux-nova","status":"publish","type":"product","link":"https:\/\/gamemaster.net.br\/?product=lux-nova","title":{"rendered":"Lux Nova"},"content":{"rendered":"<p>Torne-se o maior construtor de vitrais e traga a nova luz para grandes constru\u00e7\u00f5es.<\/p>\n<p>Os vitrais sempre trouxeram luz \u00e0s grandes constru\u00e7\u00f5es, e desde a sua inven\u00e7\u00e3o nos tempos medievais podemos contemplar a beleza espectral das cores quando a luz passa pelo vidro.<\/p>\n<p>Explore a arte ancestral dos vitrais e mergulhe em um mundo de cores e luz! Domine a habilidade de transformar simples peda\u00e7os de vidro em obras-primas e torne-se um reconhecido mestre vitralista.<\/p>\n<p>Em Lux Nova, os jogadores disputam por espa\u00e7os na constru\u00e7\u00e3o de um grande vitral. Busque os melhores encaixes para se destacar entre os demais, escolhendo o momento certo para colocar a sua parte no vitral. A beleza da sua contribui\u00e7\u00e3o ser\u00e1 bem recompensada com pontos de vit\u00f3ria, mas quanto mais uma \u00e1rea do vitral se torna valiosa, mais ela tamb\u00e9m pode render pontos para seus advers\u00e1rios.<\/p>\n<p><span style=\"color: #3366ff;\"><a style=\"color: #3366ff;\" href=\"https:\/\/ludopedia-anexos.nyc3.digitaloceanspaces.com\/lux_nova_manual_de_regras_em_portugues_283544.pdf\" target=\"_blank\" rel=\"noopener noreferrer\">Baixe sua regra aqui!<\/a><\/span><\/p>\n<p><iframe loading=\"lazy\" title=\"YouTube video player\" src=\"https:\/\/www.youtube.com\/embed\/jdGWnVy1mMg?si=PZ206D-a0bSSdPsG\" width=\"560\" height=\"315\" frameborder=\"0\" allowfullscreen=\"allowfullscreen\"><\/iframe><\/p>\n<h4>Componentes:<\/h4>\n<ul>\n<li>25 Cartas<\/li>\n<li>Folheto de Regras<\/li>\n<\/ul>\n","protected":false},"excerpt":{"rendered":"<ul>\n<li><strong>Idade:<\/strong> 6+<\/li>\n<li><strong>Jogadores:<\/strong> 1-4<\/li>\n<li><strong>Tempo de jogo:<\/strong>\u00a010 min<\/li>\n<li><strong>Designer<\/strong> Reiner Knizia<\/li>\n<li><strong>Artista:<\/strong>\u00a0Gil Martimiano<\/li>\n<li><strong>Mec\u00e2nicas:<\/strong> Gerenciamento de M\u00e3os, Combina\u00e7\u00e3o<\/li>\n<li><strong>Categorias:<\/strong>\u00a0Jogos Infantis, Jogo de Cartas<\/li>\n<\/ul>\n","protected":false},"featured_media":12691,"comment_status":"open","ping_status":"closed","template":"","meta":{"om_disable_all_campaigns":false,"_monsterinsights_skip_tracking":false,"_monsterinsights_sitenote_active":false,"_monsterinsights_sitenote_note":"","_monsterinsights_sitenote_category":0},"product_brand":[],"product_cat":[119],"product_tag":[429,324,149,143,204,182],"class_list":{"0":"post-12690","1":"product","2":"type-product","3":"status-publish","4":"has-post-thumbnail","6":"product_cat-board-games","7":"product_tag-combinacao","8":"product_tag-gerenciamento-de-maos","9":"product_tag-jogo-de-cartas","10":"product_tag-jogos-infantis","11":"product_tag-paper-games","12":"product_tag-reiner-knizia","14":"first","15":"instock","16":"shipping-taxable","17":"purchasable","18":"product-type-simple"},"aioseo_notices":[],"_links":{"self":[{"href":"https:\/\/gamemaster.net.br\/index.php?rest_route=\/wp\/v2\/product\/12690","targetHints":{"allow":["GET"]}}],"collection":[{"href":"https:\/\/gamemaster.net.br\/index.php?rest_route=\/wp\/v2\/product"}],"about":[{"href":"https:\/\/gamemaster.net.br\/index.php?rest_route=\/wp\/v2\/types\/product"}],"replies":[{"embeddable":true,"href":"https:\/\/gamemaster.net.br\/index.php?rest_route=%2Fwp%2Fv2%2Fcomments&post=12690"}],"wp:featuredmedia":[{"embeddable":true,"href":"https:\/\/gamemaster.net.br\/index.php?rest_route=\/wp\/v2\/media\/12691"}],"wp:attachment":[{"href":"https:\/\/gamemaster.net.br\/index.php?rest_route=%2Fwp%2Fv2%2Fmedia&parent=12690"}],"wp:term":[{"taxonomy":"product_brand","embeddable":true,"href":"https:\/\/gamemaster.net.br\/index.php?rest_route=%2Fwp%2Fv2%2Fproduct_brand&post=12690"},{"taxonomy":"product_cat","embeddable":true,"href":"https:\/\/gamemaster.net.br\/index.php?rest_route=%2Fwp%2Fv2%2Fproduct_cat&post=12690"},{"taxonomy":"product_tag","embeddable":true,"href":"https:\/\/gamemaster.net.br\/index.php?rest_route=%2Fwp%2Fv2%2Fproduct_tag&post=12690"}],"curies":[{"name":"wp","href":"https:\/\/api.w.org\/{rel}","templated":true}]}}