{"id":12693,"date":"2024-10-30T16:39:56","date_gmt":"2024-10-30T19:39:56","guid":{"rendered":"https:\/\/gamemaster.net.br\/?post_type=product&#038;p=12693"},"modified":"2024-11-16T11:03:13","modified_gmt":"2024-11-16T14:03:13","slug":"cordoba","status":"publish","type":"product","link":"https:\/\/gamemaster.net.br\/?product=cordoba","title":{"rendered":"Cordoba"},"content":{"rendered":"<p>C\u00f3rdoba \u00e9 pura energia e beleza. Na Feira de Maio, a cidade se transforma com o ritmo do flamenco e cores que saltam aos olhos. Viva uma aventura cheia de emo\u00e7\u00e3o e descubra os encantos de C\u00f3rdoba!<\/p>\n<p>Em C\u00f3rdoba, os jogadores disputam por um espa\u00e7o na multid\u00e3o tentando apreciar o momento na cidade espanhola. Com tanta coisa acontecendo ao mesmo tempo, \u00e9 dif\u00edcil decidir o que observar. Quanto tempo voc\u00ea est\u00e1 disposto a investir em cada parada?<\/p>\n<p><span style=\"color: #3366ff;\"><a style=\"color: #3366ff;\" href=\"https:\/\/ludopedia-anexos.nyc3.digitaloceanspaces.com\/cordoba_manual_de_regras_em_portugues_274762.pdf\" target=\"_blank\" rel=\"noopener noreferrer\">Baixe sua regra aqui!<\/a><\/span><\/p>\n<p><iframe loading=\"lazy\" title=\"YouTube video player\" src=\"https:\/\/www.youtube.com\/embed\/As19LVNEnTc?si=T20pnnvRCW7tAQWB\" width=\"560\" height=\"315\" frameborder=\"0\" allowfullscreen=\"allowfullscreen\"><\/iframe><\/p>\n<h4><\/h4>\n<h4>Componentes:<\/h4>\n<ul>\n<li>25 Cartas<\/li>\n<li>Folheto de Regras<\/li>\n<\/ul>\n","protected":false},"excerpt":{"rendered":"<ul>\n<li><strong>Idade:<\/strong> 8+<\/li>\n<li><strong>Jogadores:<\/strong> 2<\/li>\n<li><strong>Tempo de jogo:<\/strong>\u00a010 min<\/li>\n<li><strong>Designer<\/strong> Reiner Knizia<\/li>\n<li><strong>Artista:<\/strong> Gil Martimiano<\/li>\n<li><strong>Mec\u00e2nicas:<\/strong> Fundir e Espalhar, Resolu\u00e7\u00e3o de Conflitos por Cartas<\/li>\n<li><strong>Categorias:<\/strong>\u00a0Jogos Infantis, Jogo de Cartas<\/li>\n<\/ul>\n","protected":false},"featured_media":12694,"comment_status":"open","ping_status":"closed","template":"","meta":{"om_disable_all_campaigns":false,"_monsterinsights_skip_tracking":false,"_monsterinsights_sitenote_active":false,"_monsterinsights_sitenote_note":"","_monsterinsights_sitenote_category":0},"product_brand":[],"product_cat":[119],"product_tag":[442,149,204,182,443],"class_list":{"0":"post-12693","1":"product","2":"type-product","3":"status-publish","4":"has-post-thumbnail","6":"product_cat-board-games","7":"product_tag-fundir-e-espalhar","8":"product_tag-jogo-de-cartas","9":"product_tag-paper-games","10":"product_tag-reiner-knizia","11":"product_tag-resolucao-de-conflitos-por-cartas","13":"first","14":"instock","15":"shipping-taxable","16":"purchasable","17":"product-type-simple"},"aioseo_notices":[],"_links":{"self":[{"href":"https:\/\/gamemaster.net.br\/index.php?rest_route=\/wp\/v2\/product\/12693","targetHints":{"allow":["GET"]}}],"collection":[{"href":"https:\/\/gamemaster.net.br\/index.php?rest_route=\/wp\/v2\/product"}],"about":[{"href":"https:\/\/gamemaster.net.br\/index.php?rest_route=\/wp\/v2\/types\/product"}],"replies":[{"embeddable":true,"href":"https:\/\/gamemaster.net.br\/index.php?rest_route=%2Fwp%2Fv2%2Fcomments&post=12693"}],"wp:featuredmedia":[{"embeddable":true,"href":"https:\/\/gamemaster.net.br\/index.php?rest_route=\/wp\/v2\/media\/12694"}],"wp:attachment":[{"href":"https:\/\/gamemaster.net.br\/index.php?rest_route=%2Fwp%2Fv2%2Fmedia&parent=12693"}],"wp:term":[{"taxonomy":"product_brand","embeddable":true,"href":"https:\/\/gamemaster.net.br\/index.php?rest_route=%2Fwp%2Fv2%2Fproduct_brand&post=12693"},{"taxonomy":"product_cat","embeddable":true,"href":"https:\/\/gamemaster.net.br\/index.php?rest_route=%2Fwp%2Fv2%2Fproduct_cat&post=12693"},{"taxonomy":"product_tag","embeddable":true,"href":"https:\/\/gamemaster.net.br\/index.php?rest_route=%2Fwp%2Fv2%2Fproduct_tag&post=12693"}],"curies":[{"name":"wp","href":"https:\/\/api.w.org\/{rel}","templated":true}]}}