{"id":12732,"date":"2025-12-04T22:09:30","date_gmt":"2025-12-05T01:09:30","guid":{"rendered":"https:\/\/gamemaster.net.br\/?post_type=product&#038;p=12732"},"modified":"2025-12-04T22:35:51","modified_gmt":"2025-12-05T01:35:51","slug":"cabanga","status":"publish","type":"product","link":"https:\/\/gamemaster.net.br\/?product=cabanga","title":{"rendered":"Cabanga!"},"content":{"rendered":"<p>Em\u00a0<strong>Cabanga!<\/strong>, sua miss\u00e3o \u00e9 se\u00a0<strong>livrar das cartas da m\u00e3o<\/strong>\u00a0o mais r\u00e1pido poss\u00edvel, jogando no momento certo e sem abrir brechas. Parece f\u00e1cil? Pois \u00e9 a\u00ed que os outros jogadores entram em a\u00e7\u00e3o!<\/p>\n<p>Se voc\u00ea criar um intervalo entre os n\u00fameros das cartas, prepare-se: outros jogadores podem gritar \u201c<strong>Cabanga!<\/strong>\u201d e jogar cartas no meio da sua jogada, enchendo sua m\u00e3o com pontos negativos!<\/p>\n<p><strong>Para vencer, \u00e9 preciso pensar r\u00e1pido e saber arriscar!<\/strong>\u00a0Jogue suas cartas sem dar chances para os outros te atrapalharem, mas\u00a0<strong>fique de olho nas oportunidades de virar o jogo.<\/strong>\u00a0No momento certo, um \u00fanico movimento pode mudar tudo!<\/p>\n<p>Com partidas din\u00e2micas e cheias de reviravoltas,\u00a0<strong>Cabanga!<\/strong>\u00a0\u00e9 um jogo perfeito para desafiar amigos e fam\u00edlia, garantindo risadas, tens\u00e3o e aquela vontade de jogar de novo!<\/p>\n<p>Voc\u00ea est\u00e1 pronto para\u00a0<strong>gritar CABANGA!?<\/strong><\/p>\n<p><span style=\"color: #3366ff;\"><a style=\"color: #3366ff;\" href=\"https:\/\/ppgam.es\/cabanga-regras\">Baixe aqui o manual<\/a><\/span><\/p>\n<p><iframe loading=\"lazy\" title=\"YouTube video player\" src=\"https:\/\/www.youtube.com\/embed\/2hRiTbGTQvo?si=SnTUd0p_GmtY_lXM\" width=\"560\" height=\"315\" frameborder=\"0\" allowfullscreen=\"allowfullscreen\"><\/iframe><\/p>\n<p><strong>Componentes<\/strong><\/p>\n<ul>\n<li>84 Cartas (56 x 87 mm)<\/li>\n<li>Folheto de Regras<\/li>\n<\/ul>\n<p hidden=\"\">Paper Games<\/p>\n","protected":false},"excerpt":{"rendered":"<ul>\n<li><strong>Autores:<\/strong>\u00a0<span class=\"ng-binding\">Michael Modler<\/span><\/li>\n<li><strong>Arte:<\/strong>\u00a0<span class=\"ng-binding\">Kreativbunker<\/span><\/li>\n<li><strong>N\u00famero de Jogadores<\/strong>: 3 a 6 jogadores<\/li>\n<li><strong>Dura\u00e7\u00e3o<\/strong>: 20 minutos<\/li>\n<li><strong>Principais Mec\u00e2nicas<\/strong>: Gerenciamento de M\u00e3o | Combina\u00e7\u00e3o<\/li>\n<li><strong>Classifica\u00e7\u00e3o<\/strong>: Jogos Familiares | Jogos de Festa<\/li>\n<li><strong>Categoria<\/strong>: Jogos de Cartas<\/li>\n<\/ul>\n","protected":false},"featured_media":12733,"comment_status":"open","ping_status":"closed","template":"","meta":{"om_disable_all_campaigns":false,"_monsterinsights_skip_tracking":false,"_monsterinsights_sitenote_active":false,"_monsterinsights_sitenote_note":"","_monsterinsights_sitenote_category":0},"product_brand":[],"product_cat":[119],"product_tag":[130,149,198,204],"class_list":{"0":"post-12732","1":"product","2":"type-product","3":"status-publish","4":"has-post-thumbnail","6":"product_cat-board-games","7":"product_tag-gestao-de-mao","8":"product_tag-jogo-de-cartas","9":"product_tag-jogo-familiar","10":"product_tag-paper-games","12":"first","13":"instock","14":"shipping-taxable","15":"purchasable","16":"product-type-simple"},"aioseo_notices":[],"_links":{"self":[{"href":"https:\/\/gamemaster.net.br\/index.php?rest_route=\/wp\/v2\/product\/12732","targetHints":{"allow":["GET"]}}],"collection":[{"href":"https:\/\/gamemaster.net.br\/index.php?rest_route=\/wp\/v2\/product"}],"about":[{"href":"https:\/\/gamemaster.net.br\/index.php?rest_route=\/wp\/v2\/types\/product"}],"replies":[{"embeddable":true,"href":"https:\/\/gamemaster.net.br\/index.php?rest_route=%2Fwp%2Fv2%2Fcomments&post=12732"}],"wp:featuredmedia":[{"embeddable":true,"href":"https:\/\/gamemaster.net.br\/index.php?rest_route=\/wp\/v2\/media\/12733"}],"wp:attachment":[{"href":"https:\/\/gamemaster.net.br\/index.php?rest_route=%2Fwp%2Fv2%2Fmedia&parent=12732"}],"wp:term":[{"taxonomy":"product_brand","embeddable":true,"href":"https:\/\/gamemaster.net.br\/index.php?rest_route=%2Fwp%2Fv2%2Fproduct_brand&post=12732"},{"taxonomy":"product_cat","embeddable":true,"href":"https:\/\/gamemaster.net.br\/index.php?rest_route=%2Fwp%2Fv2%2Fproduct_cat&post=12732"},{"taxonomy":"product_tag","embeddable":true,"href":"https:\/\/gamemaster.net.br\/index.php?rest_route=%2Fwp%2Fv2%2Fproduct_tag&post=12732"}],"curies":[{"name":"wp","href":"https:\/\/api.w.org\/{rel}","templated":true}]}}