{"id":12752,"date":"2026-01-14T12:20:26","date_gmt":"2026-01-14T15:20:26","guid":{"rendered":"https:\/\/gamemaster.net.br\/?post_type=product&#038;p=12752"},"modified":"2026-02-05T21:56:56","modified_gmt":"2026-02-06T00:56:56","slug":"sleeve-padrao","status":"publish","type":"product","link":"https:\/\/gamemaster.net.br\/?product=sleeve-padrao","title":{"rendered":"Sleeve Padr\u00e3o"},"content":{"rendered":"<p>Sleeves Bucaneiros, para proteger ainda melhor\u00a0seu jogo al\u00e9m de nosso insert.<\/p>\n<ul>\n<li>Fabrica\u00e7\u00e3o pr\u00f3pria. (Ind\u00fastria brasileira de acess\u00f3rios para card e board games)<\/li>\n<li>Sleeves\u00a0com\u00a0tamanho e espessura ideal para proteger suas cartas e\u00a0para ser usado junto aos inserts da Bucaneiros.<\/li>\n<li>Para cartas do tamanho padr\u00e3o 63,5x88mm.<\/li>\n<li>Feito de Polipropileno(PP) transparente de alta qualidade.<\/li>\n<li>Sem PVC.<\/li>\n<li>N\u00e3o T\u00f3xico.<\/li>\n<li>Pacote com 100 unidades cada.<\/li>\n<\/ul>\n","protected":false},"excerpt":{"rendered":"<p>Sleeves Bucaneiros, para proteger ainda melhor\u00a0seu jogo al\u00e9m de nosso insert. Fabrica\u00e7\u00e3o pr\u00f3pria. (Ind\u00fastria brasileira de acess\u00f3rios para card e board games) Sleeves\u00a0com\u00a0tamanho e espessura ideal para proteger suas cartas e\u00a0para ser usado junto aos inserts da Bucaneiros. Para cartas do tamanho padr\u00e3o 63,5x88mm. Feito de Polipropileno(PP) transparente de alta qualidade. Sem PVC. N\u00e3o T\u00f3xico. [&hellip;]<\/p>\n","protected":false},"featured_media":12754,"comment_status":"open","ping_status":"closed","template":"","meta":{"om_disable_all_campaigns":false,"_monsterinsights_skip_tracking":false,"_monsterinsights_sitenote_active":false,"_monsterinsights_sitenote_note":"","_monsterinsights_sitenote_category":0},"product_brand":[],"product_cat":[69],"product_tag":[],"class_list":{"0":"post-12752","1":"product","2":"type-product","3":"status-publish","4":"has-post-thumbnail","6":"product_cat-bucaneiros","8":"first","9":"instock","10":"shipping-taxable","11":"purchasable","12":"product-type-simple"},"aioseo_notices":[],"_links":{"self":[{"href":"https:\/\/gamemaster.net.br\/index.php?rest_route=\/wp\/v2\/product\/12752","targetHints":{"allow":["GET"]}}],"collection":[{"href":"https:\/\/gamemaster.net.br\/index.php?rest_route=\/wp\/v2\/product"}],"about":[{"href":"https:\/\/gamemaster.net.br\/index.php?rest_route=\/wp\/v2\/types\/product"}],"replies":[{"embeddable":true,"href":"https:\/\/gamemaster.net.br\/index.php?rest_route=%2Fwp%2Fv2%2Fcomments&post=12752"}],"wp:featuredmedia":[{"embeddable":true,"href":"https:\/\/gamemaster.net.br\/index.php?rest_route=\/wp\/v2\/media\/12754"}],"wp:attachment":[{"href":"https:\/\/gamemaster.net.br\/index.php?rest_route=%2Fwp%2Fv2%2Fmedia&parent=12752"}],"wp:term":[{"taxonomy":"product_brand","embeddable":true,"href":"https:\/\/gamemaster.net.br\/index.php?rest_route=%2Fwp%2Fv2%2Fproduct_brand&post=12752"},{"taxonomy":"product_cat","embeddable":true,"href":"https:\/\/gamemaster.net.br\/index.php?rest_route=%2Fwp%2Fv2%2Fproduct_cat&post=12752"},{"taxonomy":"product_tag","embeddable":true,"href":"https:\/\/gamemaster.net.br\/index.php?rest_route=%2Fwp%2Fv2%2Fproduct_tag&post=12752"}],"curies":[{"name":"wp","href":"https:\/\/api.w.org\/{rel}","templated":true}]}}