{"id":3357,"date":"2019-06-12T09:41:30","date_gmt":"2019-06-12T12:41:30","guid":{"rendered":"http:\/\/gamemaster.net.br\/?post_type=product&#038;p=3357"},"modified":"2026-01-14T12:27:20","modified_gmt":"2026-01-14T15:27:20","slug":"sleeve-quadrado-80x80","status":"publish","type":"product","link":"https:\/\/gamemaster.net.br\/?product=sleeve-quadrado-80x80","title":{"rendered":"Sleeve Quadrado 80&#215;80"},"content":{"rendered":"<p>Fabrica\u00e7\u00e3o pr\u00f3pria. (Ind\u00fastria brasileira de acess\u00f3rios para card e board games)<br \/>\nSleeves\u00a0com\u00a0tamanho e espessura ideal para proteger suas cartas e\u00a0para ser usado junto aos inserts da Bucaneiros.<br \/>\nFeito de Polipropileno(PP) transparente de alta qualidade.<br \/>\nSem PVC.<br \/>\nN\u00e3o T\u00f3xico.<br \/>\nPacote com 100 unidades cada.<\/p>\n","protected":false},"excerpt":{"rendered":"<p>Fabrica\u00e7\u00e3o pr\u00f3pria. (Ind\u00fastria brasileira de acess\u00f3rios para card e board games) Sleeves\u00a0com\u00a0tamanho e espessura ideal para proteger suas cartas e\u00a0para ser usado junto aos inserts da Bucaneiros. Feito de Polipropileno(PP) transparente de alta qualidade. Sem PVC. N\u00e3o T\u00f3xico. Pacote com 100 unidades cada.<\/p>\n","protected":false},"featured_media":3344,"comment_status":"open","ping_status":"closed","template":"","meta":{"om_disable_all_campaigns":false,"_monsterinsights_skip_tracking":false,"_monsterinsights_sitenote_active":false,"_monsterinsights_sitenote_note":"","_monsterinsights_sitenote_category":0},"product_brand":[],"product_cat":[69],"product_tag":[],"class_list":{"0":"post-3357","1":"product","2":"type-product","3":"status-publish","4":"has-post-thumbnail","6":"product_cat-bucaneiros","8":"first","9":"instock","10":"shipping-taxable","11":"purchasable","12":"product-type-simple"},"aioseo_notices":[],"_links":{"self":[{"href":"https:\/\/gamemaster.net.br\/index.php?rest_route=\/wp\/v2\/product\/3357","targetHints":{"allow":["GET"]}}],"collection":[{"href":"https:\/\/gamemaster.net.br\/index.php?rest_route=\/wp\/v2\/product"}],"about":[{"href":"https:\/\/gamemaster.net.br\/index.php?rest_route=\/wp\/v2\/types\/product"}],"replies":[{"embeddable":true,"href":"https:\/\/gamemaster.net.br\/index.php?rest_route=%2Fwp%2Fv2%2Fcomments&post=3357"}],"wp:featuredmedia":[{"embeddable":true,"href":"https:\/\/gamemaster.net.br\/index.php?rest_route=\/wp\/v2\/media\/3344"}],"wp:attachment":[{"href":"https:\/\/gamemaster.net.br\/index.php?rest_route=%2Fwp%2Fv2%2Fmedia&parent=3357"}],"wp:term":[{"taxonomy":"product_brand","embeddable":true,"href":"https:\/\/gamemaster.net.br\/index.php?rest_route=%2Fwp%2Fv2%2Fproduct_brand&post=3357"},{"taxonomy":"product_cat","embeddable":true,"href":"https:\/\/gamemaster.net.br\/index.php?rest_route=%2Fwp%2Fv2%2Fproduct_cat&post=3357"},{"taxonomy":"product_tag","embeddable":true,"href":"https:\/\/gamemaster.net.br\/index.php?rest_route=%2Fwp%2Fv2%2Fproduct_tag&post=3357"}],"curies":[{"name":"wp","href":"https:\/\/api.w.org\/{rel}","templated":true}]}}