{"id":7670,"date":"2019-06-22T17:25:40","date_gmt":"2019-06-22T20:25:40","guid":{"rendered":"https:\/\/gamemaster.net.br\/?post_type=product&#038;p=7670"},"modified":"2023-04-18T10:09:36","modified_gmt":"2023-04-18T13:09:36","slug":"dragon-ball-35","status":"publish","type":"product","link":"https:\/\/gamemaster.net.br\/?product=dragon-ball-35","title":{"rendered":"Dragon Ball 35"},"content":{"rendered":"<p><img decoding=\"async\" class=\"_1ift _2560 img\" src=\"https:\/\/static.xx.fbcdn.net\/images\/emoji.php\/v9\/t54\/1.5\/16\/1f5e3.png\" alt=\"\ud83d\udde3\" \/>Caracter\u00edsticas:<br \/>\n<img decoding=\"async\" class=\"_1ift _2560 img\" src=\"https:\/\/static.xx.fbcdn.net\/images\/emoji.php\/v9\/t37\/1.5\/16\/1f95b.png\" alt=\"\ud83e\udd5b\" \/> Capacidade aprox.: 325 ml.<br \/>\n<img decoding=\"async\" class=\"_1ift _2560 img\" src=\"https:\/\/static.xx.fbcdn.net\/images\/emoji.php\/v9\/tf1\/1.5\/16\/1f4d0.png\" alt=\"\ud83d\udcd0\" \/> Di\u00e2metro: 8,5 cm.<br \/>\n<img decoding=\"async\" class=\"_1ift _2560 img\" src=\"https:\/\/static.xx.fbcdn.net\/images\/emoji.php\/v9\/t88\/1.5\/16\/1f4cf.png\" alt=\"\ud83d\udccf\" \/> Altura 9,5 cm.<br \/>\n<img decoding=\"async\" class=\"_1ift _2560 img\" src=\"https:\/\/static.xx.fbcdn.net\/images\/emoji.php\/v9\/t88\/1.5\/16\/1f4cf.png\" alt=\"\ud83d\udccf\" \/> Largura (contando com a al\u00e7a) 12cm.<br \/>\n<img decoding=\"async\" class=\"_1ift _2560 img\" src=\"https:\/\/static.xx.fbcdn.net\/images\/emoji.php\/v9\/t18\/1.5\/16\/2615.png\" alt=\"\u2615\" \/> Porcelana branca com qualidade AAA+ e impress\u00e3o em alta resolu\u00e7\u00e3o.<br \/>\n<img decoding=\"async\" class=\"_1ift _2560 img\" src=\"https:\/\/static.xx.fbcdn.net\/images\/emoji.php\/v9\/t23\/1.5\/16\/1f321.png\" alt=\"\ud83c\udf21\" \/> Resistente a micro-ondas, n\u00e3o trinca e nem desbota.<\/p>\n<p><img decoding=\"async\" class=\"_1ift _2560 img\" src=\"https:\/\/static.xx.fbcdn.net\/images\/emoji.php\/v9\/t63\/1.5\/16\/26a0.png\" alt=\"\u26a0\" \/>ATEN\u00c7\u00c3O<img decoding=\"async\" class=\"_1ift _2560 img\" src=\"https:\/\/static.xx.fbcdn.net\/images\/emoji.php\/v9\/t63\/1.5\/16\/26a0.png\" alt=\"\u26a0\" \/><br \/>\n<img decoding=\"async\" class=\"_1ift _2560 img\" src=\"https:\/\/static.xx.fbcdn.net\/images\/emoji.php\/v9\/t1d\/1.5\/16\/1f6a7.png\" alt=\"\ud83d\udea7\" \/>Cuidados com o Produto.<img decoding=\"async\" class=\"_1ift _2560 img\" src=\"https:\/\/static.xx.fbcdn.net\/images\/emoji.php\/v9\/t1d\/1.5\/16\/1f6a7.png\" alt=\"\ud83d\udea7\" \/><\/p>\n<p><img decoding=\"async\" class=\"_1ift _2560 img\" src=\"https:\/\/static.xx.fbcdn.net\/images\/emoji.php\/v9\/td3\/1.5\/16\/25aa.png\" alt=\"\u25aa\" \/><strong> A caneca possui uma parte sem estampa pr\u00f3ximo a al\u00e7a da caneca, pois n\u00e3o \u00e9 poss\u00edvel estampar nessa \u00e1rea<\/strong>.<br \/>\n<img decoding=\"async\" class=\"_1ift _2560 img\" src=\"https:\/\/static.xx.fbcdn.net\/images\/emoji.php\/v9\/td3\/1.5\/16\/25aa.png\" alt=\"\u25aa\" \/> A tonalidade das cores podem variar entre monitores e telas de celular.<br \/>\n<img decoding=\"async\" class=\"_1ift _2560 img\" src=\"https:\/\/static.xx.fbcdn.net\/images\/emoji.php\/v9\/td3\/1.5\/16\/25aa.png\" alt=\"\u25aa\" \/> Lavar com \u00e1gua, sab\u00e3o neutro e uma esponja macia.<br \/>\n<img decoding=\"async\" class=\"_1ift _2560 img\" src=\"https:\/\/static.xx.fbcdn.net\/images\/emoji.php\/v9\/td3\/1.5\/16\/25aa.png\" alt=\"\u25aa\" \/> N\u00e3o utilize produtos abrasivos na limpeza.<br \/>\n<img decoding=\"async\" class=\"_1ift _2560 img\" src=\"https:\/\/static.xx.fbcdn.net\/images\/emoji.php\/v9\/td3\/1.5\/16\/25aa.png\" alt=\"\u25aa\" \/> Impactos podem danificar o produto.<br \/>\n<img decoding=\"async\" class=\"_1ift _2560 img\" src=\"https:\/\/static.xx.fbcdn.net\/images\/emoji.php\/v9\/td3\/1.5\/16\/25aa.png\" alt=\"\u25aa\" \/> Pode ser levada ao micro-ondas e \u00e0 lava-lou\u00e7as.<\/p>\n","protected":false},"excerpt":{"rendered":"<p>Caracter\u00edsticas: Capacidade aprox.: 325 ml. Di\u00e2metro: 8,5 cm. Altura 9,5 cm. Largura (contando com a al\u00e7a) 12cm. Porcelana branca com qualidade AAA+ e impress\u00e3o em alta resolu\u00e7\u00e3o. Resistente a micro-ondas, n\u00e3o trinca e nem desbota. ATEN\u00c7\u00c3O Cuidados com o Produto. A caneca possui uma parte sem estampa pr\u00f3ximo a al\u00e7a da caneca, pois n\u00e3o \u00e9 [&hellip;]<\/p>\n","protected":false},"featured_media":6686,"comment_status":"open","ping_status":"closed","template":"","meta":{"om_disable_all_campaigns":false,"_monsterinsights_skip_tracking":false,"_monsterinsights_sitenote_active":false,"_monsterinsights_sitenote_note":"","_monsterinsights_sitenote_category":0},"product_brand":[],"product_cat":[15],"product_tag":[],"class_list":{"0":"post-7670","1":"product","2":"type-product","3":"status-publish","4":"has-post-thumbnail","6":"product_cat-sem-categoria","8":"first","9":"outofstock","10":"shipping-taxable","11":"purchasable","12":"product-type-simple"},"aioseo_notices":[],"_links":{"self":[{"href":"https:\/\/gamemaster.net.br\/index.php?rest_route=\/wp\/v2\/product\/7670","targetHints":{"allow":["GET"]}}],"collection":[{"href":"https:\/\/gamemaster.net.br\/index.php?rest_route=\/wp\/v2\/product"}],"about":[{"href":"https:\/\/gamemaster.net.br\/index.php?rest_route=\/wp\/v2\/types\/product"}],"replies":[{"embeddable":true,"href":"https:\/\/gamemaster.net.br\/index.php?rest_route=%2Fwp%2Fv2%2Fcomments&post=7670"}],"wp:featuredmedia":[{"embeddable":true,"href":"https:\/\/gamemaster.net.br\/index.php?rest_route=\/wp\/v2\/media\/6686"}],"wp:attachment":[{"href":"https:\/\/gamemaster.net.br\/index.php?rest_route=%2Fwp%2Fv2%2Fmedia&parent=7670"}],"wp:term":[{"taxonomy":"product_brand","embeddable":true,"href":"https:\/\/gamemaster.net.br\/index.php?rest_route=%2Fwp%2Fv2%2Fproduct_brand&post=7670"},{"taxonomy":"product_cat","embeddable":true,"href":"https:\/\/gamemaster.net.br\/index.php?rest_route=%2Fwp%2Fv2%2Fproduct_cat&post=7670"},{"taxonomy":"product_tag","embeddable":true,"href":"https:\/\/gamemaster.net.br\/index.php?rest_route=%2Fwp%2Fv2%2Fproduct_tag&post=7670"}],"curies":[{"name":"wp","href":"https:\/\/api.w.org\/{rel}","templated":true}]}}