{"id":9683,"date":"2019-07-26T12:56:57","date_gmt":"2019-07-26T15:56:57","guid":{"rendered":"https:\/\/gamemaster.net.br\/?post_type=product&#038;p=9683"},"modified":"2022-11-22T08:53:05","modified_gmt":"2022-11-22T11:53:05","slug":"standard-verde","status":"publish","type":"product","link":"https:\/\/gamemaster.net.br\/?product=standard-verde","title":{"rendered":"Standard &#8211; Verde"},"content":{"rendered":"<p>O melhor Sleeve em rela\u00e7\u00e3o a custo benef\u00edcio dispon\u00edvel no mercado, o Shield \u00e9 a primeira iniciativa daem trazer um material de qualidade e pre\u00e7os acess\u00edveis! <strong>A qualidade se equipara com os sleeves da Ultra Pro!<\/strong><\/p>\n<p><strong>Tamanho 66x91mm<br \/>\nTodos os sleeves s\u00e3o completamente livras de PVC.<br \/>\nCont\u00e9m 100 sleeves por caixa.<\/strong><\/p>\n","protected":false},"excerpt":{"rendered":"<p>O melhor Sleeve em rela\u00e7\u00e3o a custo benef\u00edcio dispon\u00edvel no mercado, o Shield \u00e9 a primeira iniciativa daem trazer um material de qualidade e pre\u00e7os acess\u00edveis! A qualidade se equipara com os sleeves da Ultra Pro! Tamanho 66x91mm Todos os sleeves s\u00e3o completamente livras de PVC. Cont\u00e9m 100 sleeves por caixa.<\/p>\n","protected":false},"featured_media":9689,"comment_status":"open","ping_status":"closed","template":"","meta":{"om_disable_all_campaigns":false,"_monsterinsights_skip_tracking":false,"_monsterinsights_sitenote_active":false,"_monsterinsights_sitenote_note":"","_monsterinsights_sitenote_category":0},"product_brand":[],"product_cat":[107,106],"product_tag":[],"class_list":{"0":"post-9683","1":"product","2":"type-product","3":"status-publish","4":"has-post-thumbnail","6":"product_cat-central-shield","7":"product_cat-sleeves-e-acessorios","9":"first","10":"instock","11":"shipping-taxable","12":"purchasable","13":"product-type-simple"},"aioseo_notices":[],"_links":{"self":[{"href":"https:\/\/gamemaster.net.br\/index.php?rest_route=\/wp\/v2\/product\/9683","targetHints":{"allow":["GET"]}}],"collection":[{"href":"https:\/\/gamemaster.net.br\/index.php?rest_route=\/wp\/v2\/product"}],"about":[{"href":"https:\/\/gamemaster.net.br\/index.php?rest_route=\/wp\/v2\/types\/product"}],"replies":[{"embeddable":true,"href":"https:\/\/gamemaster.net.br\/index.php?rest_route=%2Fwp%2Fv2%2Fcomments&post=9683"}],"wp:featuredmedia":[{"embeddable":true,"href":"https:\/\/gamemaster.net.br\/index.php?rest_route=\/wp\/v2\/media\/9689"}],"wp:attachment":[{"href":"https:\/\/gamemaster.net.br\/index.php?rest_route=%2Fwp%2Fv2%2Fmedia&parent=9683"}],"wp:term":[{"taxonomy":"product_brand","embeddable":true,"href":"https:\/\/gamemaster.net.br\/index.php?rest_route=%2Fwp%2Fv2%2Fproduct_brand&post=9683"},{"taxonomy":"product_cat","embeddable":true,"href":"https:\/\/gamemaster.net.br\/index.php?rest_route=%2Fwp%2Fv2%2Fproduct_cat&post=9683"},{"taxonomy":"product_tag","embeddable":true,"href":"https:\/\/gamemaster.net.br\/index.php?rest_route=%2Fwp%2Fv2%2Fproduct_tag&post=9683"}],"curies":[{"name":"wp","href":"https:\/\/api.w.org\/{rel}","templated":true}]}}